{"id":230,"date":"2020-04-21T21:48:33","date_gmt":"2020-04-21T19:48:33","guid":{"rendered":"http:\/\/test.erl-braeu.de\/?page_id=230"},"modified":"2026-04-09T14:05:04","modified_gmt":"2026-04-09T12:05:04","slug":"bierquellen","status":"publish","type":"page","link":"https:\/\/www.erl-braeu.de\/brauerei\/bierquellen\/","title":{"rendered":"Unsere Bierquellen"},"content":{"rendered":"<div class=\"wpb-content-wrapper\"><p>[vc_row css_animation=&#8220;&#8220; row_type=&#8220;row&#8220; use_row_as_full_screen_section=&#8220;no&#8220; type=&#8220;full_width&#8220; angled_section=&#8220;no&#8220; text_align=&#8220;center&#8220; background_image_as_pattern=&#8220;without_pattern&#8220; z_index=&#8220;&#8220;][vc_column][vc_column_text css=&#8220;&#8220;]<\/p>\n<h2>Hier gibt&#8217;s ERLiche Ware!<\/h2>\n<p>[\/vc_column_text][vc_empty_space][vc_zigzag css_animation=&#8220;zoomIn&#8220;][vc_empty_space][\/vc_column][\/vc_row][vc_row css_animation=&#8220;&#8220; row_type=&#8220;row&#8220; use_row_as_full_screen_section=&#8220;no&#8220; type=&#8220;full_width&#8220; angled_section=&#8220;no&#8220; text_align=&#8220;left&#8220; background_image_as_pattern=&#8220;without_pattern&#8220;][vc_column css_animation=&#8220;zoomIn&#8220; width=&#8220;1\/3&#8243;][vc_column_text css=&#8220;&#8220;]<\/p>\n<h3>Gastronomie, Firmen, Vereine und Handel:<\/h3>\n<p>[\/vc_column_text][vc_empty_space height=&#8220;16px&#8220;][vc_column_text css=&#8220;&#8220;]<\/p>\n<h4>Getr\u00e4nkemarkt-\u00dcbersicht f\u00fcr Niederbayern, Oberbayern und die Oberpfalz.<\/h4>\n<p>[\/vc_column_text][vc_empty_space height=&#8220;16px&#8220;][\/vc_column][vc_column css_animation=&#8220;zoomIn&#8220; width=&#8220;2\/3&#8243;][vc_column_text css=&#8220;&#8220;]Unsere Erlk\u00f6nig-Biere finden Sie in einer Vielzahl von Gastst\u00e4tten, Getr\u00e4nkem\u00e4rkten und im Lebensmittelhandel in Niederbayern und der Oberpfalz sowie in den angrenzenden Regionen. Wir informieren Sie gerne \u00fcber den n\u00e4chstgelegenen Getr\u00e4nkemarkt<strong>, die beste \u00dcbersicht erhalten Sie auf unserer <span style=\"color: #026b30;\"><a href=\"https:\/\/www.erl-braeu.de\/brauerei\/bierlandkarte\/\">BiERLandkarte<\/a> <a style=\"color: #026b30;\" href=\"https:\/\/www.erl-braeu.de\/brauerei\/bierlandkarte\/\">hier<\/a><\/span><\/strong>. Viel Spa\u00df mit unseren Erlk\u00f6nig-Bieren auch in der Ferne![\/vc_column_text][vc_empty_space height=&#8220;16px&#8220;][vc_column_text css=&#8220;&#8220;]Benutzen Sie als Neukunde bitte unser <a href=\"https:\/\/www.erl-braeu.de\/brauerei\/kontakt\/\" target=\"_blank\" rel=\"noopener noreferrer\"><strong>Kontaktformular<\/strong><\/a>, wir informieren Sie gerne \u00fcber alle M\u00f6glichkeiten. Wiederbestellungen f\u00fcr Lieferservice und Heimdienst bitte bis sp\u00e4testens 12 Uhr mittags per <strong><a href=\"https:\/\/www.erl-braeu.de\/brauerei\/bestellung\/\" rel=\"\">Bestellformular<\/a><\/strong>.[\/vc_column_text][\/vc_column][\/vc_row][vc_row css_animation=&#8220;&#8220; row_type=&#8220;row&#8220; use_row_as_full_screen_section=&#8220;no&#8220; type=&#8220;full_width&#8220; angled_section=&#8220;no&#8220; text_align=&#8220;left&#8220; background_image_as_pattern=&#8220;without_pattern&#8220;][vc_column][vc_empty_space][vc_zigzag css_animation=&#8220;zoomIn&#8220;][vc_empty_space][\/vc_column][\/vc_row][vc_row css_animation=&#8220;&#8220; row_type=&#8220;row&#8220; use_row_as_full_screen_section=&#8220;no&#8220; type=&#8220;full_width&#8220; angled_section=&#8220;no&#8220; text_align=&#8220;left&#8220; background_image_as_pattern=&#8220;without_pattern&#8220;][vc_column css_animation=&#8220;zoomIn&#8220; width=&#8220;1\/3&#8243;][vc_column_text css=&#8220;&#8220;]<\/p>\n<h3>Das Beste zum Feste:<\/h3>\n<p>[\/vc_column_text][vc_empty_space height=&#8220;16px&#8220;][vc_column_text css=&#8220;&#8220;]<\/p>\n<h4>Vom Gartenfest \u00fcber die Vereinsfeier und Fahnenweihe bis zum G\u00e4ubodenvolksfest.<\/h4>\n<p>[\/vc_column_text][vc_empty_space height=&#8220;16px&#8220;][\/vc_column][vc_column css_animation=&#8220;zoomIn&#8220; width=&#8220;2\/3&#8243;][vc_column_text css=&#8220;&#8220;]Sie finden unsere Biere, allen voran das s\u00fcffige Erlk\u00f6nig Festbier, auf einer Vielzahl von Festen. Zu den H\u00f6hepunkten im Jahr z\u00e4hlen im Fr\u00fchjahr unser <strong>Bockbierfest<\/strong> in Geiselh\u00f6ring, im August das <strong>G\u00e4ubodenvolkfest <\/strong>in Straubing und im Herbst das <strong>Zwicklbierfest<\/strong> in unserem Brauereigasthof. Auf dem G\u00e4ubodenvolksfest, dem gr\u00f6\u00dften Volksfest in Bayern nach der M\u00fcnchner Wiesn, d\u00fcrfen wir das Festzelt der Familie Wenisch beliefern, die <a href=\"https:\/\/www.genussarena-wenisch.de\/\">Genuss-Arena mit Ochsenbraterei.<\/a>[\/vc_column_text][vc_empty_space height=&#8220;16px&#8220;][vc_column_text css=&#8220;&#8220;]Bei Interesse informieren wir Sie gerne \u00fcber unser umfangreiches Inventar mit Garnituren, K\u00fchlschr\u00e4nken, Schank- und K\u00fchlw\u00e4gen, Durchlaufk\u00fchlern, Sonnenschirmen und mehr. Wir bieten eine pers\u00f6nliche Betreuung kleiner und gro\u00dfer Feste aller Art. Dazu erstellen wir das dazu passende Angebot f\u00fcr Ihren Bedarf an Bier und alkoholfreien Getr\u00e4nken.[\/vc_column_text][vc_empty_space height=&#8220;16px&#8220;][vc_column_text css=&#8220;&#8220;]Schreiben Sie uns doch einfach Ihre Anfrage \u00fcber unser <a href=\"https:\/\/www.erl-braeu.de\/brauerei\/kontakt\/\" target=\"_blank\" rel=\"noopener noreferrer\"><strong>Kontaktformular<\/strong><\/a> und wir melden uns umgehend, oder rufen Sie uns unter der <strong>09423 \/ 9417 &#8211; 0<\/strong> an. Bitte \u00fcberlegen Sie sich erste Mengen f\u00fcr Getr\u00e4nke und Inventar. Wir beraten Sie dann gerne und schicken Ihnen ein Angebot. Besonders bei alkoholfreien Getr\u00e4nken gibt es eine ganze Auswahl an Arten und Gebindegr\u00f6\u00dfen.[\/vc_column_text][\/vc_column][\/vc_row][vc_row css_animation=&#8220;&#8220; row_type=&#8220;row&#8220; use_row_as_full_screen_section=&#8220;no&#8220; type=&#8220;full_width&#8220; angled_section=&#8220;no&#8220; text_align=&#8220;left&#8220; background_image_as_pattern=&#8220;without_pattern&#8220;][vc_column][vc_empty_space][vc_zigzag css_animation=&#8220;zoomIn&#8220;][vc_empty_space][\/vc_column][\/vc_row][vc_row css_animation=&#8220;&#8220; row_type=&#8220;row&#8220; use_row_as_full_screen_section=&#8220;no&#8220; type=&#8220;full_width&#8220; angled_section=&#8220;no&#8220; text_align=&#8220;left&#8220; background_image_as_pattern=&#8220;without_pattern&#8220;][vc_column css_animation=&#8220;zoomIn&#8220; width=&#8220;1\/3&#8243;][vc_column_text css=&#8220;&#8220;]<\/p>\n<h3>Bier und mehr ab Brauerei:<\/h3>\n<p>[\/vc_column_text][vc_empty_space height=&#8220;16px&#8220;][vc_column_text css=&#8220;&#8220;]<\/p>\n<h4>Im hauseigenen Getr\u00e4nkemarkt!<\/h4>\n<p>[\/vc_column_text][vc_empty_space height=&#8220;16px&#8220;][\/vc_column][vc_column css_animation=&#8220;zoomIn&#8220; width=&#8220;2\/3&#8243;][vc_column_text css=&#8220;&#8220;]<\/p>\n<div class=\"wpb_text_column wpb_content_element \">\n<div class=\"wpb_wrapper\">\n<p>Frisches Bier ab Brauerei und noch mehr Getr\u00e4nke (wie z. B. von Adelholzener, Labertaler, K\u00f6nig-Otto, Coca-Cola und S\u00e4fte der Privatkelterei Nagler) erhalten Sie in unserem <strong>hauseigenen Getr\u00e4nkemarkt<\/strong> direkt in unserer Brauerei im Zentrum Geiselh\u00f6rings. <strong>Bequem Getr\u00e4nke einkaufen dank \u00fcberdachtem dreispurigen Drive-in<\/strong>,\u00a0kurzen Wegen, direkter Pfandr\u00fccknahme und kontaktlosem Bezahlen mit EC. Au\u00dferdem immer kaltes Fassbier mit Zapfzeug erh\u00e4ltlich!<\/p>\n<\/div>\n<\/div>\n<p>[\/vc_column_text][vc_empty_space height=&#8220;16px&#8220;][vc_column_text css=&#8220;&#8220;]<strong>\u00d6ffnungszeiten:<\/strong><br \/>\nMo.-Fr.: 8.00-12.00 und 13.00-18.00 Uhr<br \/>\nSamstags: 8.00-12.00 Uhr[\/vc_column_text][vc_empty_space height=&#8220;16px&#8220;][vc_column_text css=&#8220;&#8220;]Straubinger Stra\u00dfe 8<br \/>\n94333 Geiselh\u00f6ring<\/p>\n<p><strong><a href=\"http:\/\/www.google.de\/url?sa=t&amp;rct=j&amp;q=&amp;esrc=s&amp;source=web&amp;cd=15&amp;cad=rja&amp;uact=8&amp;ved=0CIUBEPUXMA4&amp;url=%2Fmaps%2Fdir%2F''%2Fbrauerei%2Bludwig%2Berl%2Fdata%3D!4m5!4m4!1m0!1m2!1m1!1s0x47757d704c1d2973%3A0x7975816594e80a61&amp;ei=i2dvVNX0DszCPJCVgIAO&amp;usg=AFQjCNFmP6jWSG-mfASiTaUOWSAd1A5AYg&amp;bvm=bv.80185997,d.ZWU\">Anfahrtsberechnung<\/a><\/strong><\/p>\n<p>Einfahrt direkt gegen\u00fcber und neben Kamin Jungmayer extra ausgeschildert.[\/vc_column_text][\/vc_column][\/vc_row][vc_row css_animation=&#8220;&#8220; row_type=&#8220;row&#8220; use_row_as_full_screen_section=&#8220;no&#8220; type=&#8220;full_width&#8220; angled_section=&#8220;no&#8220; text_align=&#8220;left&#8220; background_image_as_pattern=&#8220;without_pattern&#8220;][vc_column][vc_empty_space][vc_zigzag css_animation=&#8220;zoomIn&#8220;][vc_empty_space][\/vc_column][\/vc_row][vc_row css_animation=&#8220;&#8220; row_type=&#8220;row&#8220; use_row_as_full_screen_section=&#8220;no&#8220; type=&#8220;full_width&#8220; angled_section=&#8220;no&#8220; text_align=&#8220;left&#8220; background_image_as_pattern=&#8220;without_pattern&#8220;][vc_column css_animation=&#8220;zoomIn&#8220; width=&#8220;1\/3&#8243;][vc_column_text css=&#8220;&#8220;]<\/p>\n<h3>Lieferung privat nach Hause:<\/h3>\n<p>[\/vc_column_text][vc_empty_space height=&#8220;16px&#8220;][vc_column_text css=&#8220;&#8220;]<\/p>\n<h4>Mit Heimdienst und Bierdahoam.de<\/h4>\n<p>[\/vc_column_text][vc_empty_space height=&#8220;16px&#8220;][vc_single_image image=&#8220;16557&#8243; img_size=&#8220;large&#8220; qode_css_animation=&#8220;&#8220;][\/vc_column][vc_column css_animation=&#8220;zoomIn&#8220; width=&#8220;2\/3&#8243;][vc_column_text css=&#8220;&#8220;]Unser gesamtes Biersortiment und das alkoholfreie Sortiment unserer Partner\u00a0 (wie z. B. von Adelholzener, Labertaler, K\u00f6nig-Otto, Coca-Cola und S\u00e4fte der Privatkelterei Nagler) bringen wir Ihnen auch gerne <strong>bequem nach Hause<\/strong>. Mit unserem neuen regionalen Getr\u00e4nke-Lieferservice <strong><a href=\"https:\/\/www.bierdahoam.de\/\" target=\"_blank\" rel=\"noopener noreferrer\">Bierdahoam.de<\/a><\/strong> nach Geiselh\u00f6ring, Straubing und Regensburg oder mit unserem klassischen <strong>Heimdienst<\/strong> in Geiselh\u00f6ring und Umgebung. Der ProbierPackERL-Versand ist leider nicht mehr verf\u00fcgbar![\/vc_column_text][vc_empty_space height=&#8220;16px&#8220;][vc_column_text css=&#8220;&#8220;]F\u00fcr Bestellungen \u00fcber unseren <strong>Heimdienst<\/strong> benutzen Sie bitte unser <strong><a href=\"https:\/\/www.erl-braeu.de\/brauerei\/bestellung\/\">Bestellformular<\/a> <\/strong>an. \u00dcber <strong><a href=\"https:\/\/www.bierdahoam.de\/\" target=\"_blank\" rel=\"noopener noreferrer\">Bierdahoam.de<\/a><\/strong> sehen Sie unser Getr\u00e4nkesortiment und k\u00f6nnen auch au\u00dferhalb der Gemeinde bequem <strong>online bestellen und bezahlen<\/strong>.[\/vc_column_text][\/vc_column][\/vc_row][vc_row css_animation=&#8220;&#8220; row_type=&#8220;row&#8220; use_row_as_full_screen_section=&#8220;no&#8220; type=&#8220;full_width&#8220; angled_section=&#8220;no&#8220; text_align=&#8220;left&#8220; background_image_as_pattern=&#8220;without_pattern&#8220;][vc_column][vc_empty_space][vc_zigzag css_animation=&#8220;zoomIn&#8220;][vc_empty_space][\/vc_column][\/vc_row][vc_row css_animation=&#8220;&#8220; row_type=&#8220;row&#8220; use_row_as_full_screen_section=&#8220;no&#8220; type=&#8220;full_width&#8220; angled_section=&#8220;no&#8220; text_align=&#8220;left&#8220; background_image_as_pattern=&#8220;without_pattern&#8220;][vc_column css_animation=&#8220;zoomIn&#8220; width=&#8220;1\/3&#8243;][vc_column_text css=&#8220;&#8220;]<\/p>\n<h3>Versand in die Ferne:<\/h3>\n<p>[\/vc_column_text][vc_empty_space height=&#8220;16px&#8220;][vc_column_text css=&#8220;&#8220;]<\/p>\n<h4>Mit dem Biershop Bayern f\u00fcr frei w\u00e4hlbare Pakete und Bierdahoam.de f\u00fcr unseren Versand von fertigen Probierpaketen.<\/h4>\n<p>[\/vc_column_text][vc_empty_space height=&#8220;16px&#8220;][\/vc_column][vc_column css_animation=&#8220;zoomIn&#8220; width=&#8220;2\/3&#8243;][vc_column_text css=&#8220;&#8220;]Bequem aus der Ferne bestellen k\u00f6nnen Sie \u00fcber den <strong>Biershop Bayern<\/strong>, hier erhalten Sie Mengen von 9 oder 18 Flaschen per Paketdienst zugestellt! Wir versenden alle Erlk\u00f6nig Biere frisch ab Brauerei, lediglich die Abwicklung und Bezahlung erfolgt \u00fcber den Biershop Bayern! <strong><a href=\"http:\/\/www.biershop-bayern.de\/ostbayern\/erlbraeu.html\" target=\"_blank\" rel=\"noopener noreferrer\">Hier gehts zur Bestellseite!<\/a><\/strong>[\/vc_column_text][vc_empty_space height=&#8220;16px&#8220;][vc_column_text css=&#8220;&#8220;]Speziell f\u00fcr Verkostungen und <strong>Probierpakete<\/strong> haben wir au\u00dferdem einen Probierpaket-Versand auf <strong><a href=\"https:\/\/www.bierdahoam.de\/Versand\/\" target=\"_blank\" rel=\"noopener noreferrer\">Bierdahoam.de<\/a><\/strong> eingerichtet. Dort k\u00f6nnen Sie bequem <strong>online bestellen und wir schicken a frisches PackERL ab Brauerei an alle per DPD\/DHL erreichbaren Adressen in Deutschland<\/strong>. Optimal f\u00fcr Verkostungen mit Freunden und Kollegen oder als Geschenk![\/vc_column_text][\/vc_column][\/vc_row][vc_row css_animation=&#8220;&#8220; row_type=&#8220;row&#8220; use_row_as_full_screen_section=&#8220;no&#8220; type=&#8220;full_width&#8220; angled_section=&#8220;no&#8220; text_align=&#8220;left&#8220; background_image_as_pattern=&#8220;without_pattern&#8220;][vc_column][vc_empty_space][\/vc_column][\/vc_row]<\/p>\n<\/div>","protected":false},"excerpt":{"rendered":"<p>[vc_row css_animation=&#8220;&#8220; row_type=&#8220;row&#8220; use_row_as_full_screen_section=&#8220;no&#8220; type=&#8220;full_width&#8220; angled_section=&#8220;no&#8220; text_align=&#8220;center&#8220; background_image_as_pattern=&#8220;without_pattern&#8220; z_index=&#8220;&#8220;][vc_column][vc_column_text css=&#8220;&#8220;] Hier gibt&#8217;s ERLiche Ware! [\/vc_column_text][vc_empty_space][vc_zigzag css_animation=&#8220;zoomIn&#8220;][vc_empty_space][\/vc_column][\/vc_row][vc_row css_animation=&#8220;&#8220; row_type=&#8220;row&#8220; use_row_as_full_screen_section=&#8220;no&#8220; type=&#8220;full_width&#8220; angled_section=&#8220;no&#8220; text_align=&#8220;left&#8220; background_image_as_pattern=&#8220;without_pattern&#8220;][vc_column css_animation=&#8220;zoomIn&#8220; width=&#8220;1\/3&#8243;][vc_column_text css=&#8220;&#8220;] Gastronomie, Firmen, Vereine und Handel: [\/vc_column_text][vc_empty_space height=&#8220;16px&#8220;][vc_column_text css=&#8220;&#8220;] Getr\u00e4nkemarkt-\u00dcbersicht f\u00fcr Niederbayern, Oberbayern und die Oberpfalz. [\/vc_column_text][vc_empty_space height=&#8220;16px&#8220;][\/vc_column][vc_column css_animation=&#8220;zoomIn&#8220; width=&#8220;2\/3&#8243;][vc_column_text&#8230;<\/p>\n","protected":false},"author":1,"featured_media":0,"parent":0,"menu_order":0,"comment_status":"closed","ping_status":"closed","template":"","meta":{"footnotes":""},"class_list":["post-230","page","type-page","status-publish","hentry"],"yoast_head":"<!-- This site is optimized with the Yoast SEO plugin v27.3 - https:\/\/yoast.com\/product\/yoast-seo-wordpress\/ -->\n<title>Bierquellen | Erlk\u00f6nig Bier kaufen &amp; bestellen<\/title>\n<meta name=\"description\" content=\"Erlk\u00f6nig Bier ab Brauerei, per Heimdienst, Bierdahoam oder Versand. Getr\u00e4nkemarkt in Geiselh\u00f6ring Mo\u2013Fr 8\u201318, Sa 8\u201312 Uhr.\" \/>\n<meta name=\"robots\" content=\"index, follow, max-snippet:-1, max-image-preview:large, max-video-preview:-1\" \/>\n<link rel=\"canonical\" href=\"https:\/\/www.erl-braeu.de\/brauerei\/bierquellen\/\" \/>\n<meta property=\"og:locale\" content=\"de_DE\" \/>\n<meta property=\"og:type\" content=\"article\" \/>\n<meta property=\"og:title\" content=\"Bierquellen | Erlk\u00f6nig Bier kaufen &amp; bestellen\" \/>\n<meta property=\"og:description\" content=\"Erlk\u00f6nig Bier ab Brauerei, per Heimdienst, Bierdahoam oder Versand. Getr\u00e4nkemarkt in Geiselh\u00f6ring Mo\u2013Fr 8\u201318, Sa 8\u201312 Uhr.\" \/>\n<meta property=\"og:url\" content=\"https:\/\/www.erl-braeu.de\/brauerei\/bierquellen\/\" \/>\n<meta property=\"og:site_name\" content=\"ERL-Br\u00e4u\" \/>\n<meta property=\"article:publisher\" content=\"https:\/\/www.facebook.com\/erl.braeu\/\" \/>\n<meta property=\"article:modified_time\" content=\"2026-04-09T12:05:04+00:00\" \/>\n<meta property=\"og:image\" content=\"https:\/\/i0.wp.com\/www.erl-braeu.de\/brauerei\/wp-content\/uploads\/2020\/05\/200513_Bierdahoam.jpg?fit=500%2C500&ssl=1\" \/>\n\t<meta property=\"og:image:width\" content=\"500\" \/>\n\t<meta property=\"og:image:height\" content=\"500\" \/>\n\t<meta property=\"og:image:type\" content=\"image\/jpeg\" \/>\n<meta name=\"twitter:card\" content=\"summary_large_image\" \/>\n<meta name=\"twitter:label1\" content=\"Gesch\u00e4tzte Lesezeit\" \/>\n\t<meta name=\"twitter:data1\" content=\"5\u00a0Minuten\" \/>\n<script type=\"application\/ld+json\" class=\"yoast-schema-graph\">{\"@context\":\"https:\\\/\\\/schema.org\",\"@graph\":[{\"@type\":\"WebPage\",\"@id\":\"https:\\\/\\\/www.erl-braeu.de\\\/brauerei\\\/bierquellen\\\/\",\"url\":\"https:\\\/\\\/www.erl-braeu.de\\\/brauerei\\\/bierquellen\\\/\",\"name\":\"Bierquellen | Erlk\u00f6nig Bier kaufen & bestellen\",\"isPartOf\":{\"@id\":\"https:\\\/\\\/www.erl-braeu.de\\\/brauerei\\\/#website\"},\"datePublished\":\"2020-04-21T19:48:33+00:00\",\"dateModified\":\"2026-04-09T12:05:04+00:00\",\"description\":\"Erlk\u00f6nig Bier ab Brauerei, per Heimdienst, Bierdahoam oder Versand. Getr\u00e4nkemarkt in Geiselh\u00f6ring Mo\u2013Fr 8\u201318, Sa 8\u201312 Uhr.\",\"inLanguage\":\"de\",\"potentialAction\":[{\"@type\":\"ReadAction\",\"target\":[\"https:\\\/\\\/www.erl-braeu.de\\\/brauerei\\\/bierquellen\\\/\"]}]},{\"@type\":\"WebSite\",\"@id\":\"https:\\\/\\\/www.erl-braeu.de\\\/brauerei\\\/#website\",\"url\":\"https:\\\/\\\/www.erl-braeu.de\\\/brauerei\\\/\",\"name\":\"ERL-Br\u00e4u\",\"description\":\"Der landfrische Biergenuss - Erlk\u00f6nig seit 1871\",\"publisher\":{\"@id\":\"https:\\\/\\\/www.erl-braeu.de\\\/brauerei\\\/#organization\"},\"potentialAction\":[{\"@type\":\"SearchAction\",\"target\":{\"@type\":\"EntryPoint\",\"urlTemplate\":\"https:\\\/\\\/www.erl-braeu.de\\\/brauerei\\\/?s={search_term_string}\"},\"query-input\":{\"@type\":\"PropertyValueSpecification\",\"valueRequired\":true,\"valueName\":\"search_term_string\"}}],\"inLanguage\":\"de\"},{\"@type\":\"Organization\",\"@id\":\"https:\\\/\\\/www.erl-braeu.de\\\/brauerei\\\/#organization\",\"name\":\"Erl-Br\u00e4u GmbH & Co. KG\",\"url\":\"https:\\\/\\\/www.erl-braeu.de\",\"logo\":{\"@type\":\"ImageObject\",\"url\":\"https:\\\/\\\/www.erl-braeu.de\\\/brauerei\\\/wp-content\\\/uploads\\\/erl-braeu-logo.png\"},\"image\":\"https:\\\/\\\/www.erl-braeu.de\\\/brauerei\\\/wp-content\\\/uploads\\\/erl-braeu-logo.png\",\"sameAs\":[\"https:\\\/\\\/www.facebook.com\\\/erl.braeu\\\/\",\"https:\\\/\\\/www.instagram.com\\\/erl.braeu\\\/\",\"https:\\\/\\\/maps.google.com\\\/?cid=8752043724154341985\",\"https:\\\/\\\/de.wikipedia.org\\\/wiki\\\/Erl-Br%C3%A4u\"],\"legalName\":\"Erl-Br\u00e4u GmbH & Co. KG\",\"description\":\"Bayerische Privatbrauerei in Geiselh\u00f6ring. Handwerklich gebraute Erlk\u00f6nig-Biere seit 1871 \u2013 Hell, Weisse, Festbier, Imperator und mehr.\",\"foundingDate\":\"1871\",\"telephone\":\"+49942394170\",\"address\":{\"@type\":\"PostalAddress\",\"streetAddress\":\"Straubinger Stra\u00dfe 10\",\"addressLocality\":\"Geiselh\u00f6ring\",\"postalCode\":\"94333\",\"addressRegion\":\"BY\",\"addressCountry\":\"DE\"},\"contactPoint\":{\"@type\":\"ContactPoint\",\"telephone\":\"+49942394170\",\"contactType\":\"customer service\",\"availableLanguage\":\"de\",\"areaServed\":\"DE\"},\"knowsAbout\":[\"Bierbrauen\",\"Bayerisches Bier\",\"Hefeweizen\",\"Helles\",\"Doppelbock\",\"Festbier\",\"Privatbrauerei\",\"Bayerisches Reinheitsgebot\"],\"areaServed\":{\"@type\":\"AdministrativeArea\",\"name\":\"Niederbayern\"}}]}<\/script>\n<!-- \/ Yoast SEO plugin. -->","yoast_head_json":{"title":"Bierquellen | Erlk\u00f6nig Bier kaufen & bestellen","description":"Erlk\u00f6nig Bier ab Brauerei, per Heimdienst, Bierdahoam oder Versand. Getr\u00e4nkemarkt in Geiselh\u00f6ring Mo\u2013Fr 8\u201318, Sa 8\u201312 Uhr.","robots":{"index":"index","follow":"follow","max-snippet":"max-snippet:-1","max-image-preview":"max-image-preview:large","max-video-preview":"max-video-preview:-1"},"canonical":"https:\/\/www.erl-braeu.de\/brauerei\/bierquellen\/","og_locale":"de_DE","og_type":"article","og_title":"Bierquellen | Erlk\u00f6nig Bier kaufen & bestellen","og_description":"Erlk\u00f6nig Bier ab Brauerei, per Heimdienst, Bierdahoam oder Versand. Getr\u00e4nkemarkt in Geiselh\u00f6ring Mo\u2013Fr 8\u201318, Sa 8\u201312 Uhr.","og_url":"https:\/\/www.erl-braeu.de\/brauerei\/bierquellen\/","og_site_name":"ERL-Br\u00e4u","article_publisher":"https:\/\/www.facebook.com\/erl.braeu\/","article_modified_time":"2026-04-09T12:05:04+00:00","og_image":[{"width":500,"height":500,"url":"https:\/\/i0.wp.com\/www.erl-braeu.de\/brauerei\/wp-content\/uploads\/2020\/05\/200513_Bierdahoam.jpg?fit=500%2C500&ssl=1","type":"image\/jpeg"}],"twitter_card":"summary_large_image","twitter_misc":{"Gesch\u00e4tzte Lesezeit":"5\u00a0Minuten"},"schema":{"@context":"https:\/\/schema.org","@graph":[{"@type":"WebPage","@id":"https:\/\/www.erl-braeu.de\/brauerei\/bierquellen\/","url":"https:\/\/www.erl-braeu.de\/brauerei\/bierquellen\/","name":"Bierquellen | Erlk\u00f6nig Bier kaufen & bestellen","isPartOf":{"@id":"https:\/\/www.erl-braeu.de\/brauerei\/#website"},"datePublished":"2020-04-21T19:48:33+00:00","dateModified":"2026-04-09T12:05:04+00:00","description":"Erlk\u00f6nig Bier ab Brauerei, per Heimdienst, Bierdahoam oder Versand. Getr\u00e4nkemarkt in Geiselh\u00f6ring Mo\u2013Fr 8\u201318, Sa 8\u201312 Uhr.","inLanguage":"de","potentialAction":[{"@type":"ReadAction","target":["https:\/\/www.erl-braeu.de\/brauerei\/bierquellen\/"]}]},{"@type":"WebSite","@id":"https:\/\/www.erl-braeu.de\/brauerei\/#website","url":"https:\/\/www.erl-braeu.de\/brauerei\/","name":"ERL-Br\u00e4u","description":"Der landfrische Biergenuss - Erlk\u00f6nig seit 1871","publisher":{"@id":"https:\/\/www.erl-braeu.de\/brauerei\/#organization"},"potentialAction":[{"@type":"SearchAction","target":{"@type":"EntryPoint","urlTemplate":"https:\/\/www.erl-braeu.de\/brauerei\/?s={search_term_string}"},"query-input":{"@type":"PropertyValueSpecification","valueRequired":true,"valueName":"search_term_string"}}],"inLanguage":"de"},{"@type":"Organization","@id":"https:\/\/www.erl-braeu.de\/brauerei\/#organization","name":"Erl-Br\u00e4u GmbH & Co. KG","url":"https:\/\/www.erl-braeu.de","logo":{"@type":"ImageObject","url":"https:\/\/www.erl-braeu.de\/brauerei\/wp-content\/uploads\/erl-braeu-logo.png"},"image":"https:\/\/www.erl-braeu.de\/brauerei\/wp-content\/uploads\/erl-braeu-logo.png","sameAs":["https:\/\/www.facebook.com\/erl.braeu\/","https:\/\/www.instagram.com\/erl.braeu\/","https:\/\/maps.google.com\/?cid=8752043724154341985","https:\/\/de.wikipedia.org\/wiki\/Erl-Br%C3%A4u"],"legalName":"Erl-Br\u00e4u GmbH & Co. KG","description":"Bayerische Privatbrauerei in Geiselh\u00f6ring. Handwerklich gebraute Erlk\u00f6nig-Biere seit 1871 \u2013 Hell, Weisse, Festbier, Imperator und mehr.","foundingDate":"1871","telephone":"+49942394170","address":{"@type":"PostalAddress","streetAddress":"Straubinger Stra\u00dfe 10","addressLocality":"Geiselh\u00f6ring","postalCode":"94333","addressRegion":"BY","addressCountry":"DE"},"contactPoint":{"@type":"ContactPoint","telephone":"+49942394170","contactType":"customer service","availableLanguage":"de","areaServed":"DE"},"knowsAbout":["Bierbrauen","Bayerisches Bier","Hefeweizen","Helles","Doppelbock","Festbier","Privatbrauerei","Bayerisches Reinheitsgebot"],"areaServed":{"@type":"AdministrativeArea","name":"Niederbayern"}}]}},"jetpack-related-posts":[],"jetpack_sharing_enabled":true,"_links":{"self":[{"href":"https:\/\/www.erl-braeu.de\/brauerei\/wp-json\/wp\/v2\/pages\/230","targetHints":{"allow":["GET"]}}],"collection":[{"href":"https:\/\/www.erl-braeu.de\/brauerei\/wp-json\/wp\/v2\/pages"}],"about":[{"href":"https:\/\/www.erl-braeu.de\/brauerei\/wp-json\/wp\/v2\/types\/page"}],"author":[{"embeddable":true,"href":"https:\/\/www.erl-braeu.de\/brauerei\/wp-json\/wp\/v2\/users\/1"}],"replies":[{"embeddable":true,"href":"https:\/\/www.erl-braeu.de\/brauerei\/wp-json\/wp\/v2\/comments?post=230"}],"version-history":[{"count":8,"href":"https:\/\/www.erl-braeu.de\/brauerei\/wp-json\/wp\/v2\/pages\/230\/revisions"}],"predecessor-version":[{"id":19298,"href":"https:\/\/www.erl-braeu.de\/brauerei\/wp-json\/wp\/v2\/pages\/230\/revisions\/19298"}],"wp:attachment":[{"href":"https:\/\/www.erl-braeu.de\/brauerei\/wp-json\/wp\/v2\/media?parent=230"}],"curies":[{"name":"wp","href":"https:\/\/api.w.org\/{rel}","templated":true}]}}