{"id":226,"date":"2020-04-21T21:44:42","date_gmt":"2020-04-21T19:44:42","guid":{"rendered":"http:\/\/test.erl-braeu.de\/?page_id=226"},"modified":"2026-04-09T13:13:25","modified_gmt":"2026-04-09T11:13:25","slug":"ueberuns","status":"publish","type":"page","link":"https:\/\/www.erl-braeu.de\/brauerei\/ueberuns\/","title":{"rendered":"Unsere Brauerei"},"content":{"rendered":"<div class=\"wpb-content-wrapper\"><p>[vc_row css_animation=&#8220;&#8220; row_type=&#8220;row&#8220; use_row_as_full_screen_section=&#8220;no&#8220; type=&#8220;full_width&#8220; angled_section=&#8220;no&#8220; text_align=&#8220;center&#8220; background_image_as_pattern=&#8220;without_pattern&#8220; z_index=&#8220;&#8220;][vc_column][vc_column_text css=&#8220;&#8220;]<\/p>\n<h2>Alles braucht seine Zeit: ein gutes Bier zu brauen ebenso wie ein gutes Bier zu genie\u00dfen!<\/h2>\n<p>[\/vc_column_text][vc_empty_space][vc_zigzag][vc_empty_space][\/vc_column][\/vc_row][vc_row css_animation=&#8220;&#8220; row_type=&#8220;row&#8220; use_row_as_full_screen_section=&#8220;no&#8220; type=&#8220;full_width&#8220; angled_section=&#8220;no&#8220; text_align=&#8220;left&#8220; background_image_as_pattern=&#8220;without_pattern&#8220;][vc_column][vc_column_text css=&#8220;&#8220;]Hinter dieser Brauphilosophie steht in unserer Landbrauerei bereits die sechste Braumeistergeneration. Seit 1871 pflegen wir in Geiselh\u00f6ring, Niederbayern, mit handverlesenen Zutaten und traditionellen Verfahren das bayerische Brauhandwerk und eine lebendige Bierkultur.<br data-start=\"476\" data-end=\"479\" \/>Wir, <strong data-start=\"484\" data-end=\"508\">Ludwig und Josef Erl<\/strong>, brauen gemeinsam mit unserem erfahrenen Team bayerische Bierspezialit\u00e4ten, die weit \u00fcber die Grenzen der Region hinaus ausgezeichnet werden. Unsere <strong data-start=\"658\" data-end=\"676\">Erlk\u00f6nig-Biere<\/strong> geh\u00f6ren seit \u00fcber 150 Jahren fest zu Festen, Gastronomie und heimischem Genuss &#8211; als Ausdruck echter handwerklicher Braukunst.[\/vc_column_text][vc_empty_space][vc_column_text]Wir sind Gr\u00fcndungsmitglied des <strong><a href=\"http:\/\/www.bayrisch-bier.de\/\" target=\"_blank\" rel=\"noopener noreferrer\">Bayerischen Brauerbunds<\/a><\/strong>, sowie F\u00f6rdermitglied der <strong><a href=\"http:\/\/www.private-brauereien.de\" target=\"_blank\" rel=\"noopener noreferrer\">Privaten Brauereien Bayern<\/a><\/strong>.[\/vc_column_text][vc_empty_space][vc_column_text css=&#8220;&#8220;]Die Qualit\u00e4t und der Geschmack unserer Biere zeigen sich auch in unseren Erfolgen bei den bedeutendsten internationalen Wettbewerben: dem <strong data-start=\"1065\" data-end=\"1087\">European Beer Star<\/strong> und der <strong data-start=\"1096\" data-end=\"1121\">Finest Beer Selection<\/strong>. Beide gelten als die anspruchsvollsten Auszeichnungen der Brauwelt. In jeder Kategorie werden hunderte bis tausende Biere von Braumeistern und Biersommeliers in Blindverkostungen bewertet. Beim European Beer Star wird weltweit pro Kategorie nur einmal Gold, Silber und Bronze verliehen \u2013 eine besondere Best\u00e4tigung f\u00fcr unseren Weg und Ihren Geschmack.[\/vc_column_text][vc_empty_space]<div class=\"q_list circle animate_list\">\n\t<\/p>\n<ul>\n<li><strong data-start=\"1515\" data-end=\"1524\">2016:<\/strong> Doppel-Gold f\u00fcr <strong data-start=\"1541\" data-end=\"1562\">Erlk\u00f6nig Festbier<\/strong> und <strong data-start=\"1567\" data-end=\"1580\">IMPERATOR<\/strong> \u2013 bestes bayerisches und deutsches Ergebnis, eines der besten weltweit.<\/li>\n<li><strong data-start=\"1657\" data-end=\"1666\">2018:<\/strong> Gold f\u00fcr <strong data-start=\"1676\" data-end=\"1698\">Erlk\u00f6nig IMPERATOR<\/strong> (Titelverteidigung) und Silber f\u00fcr <strong data-start=\"1734\" data-end=\"1751\">Erlk\u00f6nig Hell<\/strong>, eines der drei besten Hellen Biere unter \u00fcber 100 Teilnehmern.<\/li>\n<li><strong data-start=\"1820\" data-end=\"1829\">2024:<\/strong> Drei Pr\u00e4mierungen mit 90+ Punkten \u2013 <strong data-start=\"1866\" data-end=\"1883\">Erlk\u00f6nig Hell<\/strong>, <strong data-start=\"1885\" data-end=\"1904\">Erlk\u00f6nig Dunkel<\/strong> und <strong data-start=\"1909\" data-end=\"1931\">Erlk\u00f6nig IMPERATOR<\/strong> in der <strong data-start=\"1939\" data-end=\"1964\">Finest Beer Selection<\/strong> der Doemens Akademie und des Meininger Verlags.<\/li>\n<\/ul>\n<p><\/div>[\/vc_column][\/vc_row][vc_row css_animation=&#8220;&#8220; row_type=&#8220;row&#8220; use_row_as_full_screen_section=&#8220;no&#8220; type=&#8220;full_width&#8220; angled_section=&#8220;no&#8220; text_align=&#8220;left&#8220; background_image_as_pattern=&#8220;without_pattern&#8220;][vc_column][vc_empty_space][vc_zigzag css_animation=&#8220;zoomIn&#8220;][vc_empty_space][\/vc_column][\/vc_row][vc_row css_animation=&#8220;&#8220; row_type=&#8220;row&#8220; use_row_as_full_screen_section=&#8220;no&#8220; type=&#8220;full_width&#8220; angled_section=&#8220;no&#8220; text_align=&#8220;left&#8220; background_image_as_pattern=&#8220;without_pattern&#8220;][vc_column css_animation=&#8220;zoomIn&#8220; width=&#8220;1\/4&#8243;][vc_single_image image=&#8220;15290&#8243; img_size=&#8220;full&#8220; qode_css_animation=&#8220;&#8220; qode_hover_animation=&#8220;zoom_in&#8220;][\/vc_column][vc_column css_animation=&#8220;zoomIn&#8220; width=&#8220;3\/4&#8243;][vc_column_text]<\/p>\n<h3>Unsere Brauphilosophie: ERLiches Brauhandwerk<\/h3>\n<p>[\/vc_column_text][vc_empty_space][vc_column_text css=&#8220;&#8220;]Landfrischer Biergenuss entsteht durch handverlesene Zutaten und <strong data-start=\"171\" data-end=\"196\">ERLiches Brauhandwerk<\/strong>! Was wir darunter verstehen und wie wir unsere <strong data-start=\"246\" data-end=\"264\">Erlk\u00f6nig-Biere<\/strong> noch handwerklich brauen, erfahren Sie in unserer <strong data-start=\"315\" data-end=\"343\">Erlk\u00f6nig-Brauphilosophie<\/strong>. Dar\u00fcber hinaus stellen wir nach eigener Hausrezeptur auch unsere originalen <strong data-start=\"424\" data-end=\"445\">Brauerei-KrachERL<\/strong> her \u2013 echte Spezialit\u00e4ten aus unserer Familienbrauerei.[\/vc_column_text][vc_empty_space]<a  itemprop=\"url\" href=\"https:\/\/www.erl-braeu.de\/brauerei\/brauphilosophie\/\" target=\"_self\"  class=\"qbutton  default\" style=\"\">Mehr dazu<\/a>[\/vc_column][\/vc_row][vc_row css_animation=&#8220;&#8220; row_type=&#8220;row&#8220; use_row_as_full_screen_section=&#8220;no&#8220; type=&#8220;full_width&#8220; angled_section=&#8220;no&#8220; text_align=&#8220;left&#8220; background_image_as_pattern=&#8220;without_pattern&#8220;][vc_column][vc_empty_space][vc_zigzag css_animation=&#8220;zoomIn&#8220;][vc_empty_space][\/vc_column][\/vc_row][vc_row css_animation=&#8220;&#8220; row_type=&#8220;row&#8220; use_row_as_full_screen_section=&#8220;no&#8220; type=&#8220;full_width&#8220; angled_section=&#8220;no&#8220; text_align=&#8220;left&#8220; background_image_as_pattern=&#8220;without_pattern&#8220;][vc_column css_animation=&#8220;zoomIn&#8220; width=&#8220;1\/4&#8243;][vc_single_image image=&#8220;15291&#8243; img_size=&#8220;full&#8220; qode_css_animation=&#8220;&#8220; qode_hover_animation=&#8220;zoom_in&#8220;][\/vc_column][vc_column css_animation=&#8220;zoomIn&#8220; width=&#8220;3\/4&#8243;][vc_column_text]<\/p>\n<h3 class=\"icon_title\">Unsere Nachhaltigkeit durch Regionalit\u00e4t und Technik<\/h3>\n<p>[\/vc_column_text][vc_empty_space][vc_column_text css=&#8220;&#8220;]<\/p>\n<p data-start=\"109\" data-end=\"335\">Unser Brauhandwerk steht f\u00fcr Nachhaltigkeit und Regionalit\u00e4t. <strong data-start=\"173\" data-end=\"195\">Hallertauer Hopfen<\/strong>, <strong data-start=\"197\" data-end=\"217\">bayerisches Malz<\/strong> und <strong data-start=\"222\" data-end=\"277\">Wasser aus unserem eigenen nitratfreien Tiefbrunnen<\/strong> garantieren h\u00f6chste Qualit\u00e4t bei kurzen Transportwegen. Mit modernster, emissionsarmer Technik und eigener Stromerzeugung leisten wir einen aktiven Beitrag zum Schutz unserer heimischen Natur. Seit Jahrzehnten verbindet uns mit unseren regionalen Lieferanten und Partnern ein gewachsenes Vertrauensverh\u00e4ltnis. Wann immer m\u00f6glich, unterst\u00fctzen wir auch unsere Kunden \u2013 etwa Sportvereine, Feuerwehren und Gemeindeeinrichtungen \u2013 in ihrem Engagement f\u00fcr die Region.<\/p>\n<p>[\/vc_column_text][vc_empty_space]<a  itemprop=\"url\" href=\"https:\/\/www.erl-braeu.de\/brauerei\/nachhaltigkeit\/\" target=\"_self\"  class=\"qbutton  default\" style=\"\">Mehr dazu<\/a>[\/vc_column][\/vc_row][vc_row css_animation=&#8220;&#8220; row_type=&#8220;row&#8220; use_row_as_full_screen_section=&#8220;no&#8220; type=&#8220;full_width&#8220; angled_section=&#8220;no&#8220; text_align=&#8220;left&#8220; background_image_as_pattern=&#8220;without_pattern&#8220;][vc_column][vc_empty_space][vc_zigzag css_animation=&#8220;zoomIn&#8220;][vc_empty_space][\/vc_column][\/vc_row][vc_row css_animation=&#8220;&#8220; row_type=&#8220;row&#8220; use_row_as_full_screen_section=&#8220;no&#8220; type=&#8220;full_width&#8220; angled_section=&#8220;no&#8220; text_align=&#8220;left&#8220; background_image_as_pattern=&#8220;without_pattern&#8220;][vc_column css_animation=&#8220;zoomIn&#8220; width=&#8220;1\/4&#8243;][vc_single_image image=&#8220;15404&#8243; img_size=&#8220;full&#8220; qode_css_animation=&#8220;&#8220; qode_hover_animation=&#8220;zoom_in&#8220;][\/vc_column][vc_column css_animation=&#8220;zoomIn&#8220; width=&#8220;3\/4&#8243;][vc_column_text]<\/p>\n<h3>Unsere Familientradition seit 1871 und mehr<\/h3>\n<p>[\/vc_column_text][vc_empty_space][vc_column_text css=&#8220;&#8220;]<\/p>\n<p data-start=\"102\" data-end=\"346\">Hinter unserer Brauphilosophie steht bereits die sechste Braumeistergeneration. Seit 1871 pflegen wir in unserer kleinen, aber feinen Familienbrauerei in Geiselh\u00f6ring, Niederbayern, das bayerische Brauhandwerk und eine lebendige Bierkultur. Wir, <strong data-start=\"353\" data-end=\"377\">Ludwig und Josef Erl<\/strong>, brauen gemeinsam mit unserem erfahrenen Team bayerische Bierspezialit\u00e4ten, die weit \u00fcber die Grenzen der Region hinaus h\u00f6chste Auszeichnungen erhalten. Nachfolgend erfahren Sie mehr \u00fcber den Ursprung unserer Familie und der Brauerei.<\/p>\n<p>[\/vc_column_text][vc_empty_space]<a  itemprop=\"url\" href=\"https:\/\/www.erl-braeu.de\/brauerei\/tradition\/\" target=\"_self\"  class=\"qbutton  default\" style=\"\">Mehr dazu<\/a>[\/vc_column][\/vc_row][vc_row css_animation=&#8220;&#8220; row_type=&#8220;row&#8220; use_row_as_full_screen_section=&#8220;no&#8220; type=&#8220;full_width&#8220; angled_section=&#8220;no&#8220; text_align=&#8220;left&#8220; background_image_as_pattern=&#8220;without_pattern&#8220;][vc_column][vc_empty_space][\/vc_column][\/vc_row]<\/p>\n<\/div>","protected":false},"excerpt":{"rendered":"<p>[vc_row css_animation=&#8220;&#8220; row_type=&#8220;row&#8220; use_row_as_full_screen_section=&#8220;no&#8220; type=&#8220;full_width&#8220; angled_section=&#8220;no&#8220; text_align=&#8220;center&#8220; background_image_as_pattern=&#8220;without_pattern&#8220; z_index=&#8220;&#8220;][vc_column][vc_column_text css=&#8220;&#8220;] Alles braucht seine Zeit: ein gutes Bier zu brauen ebenso wie ein gutes Bier zu genie\u00dfen! [\/vc_column_text][vc_empty_space][vc_zigzag][vc_empty_space][\/vc_column][\/vc_row][vc_row css_animation=&#8220;&#8220; row_type=&#8220;row&#8220; use_row_as_full_screen_section=&#8220;no&#8220; type=&#8220;full_width&#8220; angled_section=&#8220;no&#8220; text_align=&#8220;left&#8220; background_image_as_pattern=&#8220;without_pattern&#8220;][vc_column][vc_column_text css=&#8220;&#8220;]Hinter dieser Brauphilosophie steht in unserer Landbrauerei bereits die sechste Braumeistergeneration&#8230;.<\/p>\n","protected":false},"author":1,"featured_media":0,"parent":0,"menu_order":0,"comment_status":"closed","ping_status":"closed","template":"","meta":{"footnotes":""},"class_list":["post-226","page","type-page","status-publish","hentry"],"yoast_head":"<!-- This site is optimized with the Yoast SEO plugin v27.3 - https:\/\/yoast.com\/product\/yoast-seo-wordpress\/ -->\n<title>\u00dcber uns \u2013 Familienbrauerei Erl-Br\u00e4u seit 1871<\/title>\n<meta name=\"description\" content=\"Sechs Generationen Brauhandwerk in Geiselh\u00f6ring. Ausgezeichnet beim European Beer Star &amp; Finest Beer Selection \u2013 regional &amp; traditionell.\" \/>\n<meta name=\"robots\" content=\"index, follow, max-snippet:-1, max-image-preview:large, max-video-preview:-1\" \/>\n<link rel=\"canonical\" href=\"https:\/\/www.erl-braeu.de\/brauerei\/ueberuns\/\" \/>\n<meta property=\"og:locale\" content=\"de_DE\" \/>\n<meta property=\"og:type\" content=\"article\" \/>\n<meta property=\"og:title\" content=\"\u00dcber uns \u2013 Familienbrauerei Erl-Br\u00e4u seit 1871\" \/>\n<meta property=\"og:description\" content=\"Sechs Generationen Brauhandwerk in Geiselh\u00f6ring. Ausgezeichnet beim European Beer Star &amp; Finest Beer Selection \u2013 regional &amp; traditionell.\" \/>\n<meta property=\"og:url\" content=\"https:\/\/www.erl-braeu.de\/brauerei\/ueberuns\/\" \/>\n<meta property=\"og:site_name\" content=\"ERL-Br\u00e4u\" \/>\n<meta property=\"article:publisher\" content=\"https:\/\/www.facebook.com\/erl.braeu\/\" \/>\n<meta property=\"article:modified_time\" content=\"2026-04-09T11:13:25+00:00\" \/>\n<meta property=\"og:image\" content=\"https:\/\/i0.wp.com\/www.erl-braeu.de\/brauerei\/wp-content\/uploads\/2020\/05\/200513_Bierdahoam.jpg?fit=500%2C500&ssl=1\" \/>\n\t<meta property=\"og:image:width\" content=\"500\" \/>\n\t<meta property=\"og:image:height\" content=\"500\" \/>\n\t<meta property=\"og:image:type\" content=\"image\/jpeg\" \/>\n<meta name=\"twitter:card\" content=\"summary_large_image\" \/>\n<meta name=\"twitter:label1\" content=\"Gesch\u00e4tzte Lesezeit\" \/>\n\t<meta name=\"twitter:data1\" content=\"4\u00a0Minuten\" \/>\n<script type=\"application\/ld+json\" class=\"yoast-schema-graph\">{\"@context\":\"https:\\\/\\\/schema.org\",\"@graph\":[{\"@type\":\"WebPage\",\"@id\":\"https:\\\/\\\/www.erl-braeu.de\\\/brauerei\\\/ueberuns\\\/\",\"url\":\"https:\\\/\\\/www.erl-braeu.de\\\/brauerei\\\/ueberuns\\\/\",\"name\":\"\u00dcber uns \u2013 Familienbrauerei Erl-Br\u00e4u seit 1871\",\"isPartOf\":{\"@id\":\"https:\\\/\\\/www.erl-braeu.de\\\/brauerei\\\/#website\"},\"datePublished\":\"2020-04-21T19:44:42+00:00\",\"dateModified\":\"2026-04-09T11:13:25+00:00\",\"description\":\"Sechs Generationen Brauhandwerk in Geiselh\u00f6ring. Ausgezeichnet beim European Beer Star & Finest Beer Selection \u2013 regional & traditionell.\",\"inLanguage\":\"de\",\"potentialAction\":[{\"@type\":\"ReadAction\",\"target\":[\"https:\\\/\\\/www.erl-braeu.de\\\/brauerei\\\/ueberuns\\\/\"]}]},{\"@type\":\"WebSite\",\"@id\":\"https:\\\/\\\/www.erl-braeu.de\\\/brauerei\\\/#website\",\"url\":\"https:\\\/\\\/www.erl-braeu.de\\\/brauerei\\\/\",\"name\":\"ERL-Br\u00e4u\",\"description\":\"Der landfrische Biergenuss - Erlk\u00f6nig seit 1871\",\"publisher\":{\"@id\":\"https:\\\/\\\/www.erl-braeu.de\\\/brauerei\\\/#organization\"},\"potentialAction\":[{\"@type\":\"SearchAction\",\"target\":{\"@type\":\"EntryPoint\",\"urlTemplate\":\"https:\\\/\\\/www.erl-braeu.de\\\/brauerei\\\/?s={search_term_string}\"},\"query-input\":{\"@type\":\"PropertyValueSpecification\",\"valueRequired\":true,\"valueName\":\"search_term_string\"}}],\"inLanguage\":\"de\"},{\"@type\":\"Organization\",\"@id\":\"https:\\\/\\\/www.erl-braeu.de\\\/brauerei\\\/#organization\",\"name\":\"Erl-Br\u00e4u GmbH & Co. KG\",\"url\":\"https:\\\/\\\/www.erl-braeu.de\",\"logo\":{\"@type\":\"ImageObject\",\"url\":\"https:\\\/\\\/www.erl-braeu.de\\\/brauerei\\\/wp-content\\\/uploads\\\/erl-braeu-logo.png\"},\"image\":\"https:\\\/\\\/www.erl-braeu.de\\\/brauerei\\\/wp-content\\\/uploads\\\/erl-braeu-logo.png\",\"sameAs\":[\"https:\\\/\\\/www.facebook.com\\\/erl.braeu\\\/\",\"https:\\\/\\\/www.instagram.com\\\/erl.braeu\\\/\",\"https:\\\/\\\/maps.google.com\\\/?cid=8752043724154341985\",\"https:\\\/\\\/de.wikipedia.org\\\/wiki\\\/Erl-Br%C3%A4u\"],\"legalName\":\"Erl-Br\u00e4u GmbH & Co. KG\",\"description\":\"Bayerische Privatbrauerei in Geiselh\u00f6ring. Handwerklich gebraute Erlk\u00f6nig-Biere seit 1871 \u2013 Hell, Weisse, Festbier, Imperator und mehr.\",\"foundingDate\":\"1871\",\"telephone\":\"+49942394170\",\"address\":{\"@type\":\"PostalAddress\",\"streetAddress\":\"Straubinger Stra\u00dfe 10\",\"addressLocality\":\"Geiselh\u00f6ring\",\"postalCode\":\"94333\",\"addressRegion\":\"BY\",\"addressCountry\":\"DE\"},\"contactPoint\":{\"@type\":\"ContactPoint\",\"telephone\":\"+49942394170\",\"contactType\":\"customer service\",\"availableLanguage\":\"de\",\"areaServed\":\"DE\"},\"knowsAbout\":[\"Bierbrauen\",\"Bayerisches Bier\",\"Hefeweizen\",\"Helles\",\"Doppelbock\",\"Festbier\",\"Privatbrauerei\",\"Bayerisches Reinheitsgebot\"],\"areaServed\":{\"@type\":\"AdministrativeArea\",\"name\":\"Niederbayern\"}}]}<\/script>\n<!-- \/ Yoast SEO plugin. -->","yoast_head_json":{"title":"\u00dcber uns \u2013 Familienbrauerei Erl-Br\u00e4u seit 1871","description":"Sechs Generationen Brauhandwerk in Geiselh\u00f6ring. Ausgezeichnet beim European Beer Star & Finest Beer Selection \u2013 regional & traditionell.","robots":{"index":"index","follow":"follow","max-snippet":"max-snippet:-1","max-image-preview":"max-image-preview:large","max-video-preview":"max-video-preview:-1"},"canonical":"https:\/\/www.erl-braeu.de\/brauerei\/ueberuns\/","og_locale":"de_DE","og_type":"article","og_title":"\u00dcber uns \u2013 Familienbrauerei Erl-Br\u00e4u seit 1871","og_description":"Sechs Generationen Brauhandwerk in Geiselh\u00f6ring. Ausgezeichnet beim European Beer Star & Finest Beer Selection \u2013 regional & traditionell.","og_url":"https:\/\/www.erl-braeu.de\/brauerei\/ueberuns\/","og_site_name":"ERL-Br\u00e4u","article_publisher":"https:\/\/www.facebook.com\/erl.braeu\/","article_modified_time":"2026-04-09T11:13:25+00:00","og_image":[{"width":500,"height":500,"url":"https:\/\/i0.wp.com\/www.erl-braeu.de\/brauerei\/wp-content\/uploads\/2020\/05\/200513_Bierdahoam.jpg?fit=500%2C500&ssl=1","type":"image\/jpeg"}],"twitter_card":"summary_large_image","twitter_misc":{"Gesch\u00e4tzte Lesezeit":"4\u00a0Minuten"},"schema":{"@context":"https:\/\/schema.org","@graph":[{"@type":"WebPage","@id":"https:\/\/www.erl-braeu.de\/brauerei\/ueberuns\/","url":"https:\/\/www.erl-braeu.de\/brauerei\/ueberuns\/","name":"\u00dcber uns \u2013 Familienbrauerei Erl-Br\u00e4u seit 1871","isPartOf":{"@id":"https:\/\/www.erl-braeu.de\/brauerei\/#website"},"datePublished":"2020-04-21T19:44:42+00:00","dateModified":"2026-04-09T11:13:25+00:00","description":"Sechs Generationen Brauhandwerk in Geiselh\u00f6ring. Ausgezeichnet beim European Beer Star & Finest Beer Selection \u2013 regional & traditionell.","inLanguage":"de","potentialAction":[{"@type":"ReadAction","target":["https:\/\/www.erl-braeu.de\/brauerei\/ueberuns\/"]}]},{"@type":"WebSite","@id":"https:\/\/www.erl-braeu.de\/brauerei\/#website","url":"https:\/\/www.erl-braeu.de\/brauerei\/","name":"ERL-Br\u00e4u","description":"Der landfrische Biergenuss - Erlk\u00f6nig seit 1871","publisher":{"@id":"https:\/\/www.erl-braeu.de\/brauerei\/#organization"},"potentialAction":[{"@type":"SearchAction","target":{"@type":"EntryPoint","urlTemplate":"https:\/\/www.erl-braeu.de\/brauerei\/?s={search_term_string}"},"query-input":{"@type":"PropertyValueSpecification","valueRequired":true,"valueName":"search_term_string"}}],"inLanguage":"de"},{"@type":"Organization","@id":"https:\/\/www.erl-braeu.de\/brauerei\/#organization","name":"Erl-Br\u00e4u GmbH & Co. KG","url":"https:\/\/www.erl-braeu.de","logo":{"@type":"ImageObject","url":"https:\/\/www.erl-braeu.de\/brauerei\/wp-content\/uploads\/erl-braeu-logo.png"},"image":"https:\/\/www.erl-braeu.de\/brauerei\/wp-content\/uploads\/erl-braeu-logo.png","sameAs":["https:\/\/www.facebook.com\/erl.braeu\/","https:\/\/www.instagram.com\/erl.braeu\/","https:\/\/maps.google.com\/?cid=8752043724154341985","https:\/\/de.wikipedia.org\/wiki\/Erl-Br%C3%A4u"],"legalName":"Erl-Br\u00e4u GmbH & Co. KG","description":"Bayerische Privatbrauerei in Geiselh\u00f6ring. Handwerklich gebraute Erlk\u00f6nig-Biere seit 1871 \u2013 Hell, Weisse, Festbier, Imperator und mehr.","foundingDate":"1871","telephone":"+49942394170","address":{"@type":"PostalAddress","streetAddress":"Straubinger Stra\u00dfe 10","addressLocality":"Geiselh\u00f6ring","postalCode":"94333","addressRegion":"BY","addressCountry":"DE"},"contactPoint":{"@type":"ContactPoint","telephone":"+49942394170","contactType":"customer service","availableLanguage":"de","areaServed":"DE"},"knowsAbout":["Bierbrauen","Bayerisches Bier","Hefeweizen","Helles","Doppelbock","Festbier","Privatbrauerei","Bayerisches Reinheitsgebot"],"areaServed":{"@type":"AdministrativeArea","name":"Niederbayern"}}]}},"jetpack-related-posts":[],"jetpack_sharing_enabled":true,"_links":{"self":[{"href":"https:\/\/www.erl-braeu.de\/brauerei\/wp-json\/wp\/v2\/pages\/226","targetHints":{"allow":["GET"]}}],"collection":[{"href":"https:\/\/www.erl-braeu.de\/brauerei\/wp-json\/wp\/v2\/pages"}],"about":[{"href":"https:\/\/www.erl-braeu.de\/brauerei\/wp-json\/wp\/v2\/types\/page"}],"author":[{"embeddable":true,"href":"https:\/\/www.erl-braeu.de\/brauerei\/wp-json\/wp\/v2\/users\/1"}],"replies":[{"embeddable":true,"href":"https:\/\/www.erl-braeu.de\/brauerei\/wp-json\/wp\/v2\/comments?post=226"}],"version-history":[{"count":4,"href":"https:\/\/www.erl-braeu.de\/brauerei\/wp-json\/wp\/v2\/pages\/226\/revisions"}],"predecessor-version":[{"id":19274,"href":"https:\/\/www.erl-braeu.de\/brauerei\/wp-json\/wp\/v2\/pages\/226\/revisions\/19274"}],"wp:attachment":[{"href":"https:\/\/www.erl-braeu.de\/brauerei\/wp-json\/wp\/v2\/media?parent=226"}],"curies":[{"name":"wp","href":"https:\/\/api.w.org\/{rel}","templated":true}]}}