{"id":17796,"date":"2024-08-05T08:47:29","date_gmt":"2024-08-05T06:47:29","guid":{"rendered":"https:\/\/www.erl-braeu.de\/brauerei\/?page_id=17796"},"modified":"2026-04-09T14:28:51","modified_gmt":"2026-04-09T12:28:51","slug":"brauereiverkauf","status":"publish","type":"page","link":"https:\/\/www.erl-braeu.de\/brauerei\/brauereiverkauf\/","title":{"rendered":"Unser Brauereiverkauf"},"content":{"rendered":"<div class=\"wpb-content-wrapper\"><p>[vc_row css_animation=&#8220;&#8220; row_type=&#8220;row&#8220; use_row_as_full_screen_section=&#8220;no&#8220; type=&#8220;full_width&#8220; angled_section=&#8220;no&#8220; text_align=&#8220;center&#8220; background_image_as_pattern=&#8220;without_pattern&#8220; z_index=&#8220;&#8220;][vc_column][vc_column_text css=&#8220;&#8220;]<\/p>\n<h3>Unser Brauerei-Getr\u00e4nkemarkt!<\/h3>\n<p>[\/vc_column_text][vc_empty_space][vc_zigzag css_animation=&#8220;zoomIn&#8220;][vc_empty_space][\/vc_column][\/vc_row][vc_row css_animation=&#8220;&#8220; row_type=&#8220;row&#8220; use_row_as_full_screen_section=&#8220;no&#8220; type=&#8220;full_width&#8220; angled_section=&#8220;no&#8220; text_align=&#8220;left&#8220; background_image_as_pattern=&#8220;without_pattern&#8220;][vc_column css_animation=&#8220;zoomIn&#8220; width=&#8220;1\/3&#8243;][vc_column_text css=&#8220;&#8220;]<\/p>\n<h3>Bier und mehr ab Brauerei:<\/h3>\n<p>[\/vc_column_text][vc_empty_space height=&#8220;16px&#8220;][vc_column_text]<\/p>\n<h6>Im hauseigenen Getr\u00e4nkemarkt!<\/h6>\n<p>[\/vc_column_text][vc_empty_space height=&#8220;16px&#8220;][\/vc_column][vc_column css_animation=&#8220;zoomIn&#8220; width=&#8220;2\/3&#8243;][vc_column_text css=&#8220;&#8220;]<\/p>\n<div class=\"wpb_text_column wpb_content_element \">\n<div class=\"wpb_wrapper\">\n<p data-start=\"109\" data-end=\"450\">Frisches Bier direkt ab Brauerei \u2013 und noch vieles mehr:<br data-start=\"165\" data-end=\"168\" \/>In unserem hauseigenen Getr\u00e4nkemarkt im Zentrum von <strong data-start=\"220\" data-end=\"236\">Geiselh\u00f6ring<\/strong> erhalten Sie nicht nur unsere <strong data-start=\"267\" data-end=\"285\">Erlk\u00f6nig-Biere<\/strong>, sondern auch eine gro\u00dfe Auswahl an Getr\u00e4nken, darunter <strong data-start=\"342\" data-end=\"358\">Adelholzener<\/strong>, <strong data-start=\"360\" data-end=\"374\">Labertaler<\/strong>, <strong data-start=\"376\" data-end=\"390\">K\u00f6nig-Otto<\/strong>, <strong data-start=\"392\" data-end=\"405\" data-is-only-node=\"\">Coca-Cola<\/strong> sowie S\u00e4fte der <strong data-start=\"422\" data-end=\"447\">Privatkelterei Nagler<\/strong>.<\/p>\n<p data-start=\"452\" data-end=\"728\">Bequemes Einkaufen ist garantiert:<br data-start=\"486\" data-end=\"489\" \/>Dank \u00fcberdachtem, <strong data-start=\"507\" data-end=\"532\">dreispurigem Drive-in<\/strong>, kurzen Wegen, direkter Pfandr\u00fccknahme und <strong data-start=\"576\" data-end=\"603\">kontaktloser EC-Zahlung<\/strong>. Zudem bieten wir stets <strong data-start=\"630\" data-end=\"662\">frisches, gek\u00fchltes Fassbier<\/strong> mit passendem Zapfzeug f\u00fcr Ihr Fest oder Ihren privaten Anlass.<\/p>\n<\/div>\n<\/div>\n<p>[\/vc_column_text][vc_empty_space height=&#8220;16px&#8220;][vc_column_text css=&#8220;&#8220;]<strong>\u00d6ffnungszeiten:<\/strong><br \/>\nMo.-Fr.: 8.00-12.00 und 13.00-18.00 Uhr<br \/>\nSamstags: 8.00-12.00 Uhr[\/vc_column_text][vc_empty_space height=&#8220;16px&#8220;][vc_column_text css=&#8220;&#8220;]Straubinger Stra\u00dfe 8<br \/>\n94333 Geiselh\u00f6ring<\/p>\n<p><strong><a href=\"http:\/\/www.google.de\/url?sa=t&amp;rct=j&amp;q=&amp;esrc=s&amp;source=web&amp;cd=15&amp;cad=rja&amp;uact=8&amp;ved=0CIUBEPUXMA4&amp;url=%2Fmaps%2Fdir%2F''%2Fbrauerei%2Bludwig%2Berl%2Fdata%3D!4m5!4m4!1m0!1m2!1m1!1s0x47757d704c1d2973%3A0x7975816594e80a61&amp;ei=i2dvVNX0DszCPJCVgIAO&amp;usg=AFQjCNFmP6jWSG-mfASiTaUOWSAd1A5AYg&amp;bvm=bv.80185997,d.ZWU\">Anfahrtsberechnung<\/a><\/strong><\/p>\n<p>Einfahrt direkt gegen\u00fcber und neben Kamin Jungmayer ausgeschildert.[\/vc_column_text][vc_single_image image=&#8220;17811&#8243; img_size=&#8220;large&#8220; css=&#8220;&#8220; qode_css_animation=&#8220;&#8220;][vc_column_text css=&#8220;&#8220;]Weitere <strong>ERLiche Bierquellen<\/strong> in unserer <a href=\"https:\/\/www.erl-braeu.de\/brauerei\/vertrieb\/\"><strong>\u00dcbersicht<\/strong><\/a>![\/vc_column_text][\/vc_column][\/vc_row][vc_row css_animation=&#8220;&#8220; row_type=&#8220;row&#8220; use_row_as_full_screen_section=&#8220;no&#8220; type=&#8220;full_width&#8220; angled_section=&#8220;no&#8220; text_align=&#8220;left&#8220; background_image_as_pattern=&#8220;without_pattern&#8220;][vc_column][vc_empty_space][\/vc_column][\/vc_row]<\/p>\n<\/div>","protected":false},"excerpt":{"rendered":"<p>[vc_row css_animation=&#8220;&#8220; row_type=&#8220;row&#8220; use_row_as_full_screen_section=&#8220;no&#8220; type=&#8220;full_width&#8220; angled_section=&#8220;no&#8220; text_align=&#8220;center&#8220; background_image_as_pattern=&#8220;without_pattern&#8220; z_index=&#8220;&#8220;][vc_column][vc_column_text css=&#8220;&#8220;] Unser Brauerei-Getr\u00e4nkemarkt! [\/vc_column_text][vc_empty_space][vc_zigzag css_animation=&#8220;zoomIn&#8220;][vc_empty_space][\/vc_column][\/vc_row][vc_row css_animation=&#8220;&#8220; row_type=&#8220;row&#8220; use_row_as_full_screen_section=&#8220;no&#8220; type=&#8220;full_width&#8220; angled_section=&#8220;no&#8220; text_align=&#8220;left&#8220; background_image_as_pattern=&#8220;without_pattern&#8220;][vc_column css_animation=&#8220;zoomIn&#8220; width=&#8220;1\/3&#8243;][vc_column_text css=&#8220;&#8220;] Bier und mehr ab Brauerei: [\/vc_column_text][vc_empty_space height=&#8220;16px&#8220;][vc_column_text] Im hauseigenen Getr\u00e4nkemarkt! [\/vc_column_text][vc_empty_space height=&#8220;16px&#8220;][\/vc_column][vc_column css_animation=&#8220;zoomIn&#8220; width=&#8220;2\/3&#8243;][vc_column_text css=&#8220;&#8220;] Frisches Bier direkt ab Brauerei \u2013&#8230;<\/p>\n","protected":false},"author":2,"featured_media":0,"parent":0,"menu_order":0,"comment_status":"closed","ping_status":"closed","template":"","meta":{"footnotes":""},"class_list":["post-17796","page","type-page","status-publish","hentry"],"yoast_head":"<!-- This site is optimized with the Yoast SEO plugin v27.3 - https:\/\/yoast.com\/product\/yoast-seo-wordpress\/ -->\n<title>Brauereiverkauf | Getr\u00e4nkemarkt Erl-Br\u00e4u Geiselh\u00f6ring<\/title>\n<meta name=\"description\" content=\"Frisches Erlk\u00f6nig Bier &amp; Getr\u00e4nke direkt ab Brauerei. Drive-in, EC-Zahlung, Fassbier. Mo\u2013Fr 8\u201318 Uhr, Sa 8\u201312 Uhr.\" \/>\n<meta name=\"robots\" content=\"index, follow, max-snippet:-1, max-image-preview:large, max-video-preview:-1\" \/>\n<link rel=\"canonical\" href=\"https:\/\/www.erl-braeu.de\/brauerei\/brauereiverkauf\/\" \/>\n<meta property=\"og:locale\" content=\"de_DE\" \/>\n<meta property=\"og:type\" content=\"article\" \/>\n<meta property=\"og:title\" content=\"Brauereiverkauf | Getr\u00e4nkemarkt Erl-Br\u00e4u Geiselh\u00f6ring\" \/>\n<meta property=\"og:description\" content=\"Frisches Erlk\u00f6nig Bier &amp; Getr\u00e4nke direkt ab Brauerei. Drive-in, EC-Zahlung, Fassbier. Mo\u2013Fr 8\u201318 Uhr, Sa 8\u201312 Uhr.\" \/>\n<meta property=\"og:url\" content=\"https:\/\/www.erl-braeu.de\/brauerei\/brauereiverkauf\/\" \/>\n<meta property=\"og:site_name\" content=\"ERL-Br\u00e4u\" \/>\n<meta property=\"article:publisher\" content=\"https:\/\/www.facebook.com\/erl.braeu\/\" \/>\n<meta property=\"article:modified_time\" content=\"2026-04-09T12:28:51+00:00\" \/>\n<meta property=\"og:image\" content=\"https:\/\/i0.wp.com\/www.erl-braeu.de\/brauerei\/wp-content\/uploads\/2020\/05\/200513_Bierdahoam.jpg?fit=500%2C500&ssl=1\" \/>\n\t<meta property=\"og:image:width\" content=\"500\" \/>\n\t<meta property=\"og:image:height\" content=\"500\" \/>\n\t<meta property=\"og:image:type\" content=\"image\/jpeg\" \/>\n<meta name=\"twitter:card\" content=\"summary_large_image\" \/>\n<meta name=\"twitter:label1\" content=\"Gesch\u00e4tzte Lesezeit\" \/>\n\t<meta name=\"twitter:data1\" content=\"2\u00a0Minuten\" \/>\n<script type=\"application\/ld+json\" class=\"yoast-schema-graph\">{\"@context\":\"https:\\\/\\\/schema.org\",\"@graph\":[{\"@type\":\"WebPage\",\"@id\":\"https:\\\/\\\/www.erl-braeu.de\\\/brauerei\\\/brauereiverkauf\\\/\",\"url\":\"https:\\\/\\\/www.erl-braeu.de\\\/brauerei\\\/brauereiverkauf\\\/\",\"name\":\"Brauereiverkauf | Getr\u00e4nkemarkt Erl-Br\u00e4u Geiselh\u00f6ring\",\"isPartOf\":{\"@id\":\"https:\\\/\\\/www.erl-braeu.de\\\/brauerei\\\/#website\"},\"datePublished\":\"2024-08-05T06:47:29+00:00\",\"dateModified\":\"2026-04-09T12:28:51+00:00\",\"description\":\"Frisches Erlk\u00f6nig Bier & Getr\u00e4nke direkt ab Brauerei. Drive-in, EC-Zahlung, Fassbier. Mo\u2013Fr 8\u201318 Uhr, Sa 8\u201312 Uhr.\",\"inLanguage\":\"de\",\"potentialAction\":[{\"@type\":\"ReadAction\",\"target\":[\"https:\\\/\\\/www.erl-braeu.de\\\/brauerei\\\/brauereiverkauf\\\/\"]}]},{\"@type\":\"WebSite\",\"@id\":\"https:\\\/\\\/www.erl-braeu.de\\\/brauerei\\\/#website\",\"url\":\"https:\\\/\\\/www.erl-braeu.de\\\/brauerei\\\/\",\"name\":\"ERL-Br\u00e4u\",\"description\":\"Der landfrische Biergenuss - Erlk\u00f6nig seit 1871\",\"publisher\":{\"@id\":\"https:\\\/\\\/www.erl-braeu.de\\\/brauerei\\\/#organization\"},\"potentialAction\":[{\"@type\":\"SearchAction\",\"target\":{\"@type\":\"EntryPoint\",\"urlTemplate\":\"https:\\\/\\\/www.erl-braeu.de\\\/brauerei\\\/?s={search_term_string}\"},\"query-input\":{\"@type\":\"PropertyValueSpecification\",\"valueRequired\":true,\"valueName\":\"search_term_string\"}}],\"inLanguage\":\"de\"},{\"@type\":\"Organization\",\"@id\":\"https:\\\/\\\/www.erl-braeu.de\\\/brauerei\\\/#organization\",\"name\":\"Erl-Br\u00e4u GmbH & Co. KG\",\"url\":\"https:\\\/\\\/www.erl-braeu.de\",\"logo\":{\"@type\":\"ImageObject\",\"url\":\"https:\\\/\\\/www.erl-braeu.de\\\/brauerei\\\/wp-content\\\/uploads\\\/erl-braeu-logo.png\"},\"image\":\"https:\\\/\\\/www.erl-braeu.de\\\/brauerei\\\/wp-content\\\/uploads\\\/erl-braeu-logo.png\",\"sameAs\":[\"https:\\\/\\\/www.facebook.com\\\/erl.braeu\\\/\",\"https:\\\/\\\/www.instagram.com\\\/erl.braeu\\\/\",\"https:\\\/\\\/maps.google.com\\\/?cid=8752043724154341985\",\"https:\\\/\\\/de.wikipedia.org\\\/wiki\\\/Erl-Br%C3%A4u\"],\"legalName\":\"Erl-Br\u00e4u GmbH & Co. KG\",\"description\":\"Bayerische Privatbrauerei in Geiselh\u00f6ring. Handwerklich gebraute Erlk\u00f6nig-Biere seit 1871 \u2013 Hell, Weisse, Festbier, Imperator und mehr.\",\"foundingDate\":\"1871\",\"telephone\":\"+49942394170\",\"address\":{\"@type\":\"PostalAddress\",\"streetAddress\":\"Straubinger Stra\u00dfe 10\",\"addressLocality\":\"Geiselh\u00f6ring\",\"postalCode\":\"94333\",\"addressRegion\":\"BY\",\"addressCountry\":\"DE\"},\"contactPoint\":{\"@type\":\"ContactPoint\",\"telephone\":\"+49942394170\",\"contactType\":\"customer service\",\"availableLanguage\":\"de\",\"areaServed\":\"DE\"},\"knowsAbout\":[\"Bierbrauen\",\"Bayerisches Bier\",\"Hefeweizen\",\"Helles\",\"Doppelbock\",\"Festbier\",\"Privatbrauerei\",\"Bayerisches Reinheitsgebot\"],\"areaServed\":{\"@type\":\"AdministrativeArea\",\"name\":\"Niederbayern\"}}]}<\/script>\n<!-- \/ Yoast SEO plugin. -->","yoast_head_json":{"title":"Brauereiverkauf | Getr\u00e4nkemarkt Erl-Br\u00e4u Geiselh\u00f6ring","description":"Frisches Erlk\u00f6nig Bier & Getr\u00e4nke direkt ab Brauerei. Drive-in, EC-Zahlung, Fassbier. Mo\u2013Fr 8\u201318 Uhr, Sa 8\u201312 Uhr.","robots":{"index":"index","follow":"follow","max-snippet":"max-snippet:-1","max-image-preview":"max-image-preview:large","max-video-preview":"max-video-preview:-1"},"canonical":"https:\/\/www.erl-braeu.de\/brauerei\/brauereiverkauf\/","og_locale":"de_DE","og_type":"article","og_title":"Brauereiverkauf | Getr\u00e4nkemarkt Erl-Br\u00e4u Geiselh\u00f6ring","og_description":"Frisches Erlk\u00f6nig Bier & Getr\u00e4nke direkt ab Brauerei. Drive-in, EC-Zahlung, Fassbier. Mo\u2013Fr 8\u201318 Uhr, Sa 8\u201312 Uhr.","og_url":"https:\/\/www.erl-braeu.de\/brauerei\/brauereiverkauf\/","og_site_name":"ERL-Br\u00e4u","article_publisher":"https:\/\/www.facebook.com\/erl.braeu\/","article_modified_time":"2026-04-09T12:28:51+00:00","og_image":[{"width":500,"height":500,"url":"https:\/\/i0.wp.com\/www.erl-braeu.de\/brauerei\/wp-content\/uploads\/2020\/05\/200513_Bierdahoam.jpg?fit=500%2C500&ssl=1","type":"image\/jpeg"}],"twitter_card":"summary_large_image","twitter_misc":{"Gesch\u00e4tzte Lesezeit":"2\u00a0Minuten"},"schema":{"@context":"https:\/\/schema.org","@graph":[{"@type":"WebPage","@id":"https:\/\/www.erl-braeu.de\/brauerei\/brauereiverkauf\/","url":"https:\/\/www.erl-braeu.de\/brauerei\/brauereiverkauf\/","name":"Brauereiverkauf | Getr\u00e4nkemarkt Erl-Br\u00e4u Geiselh\u00f6ring","isPartOf":{"@id":"https:\/\/www.erl-braeu.de\/brauerei\/#website"},"datePublished":"2024-08-05T06:47:29+00:00","dateModified":"2026-04-09T12:28:51+00:00","description":"Frisches Erlk\u00f6nig Bier & Getr\u00e4nke direkt ab Brauerei. Drive-in, EC-Zahlung, Fassbier. Mo\u2013Fr 8\u201318 Uhr, Sa 8\u201312 Uhr.","inLanguage":"de","potentialAction":[{"@type":"ReadAction","target":["https:\/\/www.erl-braeu.de\/brauerei\/brauereiverkauf\/"]}]},{"@type":"WebSite","@id":"https:\/\/www.erl-braeu.de\/brauerei\/#website","url":"https:\/\/www.erl-braeu.de\/brauerei\/","name":"ERL-Br\u00e4u","description":"Der landfrische Biergenuss - Erlk\u00f6nig seit 1871","publisher":{"@id":"https:\/\/www.erl-braeu.de\/brauerei\/#organization"},"potentialAction":[{"@type":"SearchAction","target":{"@type":"EntryPoint","urlTemplate":"https:\/\/www.erl-braeu.de\/brauerei\/?s={search_term_string}"},"query-input":{"@type":"PropertyValueSpecification","valueRequired":true,"valueName":"search_term_string"}}],"inLanguage":"de"},{"@type":"Organization","@id":"https:\/\/www.erl-braeu.de\/brauerei\/#organization","name":"Erl-Br\u00e4u GmbH & Co. KG","url":"https:\/\/www.erl-braeu.de","logo":{"@type":"ImageObject","url":"https:\/\/www.erl-braeu.de\/brauerei\/wp-content\/uploads\/erl-braeu-logo.png"},"image":"https:\/\/www.erl-braeu.de\/brauerei\/wp-content\/uploads\/erl-braeu-logo.png","sameAs":["https:\/\/www.facebook.com\/erl.braeu\/","https:\/\/www.instagram.com\/erl.braeu\/","https:\/\/maps.google.com\/?cid=8752043724154341985","https:\/\/de.wikipedia.org\/wiki\/Erl-Br%C3%A4u"],"legalName":"Erl-Br\u00e4u GmbH & Co. KG","description":"Bayerische Privatbrauerei in Geiselh\u00f6ring. Handwerklich gebraute Erlk\u00f6nig-Biere seit 1871 \u2013 Hell, Weisse, Festbier, Imperator und mehr.","foundingDate":"1871","telephone":"+49942394170","address":{"@type":"PostalAddress","streetAddress":"Straubinger Stra\u00dfe 10","addressLocality":"Geiselh\u00f6ring","postalCode":"94333","addressRegion":"BY","addressCountry":"DE"},"contactPoint":{"@type":"ContactPoint","telephone":"+49942394170","contactType":"customer service","availableLanguage":"de","areaServed":"DE"},"knowsAbout":["Bierbrauen","Bayerisches Bier","Hefeweizen","Helles","Doppelbock","Festbier","Privatbrauerei","Bayerisches Reinheitsgebot"],"areaServed":{"@type":"AdministrativeArea","name":"Niederbayern"}}]}},"jetpack-related-posts":[],"jetpack_sharing_enabled":true,"_links":{"self":[{"href":"https:\/\/www.erl-braeu.de\/brauerei\/wp-json\/wp\/v2\/pages\/17796","targetHints":{"allow":["GET"]}}],"collection":[{"href":"https:\/\/www.erl-braeu.de\/brauerei\/wp-json\/wp\/v2\/pages"}],"about":[{"href":"https:\/\/www.erl-braeu.de\/brauerei\/wp-json\/wp\/v2\/types\/page"}],"author":[{"embeddable":true,"href":"https:\/\/www.erl-braeu.de\/brauerei\/wp-json\/wp\/v2\/users\/2"}],"replies":[{"embeddable":true,"href":"https:\/\/www.erl-braeu.de\/brauerei\/wp-json\/wp\/v2\/comments?post=17796"}],"version-history":[{"count":4,"href":"https:\/\/www.erl-braeu.de\/brauerei\/wp-json\/wp\/v2\/pages\/17796\/revisions"}],"predecessor-version":[{"id":19312,"href":"https:\/\/www.erl-braeu.de\/brauerei\/wp-json\/wp\/v2\/pages\/17796\/revisions\/19312"}],"wp:attachment":[{"href":"https:\/\/www.erl-braeu.de\/brauerei\/wp-json\/wp\/v2\/media?parent=17796"}],"curies":[{"name":"wp","href":"https:\/\/api.w.org\/{rel}","templated":true}]}}