{"id":17278,"date":"2023-08-09T17:02:43","date_gmt":"2023-08-09T15:02:43","guid":{"rendered":"https:\/\/www.erl-braeu.de\/brauerei\/?page_id=17278"},"modified":"2026-04-09T14:41:21","modified_gmt":"2026-04-09T12:41:21","slug":"bestellung","status":"publish","type":"page","link":"https:\/\/www.erl-braeu.de\/brauerei\/bestellung\/","title":{"rendered":"Bestellung"},"content":{"rendered":"<div class=\"wpb-content-wrapper\"><p>[vc_row css_animation=&#8220;&#8220; row_type=&#8220;row&#8220; use_row_as_full_screen_section=&#8220;no&#8220; type=&#8220;full_width&#8220; angled_section=&#8220;no&#8220; text_align=&#8220;center&#8220; background_image_as_pattern=&#8220;without_pattern&#8220; z_index=&#8220;&#8220;][vc_column][vc_empty_space][vc_empty_space][vc_column_text css=&#8220;&#8220;]<\/p>\n<h2 style=\"text-align: center;\"><\/h2>\n<h2 style=\"text-align: center;\"><strong>Sie erreichen uns in der Brauerei werktags Montag bis Donnerstag von 8 bis 12 und 13 bis 16 Uhr, und Freitag von 8 bis 12 Uhr, Bestellungen bitte bis 12 Uhr am vorherigen Werktag, vielen Dank!<br \/>\n<\/strong><\/h2>\n<p style=\"text-align: center;\">Zwischen Weihnachten und Neujahr sowie am Rosenmontag mit Faschingsdienst ist die Brauerei geschlossen, und es erfolgt keine Belieferung. Bei Feiertagen melden wir uns vorab. Unser <strong><a href=\"https:\/\/www.erl-braeu.de\/brauerei\/vertrieb\/\">Abholmarkt<\/a> <\/strong>ist ge\u00f6ffnet! Unser Getr\u00e4nkemarkt direkt in der Brauerei ist zus\u00e4tzlich werktags bis 18 Uhr und Samstag 8-12 Uhr ge\u00f6ffnet. Hier halten Sie neben unseren Erlk\u00f6nig-Bieren auch Fassbier sowie Handelswaren.<\/p>\n<p>[\/vc_column_text][vc_empty_space][vc_zigzag][vc_empty_space][\/vc_column][\/vc_row][vc_row css_animation=&#8220;&#8220; row_type=&#8220;row&#8220; use_row_as_full_screen_section=&#8220;no&#8220; type=&#8220;full_width&#8220; angled_section=&#8220;no&#8220; text_align=&#8220;left&#8220; background_image_as_pattern=&#8220;without_pattern&#8220;][vc_column][vc_column_text css=&#8220;&#8220;]<\/p>\n<h2 style=\"text-align: center;\"><strong>F\u00fcr eine Bestellung per E-Mail verwenden Sie bitte das folgende Formular mit Ihrem vollen Namen und dem Ihres Objekts:\u00a0<\/strong><\/h2>\n<p style=\"text-align: center;\">Bitte beachten Sie dabei eine genaue Artikelbezeichnung im Bezug auf <strong>Inhaltsmenge<\/strong> (Liter), <strong>Verschluss<\/strong> (Kronkorken, Schraubverschluss) und <strong>Marke<\/strong> (Wassermarke, still, medium, spritzig bzw. Limomarke oder Brauereilimonade) und <strong>Gebinde <\/strong>(Glas, PET, Fass).<\/p>\n<p style=\"text-align: center;\">Dies gilt insbesondere f\u00fcr alkoholfreie Getr\u00e4nke wie Wasser, Limonaden und S\u00e4fte!<\/p>\n<p style=\"text-align: center;\"><strong>Im Zweifel pr\u00fcfen wir Ihre Bestellhistorie und entscheiden selbst\u00e4ndig! <\/strong>Vielen Dank f\u00fcr Ihr Verst\u00e4ndnis!<\/p>\n<p style=\"text-align: center;\">F\u00fcr Neukunden und Inventarbestellungen ist auf diesem Wege keine kurzfristige Lieferung m\u00f6glich. F\u00fcr Privatkunden haben wir unseren Lieferservice <strong><a href=\"https:\/\/www.bierdahoam.de\/\" rel=\"\">Bierdahoam<\/a>!<\/strong><\/p>\n<p style=\"text-align: center;\"><strong>PS:<\/strong> Sollten Sie noch kein Kunde sein, hintERLassen Sie bitte auch eine R\u00fcckrufnummer zum Kl\u00e4ren aller notwendigen Details f\u00fcr Ihre Kundenanlage und Erstbelieferung!<\/p>\n<p>[\/vc_column_text][\/vc_column][\/vc_row][vc_row css_animation=&#8220;&#8220; row_type=&#8220;row&#8220; use_row_as_full_screen_section=&#8220;no&#8220; type=&#8220;grid&#8220; angled_section=&#8220;no&#8220; text_align=&#8220;left&#8220; background_image_as_pattern=&#8220;without_pattern&#8220; padding_top=&#8220;101&#8243; padding_bottom=&#8220;110&#8243; z_index=&#8220;&#8220;][vc_column offset=&#8220;vc_col-md-12&#8243;]\n<div class=\"wpcf7 no-js\" id=\"wpcf7-f17273-o1\" lang=\"de-DE\" dir=\"ltr\" data-wpcf7-id=\"17273\">\n<div class=\"screen-reader-response\"><p role=\"status\" aria-live=\"polite\" aria-atomic=\"true\"><\/p> <ul><\/ul><\/div>\n<form action=\"\/brauerei\/wp-json\/wp\/v2\/pages\/17278#wpcf7-f17273-o1\" method=\"post\" class=\"wpcf7-form init cf7_custom_style_1\" aria-label=\"Kontaktformular\" novalidate=\"novalidate\" data-status=\"init\">\n<fieldset class=\"hidden-fields-container\"><input type=\"hidden\" name=\"_wpcf7\" value=\"17273\" \/><input type=\"hidden\" name=\"_wpcf7_version\" value=\"6.1.5\" \/><input type=\"hidden\" name=\"_wpcf7_locale\" value=\"de_DE\" \/><input type=\"hidden\" name=\"_wpcf7_unit_tag\" value=\"wpcf7-f17273-o1\" \/><input type=\"hidden\" name=\"_wpcf7_container_post\" value=\"0\" \/><input type=\"hidden\" name=\"_wpcf7_posted_data_hash\" value=\"\" \/>\n<\/fieldset>\n<p><label> Ihr Name (Pflichtfeld)<br \/>\n<span class=\"wpcf7-form-control-wrap\" data-name=\"your-name\"><input size=\"40\" maxlength=\"400\" class=\"wpcf7-form-control wpcf7-text wpcf7-validates-as-required\" aria-required=\"true\" aria-invalid=\"false\" value=\"\" type=\"text\" name=\"your-name\" \/><\/span> <\/label>\n<\/p>\n<p><label> Ihre E-Mail-Adresse (Pflichtfeld)<br \/>\n<span class=\"wpcf7-form-control-wrap\" data-name=\"your-email\"><input size=\"40\" maxlength=\"400\" class=\"wpcf7-form-control wpcf7-email wpcf7-validates-as-required wpcf7-text wpcf7-validates-as-email\" aria-required=\"true\" aria-invalid=\"false\" value=\"\" type=\"email\" name=\"your-email\" \/><\/span> <\/label>\n<\/p>\n<p><span id=\"wpcf7-69de2fcf13c75-wrapper\" class=\"wpcf7-form-control-wrap email-117-wrap\" ><input type=\"hidden\" name=\"email-117-time-start\" value=\"1776168911\"><input type=\"hidden\" name=\"email-117-time-check\" value=\"5\"><label for=\"wpcf7-69de2fcf13c75-field\" class=\"hp-message\">Bitte lasse dieses Feld leer.<\/label><input id=\"wpcf7-69de2fcf13c75-field\"  class=\"wpcf7-form-control wpcf7-text\" type=\"text\" name=\"email-117\" value=\"\" size=\"40\" tabindex=\"-1\" autocomplete=\"new-password\" \/><\/span>\n<\/p>\n<p><span id=\"wpcf7-69de2fcf13cf6-wrapper\" class=\"wpcf7-form-control-wrap Mail-659-wrap\" ><input type=\"hidden\" name=\"Mail-659-time-start\" value=\"1776168911\"><input type=\"hidden\" name=\"Mail-659-time-check\" value=\"5\"><label for=\"wpcf7-69de2fcf13cf6-field\" class=\"hp-message\">Bitte lasse dieses Feld leer.<\/label><input id=\"wpcf7-69de2fcf13cf6-field\"  class=\"wpcf7-form-control wpcf7-text\" type=\"text\" name=\"Mail-659\" value=\"\" size=\"40\" tabindex=\"-1\" autocomplete=\"new-password\" \/><\/span>\n<\/p>\n<p><label> Ihre R\u00fcckrufnummer(Optional)<br \/>\n<span class=\"wpcf7-form-control-wrap\" data-name=\"your-telefon\"><input size=\"40\" maxlength=\"400\" class=\"wpcf7-form-control wpcf7-tel wpcf7-text wpcf7-validates-as-tel\" aria-invalid=\"false\" value=\"\" type=\"tel\" name=\"your-telefon\" \/><\/span> <\/label>\n<\/p>\n<p><label> Ihr Objekt (Pflichtfeld)<br \/>\n<span class=\"wpcf7-form-control-wrap\" data-name=\"your-subject\"><input size=\"40\" maxlength=\"400\" class=\"wpcf7-form-control wpcf7-text\" aria-invalid=\"false\" value=\"\" type=\"text\" name=\"your-subject\" \/><\/span> <\/label>\n<\/p>\n<p><label> Ihre Bestellung (Pflichtfeld)<br \/>\n<span class=\"wpcf7-form-control-wrap\" data-name=\"your-message\"><textarea cols=\"40\" rows=\"10\" maxlength=\"2000\" class=\"wpcf7-form-control wpcf7-textarea\" aria-invalid=\"false\" name=\"your-message\"><\/textarea><\/span> <\/label>\n<\/p>\n<p><input class=\"wpcf7-form-control wpcf7-submit has-spinner\" type=\"submit\" value=\"Senden\" \/>\n<\/p><div class=\"wpcf7-response-output\" aria-hidden=\"true\"><\/div>\n<\/form>\n<\/div>\n[\/vc_column][\/vc_row]<\/p>\n<\/div>","protected":false},"excerpt":{"rendered":"<p>[vc_row css_animation=&#8220;&#8220; row_type=&#8220;row&#8220; use_row_as_full_screen_section=&#8220;no&#8220; type=&#8220;full_width&#8220; angled_section=&#8220;no&#8220; text_align=&#8220;center&#8220; background_image_as_pattern=&#8220;without_pattern&#8220; z_index=&#8220;&#8220;][vc_column][vc_empty_space][vc_empty_space][vc_column_text css=&#8220;&#8220;] Sie erreichen uns in der Brauerei werktags Montag bis Donnerstag von 8 bis 12 und 13 bis 16 Uhr, und Freitag von 8 bis 12 Uhr, Bestellungen bitte bis 12 Uhr am vorherigen Werktag, vielen&#8230;<\/p>\n","protected":false},"author":2,"featured_media":0,"parent":0,"menu_order":0,"comment_status":"closed","ping_status":"closed","template":"","meta":{"footnotes":""},"class_list":["post-17278","page","type-page","status-publish","hentry"],"yoast_head":"<!-- This site is optimized with the Yoast SEO plugin v27.3 - https:\/\/yoast.com\/product\/yoast-seo-wordpress\/ -->\n<title>Bier bestellen | Erl-Br\u00e4u Geiselh\u00f6ring<\/title>\n<meta name=\"description\" content=\"Erlk\u00f6nig-Biere bequem per E-Mail bestellen. Lieferung Mo\u2013Do 8\u201316 Uhr, Fr 8\u201312 Uhr. Privatkunden bestellen \u00fcber Bierdahoam.\" \/>\n<meta name=\"robots\" content=\"index, follow, max-snippet:-1, max-image-preview:large, max-video-preview:-1\" \/>\n<link rel=\"canonical\" href=\"https:\/\/www.erl-braeu.de\/brauerei\/bestellung\/\" \/>\n<meta property=\"og:locale\" content=\"de_DE\" \/>\n<meta property=\"og:type\" content=\"article\" \/>\n<meta property=\"og:title\" content=\"Bier bestellen | Erl-Br\u00e4u Geiselh\u00f6ring\" \/>\n<meta property=\"og:description\" content=\"Erlk\u00f6nig-Biere bequem per E-Mail bestellen. Lieferung Mo\u2013Do 8\u201316 Uhr, Fr 8\u201312 Uhr. Privatkunden bestellen \u00fcber Bierdahoam.\" \/>\n<meta property=\"og:url\" content=\"https:\/\/www.erl-braeu.de\/brauerei\/bestellung\/\" \/>\n<meta property=\"og:site_name\" content=\"ERL-Br\u00e4u\" \/>\n<meta property=\"article:publisher\" content=\"https:\/\/www.facebook.com\/erl.braeu\/\" \/>\n<meta property=\"article:modified_time\" content=\"2026-04-09T12:41:21+00:00\" \/>\n<meta property=\"og:image\" content=\"https:\/\/i0.wp.com\/www.erl-braeu.de\/brauerei\/wp-content\/uploads\/2020\/05\/200513_Bierdahoam.jpg?fit=500%2C500&ssl=1\" \/>\n\t<meta property=\"og:image:width\" content=\"500\" \/>\n\t<meta property=\"og:image:height\" content=\"500\" \/>\n\t<meta property=\"og:image:type\" content=\"image\/jpeg\" \/>\n<meta name=\"twitter:card\" content=\"summary_large_image\" \/>\n<meta name=\"twitter:label1\" content=\"Gesch\u00e4tzte Lesezeit\" \/>\n\t<meta name=\"twitter:data1\" content=\"2\u00a0Minuten\" \/>\n<script type=\"application\/ld+json\" class=\"yoast-schema-graph\">{\"@context\":\"https:\\\/\\\/schema.org\",\"@graph\":[{\"@type\":\"WebPage\",\"@id\":\"https:\\\/\\\/www.erl-braeu.de\\\/brauerei\\\/bestellung\\\/\",\"url\":\"https:\\\/\\\/www.erl-braeu.de\\\/brauerei\\\/bestellung\\\/\",\"name\":\"Bier bestellen | Erl-Br\u00e4u Geiselh\u00f6ring\",\"isPartOf\":{\"@id\":\"https:\\\/\\\/www.erl-braeu.de\\\/brauerei\\\/#website\"},\"datePublished\":\"2023-08-09T15:02:43+00:00\",\"dateModified\":\"2026-04-09T12:41:21+00:00\",\"description\":\"Erlk\u00f6nig-Biere bequem per E-Mail bestellen. Lieferung Mo\u2013Do 8\u201316 Uhr, Fr 8\u201312 Uhr. Privatkunden bestellen \u00fcber Bierdahoam.\",\"inLanguage\":\"de\",\"potentialAction\":[{\"@type\":\"ReadAction\",\"target\":[\"https:\\\/\\\/www.erl-braeu.de\\\/brauerei\\\/bestellung\\\/\"]}]},{\"@type\":\"WebSite\",\"@id\":\"https:\\\/\\\/www.erl-braeu.de\\\/brauerei\\\/#website\",\"url\":\"https:\\\/\\\/www.erl-braeu.de\\\/brauerei\\\/\",\"name\":\"ERL-Br\u00e4u\",\"description\":\"Der landfrische Biergenuss - Erlk\u00f6nig seit 1871\",\"publisher\":{\"@id\":\"https:\\\/\\\/www.erl-braeu.de\\\/brauerei\\\/#organization\"},\"potentialAction\":[{\"@type\":\"SearchAction\",\"target\":{\"@type\":\"EntryPoint\",\"urlTemplate\":\"https:\\\/\\\/www.erl-braeu.de\\\/brauerei\\\/?s={search_term_string}\"},\"query-input\":{\"@type\":\"PropertyValueSpecification\",\"valueRequired\":true,\"valueName\":\"search_term_string\"}}],\"inLanguage\":\"de\"},{\"@type\":\"Organization\",\"@id\":\"https:\\\/\\\/www.erl-braeu.de\\\/brauerei\\\/#organization\",\"name\":\"Erl-Br\u00e4u GmbH & Co. KG\",\"url\":\"https:\\\/\\\/www.erl-braeu.de\",\"logo\":{\"@type\":\"ImageObject\",\"url\":\"https:\\\/\\\/www.erl-braeu.de\\\/brauerei\\\/wp-content\\\/uploads\\\/erl-braeu-logo.png\"},\"image\":\"https:\\\/\\\/www.erl-braeu.de\\\/brauerei\\\/wp-content\\\/uploads\\\/erl-braeu-logo.png\",\"sameAs\":[\"https:\\\/\\\/www.facebook.com\\\/erl.braeu\\\/\",\"https:\\\/\\\/www.instagram.com\\\/erl.braeu\\\/\",\"https:\\\/\\\/maps.google.com\\\/?cid=8752043724154341985\",\"https:\\\/\\\/de.wikipedia.org\\\/wiki\\\/Erl-Br%C3%A4u\"],\"legalName\":\"Erl-Br\u00e4u GmbH & Co. KG\",\"description\":\"Bayerische Privatbrauerei in Geiselh\u00f6ring. Handwerklich gebraute Erlk\u00f6nig-Biere seit 1871 \u2013 Hell, Weisse, Festbier, Imperator und mehr.\",\"foundingDate\":\"1871\",\"telephone\":\"+49942394170\",\"address\":{\"@type\":\"PostalAddress\",\"streetAddress\":\"Straubinger Stra\u00dfe 10\",\"addressLocality\":\"Geiselh\u00f6ring\",\"postalCode\":\"94333\",\"addressRegion\":\"BY\",\"addressCountry\":\"DE\"},\"contactPoint\":{\"@type\":\"ContactPoint\",\"telephone\":\"+49942394170\",\"contactType\":\"customer service\",\"availableLanguage\":\"de\",\"areaServed\":\"DE\"},\"knowsAbout\":[\"Bierbrauen\",\"Bayerisches Bier\",\"Hefeweizen\",\"Helles\",\"Doppelbock\",\"Festbier\",\"Privatbrauerei\",\"Bayerisches Reinheitsgebot\"],\"areaServed\":{\"@type\":\"AdministrativeArea\",\"name\":\"Niederbayern\"}}]}<\/script>\n<!-- \/ Yoast SEO plugin. -->","yoast_head_json":{"title":"Bier bestellen | Erl-Br\u00e4u Geiselh\u00f6ring","description":"Erlk\u00f6nig-Biere bequem per E-Mail bestellen. Lieferung Mo\u2013Do 8\u201316 Uhr, Fr 8\u201312 Uhr. Privatkunden bestellen \u00fcber Bierdahoam.","robots":{"index":"index","follow":"follow","max-snippet":"max-snippet:-1","max-image-preview":"max-image-preview:large","max-video-preview":"max-video-preview:-1"},"canonical":"https:\/\/www.erl-braeu.de\/brauerei\/bestellung\/","og_locale":"de_DE","og_type":"article","og_title":"Bier bestellen | Erl-Br\u00e4u Geiselh\u00f6ring","og_description":"Erlk\u00f6nig-Biere bequem per E-Mail bestellen. Lieferung Mo\u2013Do 8\u201316 Uhr, Fr 8\u201312 Uhr. Privatkunden bestellen \u00fcber Bierdahoam.","og_url":"https:\/\/www.erl-braeu.de\/brauerei\/bestellung\/","og_site_name":"ERL-Br\u00e4u","article_publisher":"https:\/\/www.facebook.com\/erl.braeu\/","article_modified_time":"2026-04-09T12:41:21+00:00","og_image":[{"width":500,"height":500,"url":"https:\/\/i0.wp.com\/www.erl-braeu.de\/brauerei\/wp-content\/uploads\/2020\/05\/200513_Bierdahoam.jpg?fit=500%2C500&ssl=1","type":"image\/jpeg"}],"twitter_card":"summary_large_image","twitter_misc":{"Gesch\u00e4tzte Lesezeit":"2\u00a0Minuten"},"schema":{"@context":"https:\/\/schema.org","@graph":[{"@type":"WebPage","@id":"https:\/\/www.erl-braeu.de\/brauerei\/bestellung\/","url":"https:\/\/www.erl-braeu.de\/brauerei\/bestellung\/","name":"Bier bestellen | Erl-Br\u00e4u Geiselh\u00f6ring","isPartOf":{"@id":"https:\/\/www.erl-braeu.de\/brauerei\/#website"},"datePublished":"2023-08-09T15:02:43+00:00","dateModified":"2026-04-09T12:41:21+00:00","description":"Erlk\u00f6nig-Biere bequem per E-Mail bestellen. Lieferung Mo\u2013Do 8\u201316 Uhr, Fr 8\u201312 Uhr. Privatkunden bestellen \u00fcber Bierdahoam.","inLanguage":"de","potentialAction":[{"@type":"ReadAction","target":["https:\/\/www.erl-braeu.de\/brauerei\/bestellung\/"]}]},{"@type":"WebSite","@id":"https:\/\/www.erl-braeu.de\/brauerei\/#website","url":"https:\/\/www.erl-braeu.de\/brauerei\/","name":"ERL-Br\u00e4u","description":"Der landfrische Biergenuss - Erlk\u00f6nig seit 1871","publisher":{"@id":"https:\/\/www.erl-braeu.de\/brauerei\/#organization"},"potentialAction":[{"@type":"SearchAction","target":{"@type":"EntryPoint","urlTemplate":"https:\/\/www.erl-braeu.de\/brauerei\/?s={search_term_string}"},"query-input":{"@type":"PropertyValueSpecification","valueRequired":true,"valueName":"search_term_string"}}],"inLanguage":"de"},{"@type":"Organization","@id":"https:\/\/www.erl-braeu.de\/brauerei\/#organization","name":"Erl-Br\u00e4u GmbH & Co. KG","url":"https:\/\/www.erl-braeu.de","logo":{"@type":"ImageObject","url":"https:\/\/www.erl-braeu.de\/brauerei\/wp-content\/uploads\/erl-braeu-logo.png"},"image":"https:\/\/www.erl-braeu.de\/brauerei\/wp-content\/uploads\/erl-braeu-logo.png","sameAs":["https:\/\/www.facebook.com\/erl.braeu\/","https:\/\/www.instagram.com\/erl.braeu\/","https:\/\/maps.google.com\/?cid=8752043724154341985","https:\/\/de.wikipedia.org\/wiki\/Erl-Br%C3%A4u"],"legalName":"Erl-Br\u00e4u GmbH & Co. KG","description":"Bayerische Privatbrauerei in Geiselh\u00f6ring. Handwerklich gebraute Erlk\u00f6nig-Biere seit 1871 \u2013 Hell, Weisse, Festbier, Imperator und mehr.","foundingDate":"1871","telephone":"+49942394170","address":{"@type":"PostalAddress","streetAddress":"Straubinger Stra\u00dfe 10","addressLocality":"Geiselh\u00f6ring","postalCode":"94333","addressRegion":"BY","addressCountry":"DE"},"contactPoint":{"@type":"ContactPoint","telephone":"+49942394170","contactType":"customer service","availableLanguage":"de","areaServed":"DE"},"knowsAbout":["Bierbrauen","Bayerisches Bier","Hefeweizen","Helles","Doppelbock","Festbier","Privatbrauerei","Bayerisches Reinheitsgebot"],"areaServed":{"@type":"AdministrativeArea","name":"Niederbayern"}}]}},"jetpack-related-posts":[],"jetpack_sharing_enabled":true,"_links":{"self":[{"href":"https:\/\/www.erl-braeu.de\/brauerei\/wp-json\/wp\/v2\/pages\/17278","targetHints":{"allow":["GET"]}}],"collection":[{"href":"https:\/\/www.erl-braeu.de\/brauerei\/wp-json\/wp\/v2\/pages"}],"about":[{"href":"https:\/\/www.erl-braeu.de\/brauerei\/wp-json\/wp\/v2\/types\/page"}],"author":[{"embeddable":true,"href":"https:\/\/www.erl-braeu.de\/brauerei\/wp-json\/wp\/v2\/users\/2"}],"replies":[{"embeddable":true,"href":"https:\/\/www.erl-braeu.de\/brauerei\/wp-json\/wp\/v2\/comments?post=17278"}],"version-history":[{"count":3,"href":"https:\/\/www.erl-braeu.de\/brauerei\/wp-json\/wp\/v2\/pages\/17278\/revisions"}],"predecessor-version":[{"id":19242,"href":"https:\/\/www.erl-braeu.de\/brauerei\/wp-json\/wp\/v2\/pages\/17278\/revisions\/19242"}],"wp:attachment":[{"href":"https:\/\/www.erl-braeu.de\/brauerei\/wp-json\/wp\/v2\/media?parent=17278"}],"curies":[{"name":"wp","href":"https:\/\/api.w.org\/{rel}","templated":true}]}}