{"id":15725,"date":"2020-04-28T15:16:50","date_gmt":"2020-04-28T13:16:50","guid":{"rendered":"https:\/\/www.erl-braeu.de\/brauerei\/?page_id=15725"},"modified":"2026-04-09T13:55:21","modified_gmt":"2026-04-09T11:55:21","slug":"hell","status":"publish","type":"page","link":"https:\/\/www.erl-braeu.de\/brauerei\/biergenuss\/hell\/","title":{"rendered":"Erlk\u00f6nig Hell"},"content":{"rendered":"<div class=\"wpb-content-wrapper\"><p>[vc_row css_animation=&#8220;&#8220; row_type=&#8220;row&#8220; use_row_as_full_screen_section=&#8220;no&#8220; type=&#8220;full_width&#8220; angled_section=&#8220;no&#8220; text_align=&#8220;left&#8220; background_image_as_pattern=&#8220;without_pattern&#8220;][vc_column width=&#8220;1\/4&#8243;][vc_single_image image=&#8220;18246&#8243; img_size=&#8220;full&#8220; css=&#8220;&#8220; qode_css_animation=&#8220;&#8220;][vc_separator type=&#8220;normal&#8220;][vc_single_image image=&#8220;17754&#8243; img_size=&#8220;full&#8220; alignment=&#8220;center&#8220; css=&#8220;&#8220; qode_css_animation=&#8220;&#8220;][vc_separator type=&#8220;normal&#8220;][vc_empty_space][\/vc_column][vc_column width=&#8220;3\/4&#8243;][vc_empty_space][vc_column_text css=&#8220;&#8220;]<\/p>\n<h2>Der traditionelle Biertyp unserer Brauerei<\/h2>\n<p>[\/vc_column_text][vc_empty_space][vc_column_text]Ein ERLicher Genuss mit s\u00fcffiger Geschmacksnote \u2013 im Nachtrunk harmonisch und abgerundet.[\/vc_column_text][vc_empty_space][vc_column_text]Handwerklich gebraut mit 100% Hallertauer Naturhopfen und frisch im Geschmack, da es weder kurzzeiterhitzt noch pasteurisiert wird.[\/vc_column_text][vc_empty_space][vc_column_text css=&#8220;&#8220;]Eine besondere Auszeichnung ist der European Beer Star 2018 in Bronze &#8211; als eines der drei Besten aus \u00fcber 100 Hellen weltweit.<\/p>\n<p>Seit 2024 ist unser Erlk\u00f6nig Hell mit 90 Punkten auch Teil der Finest Beer Selection der Doemens Akademie und des Meininger Verlags.[\/vc_column_text][vc_empty_space][vc_column_text css=&#8220;&#8220;]<\/p>\n<h3>5,0 % vol. Alkoholgehalt<\/h3>\n<p>[\/vc_column_text][vc_empty_space][vc_column_text]EAN: 42041221<br \/>\nGebinde: 20 x 0,5 ltr[\/vc_column_text][vc_empty_space height=&#8220;60px&#8220;][\/vc_column][\/vc_row]<\/p>\n<\/div>","protected":false},"excerpt":{"rendered":"<p>[vc_row css_animation=&#8220;&#8220; row_type=&#8220;row&#8220; use_row_as_full_screen_section=&#8220;no&#8220; type=&#8220;full_width&#8220; angled_section=&#8220;no&#8220; text_align=&#8220;left&#8220; background_image_as_pattern=&#8220;without_pattern&#8220;][vc_column width=&#8220;1\/4&#8243;][vc_single_image image=&#8220;18246&#8243; img_size=&#8220;full&#8220; css=&#8220;&#8220; qode_css_animation=&#8220;&#8220;][vc_separator type=&#8220;normal&#8220;][vc_single_image image=&#8220;17754&#8243; img_size=&#8220;full&#8220; alignment=&#8220;center&#8220; css=&#8220;&#8220; qode_css_animation=&#8220;&#8220;][vc_separator type=&#8220;normal&#8220;][vc_empty_space][\/vc_column][vc_column width=&#8220;3\/4&#8243;][vc_empty_space][vc_column_text css=&#8220;&#8220;] Der traditionelle Biertyp unserer Brauerei [\/vc_column_text][vc_empty_space][vc_column_text]Ein ERLicher Genuss mit s\u00fcffiger Geschmacksnote \u2013 im Nachtrunk harmonisch und abgerundet.[\/vc_column_text][vc_empty_space][vc_column_text]Handwerklich gebraut mit 100% Hallertauer Naturhopfen und&#8230;<\/p>\n","protected":false},"author":2,"featured_media":0,"parent":223,"menu_order":0,"comment_status":"closed","ping_status":"closed","template":"","meta":{"footnotes":""},"class_list":["post-15725","page","type-page","status-publish","hentry"],"yoast_head":"<!-- This site is optimized with the Yoast SEO plugin v27.3 - https:\/\/yoast.com\/product\/yoast-seo-wordpress\/ -->\n<title>Erlk\u00f6nig Hell \u2013 Ausgezeichnetes Helles | Erl-Br\u00e4u<\/title>\n<meta name=\"description\" content=\"Erlk\u00f6nig Hell: unpasteurisiert, 100% Hallertauer Hopfen, 5% vol. European Beer Star 2018 &amp; Finest Beer Selection 2024 mit 90 Punkten.\" \/>\n<meta name=\"robots\" content=\"index, follow, max-snippet:-1, max-image-preview:large, max-video-preview:-1\" \/>\n<link rel=\"canonical\" href=\"https:\/\/www.erl-braeu.de\/brauerei\/biergenuss\/hell\/\" \/>\n<meta property=\"og:locale\" content=\"de_DE\" \/>\n<meta property=\"og:type\" content=\"article\" \/>\n<meta property=\"og:title\" content=\"Erlk\u00f6nig Hell \u2013 Ausgezeichnetes Helles | Erl-Br\u00e4u\" \/>\n<meta property=\"og:description\" content=\"Erlk\u00f6nig Hell: unpasteurisiert, 100% Hallertauer Hopfen, 5% vol. European Beer Star 2018 &amp; Finest Beer Selection 2024 mit 90 Punkten.\" \/>\n<meta property=\"og:url\" content=\"https:\/\/www.erl-braeu.de\/brauerei\/biergenuss\/hell\/\" \/>\n<meta property=\"og:site_name\" content=\"ERL-Br\u00e4u\" \/>\n<meta property=\"article:publisher\" content=\"https:\/\/www.facebook.com\/erl.braeu\/\" \/>\n<meta property=\"article:modified_time\" content=\"2026-04-09T11:55:21+00:00\" \/>\n<meta property=\"og:image\" content=\"https:\/\/i0.wp.com\/www.erl-braeu.de\/brauerei\/wp-content\/uploads\/2020\/05\/200513_Bierdahoam.jpg?fit=500%2C500&ssl=1\" \/>\n\t<meta property=\"og:image:width\" content=\"500\" \/>\n\t<meta property=\"og:image:height\" content=\"500\" \/>\n\t<meta property=\"og:image:type\" content=\"image\/jpeg\" \/>\n<meta name=\"twitter:card\" content=\"summary_large_image\" \/>\n<meta name=\"twitter:label1\" content=\"Gesch\u00e4tzte Lesezeit\" \/>\n\t<meta name=\"twitter:data1\" content=\"1\u00a0Minute\" \/>\n<script type=\"application\/ld+json\" class=\"yoast-schema-graph\">{\"@context\":\"https:\\\/\\\/schema.org\",\"@graph\":[{\"@type\":\"WebPage\",\"@id\":\"https:\\\/\\\/www.erl-braeu.de\\\/brauerei\\\/biergenuss\\\/hell\\\/\",\"url\":\"https:\\\/\\\/www.erl-braeu.de\\\/brauerei\\\/biergenuss\\\/hell\\\/\",\"name\":\"Erlk\u00f6nig Hell \u2013 Ausgezeichnetes Helles | Erl-Br\u00e4u\",\"isPartOf\":{\"@id\":\"https:\\\/\\\/www.erl-braeu.de\\\/brauerei\\\/#website\"},\"datePublished\":\"2020-04-28T13:16:50+00:00\",\"dateModified\":\"2026-04-09T11:55:21+00:00\",\"description\":\"Erlk\u00f6nig Hell: unpasteurisiert, 100% Hallertauer Hopfen, 5% vol. European Beer Star 2018 & Finest Beer Selection 2024 mit 90 Punkten.\",\"inLanguage\":\"de\",\"potentialAction\":[{\"@type\":\"ReadAction\",\"target\":[\"https:\\\/\\\/www.erl-braeu.de\\\/brauerei\\\/biergenuss\\\/hell\\\/\"]}]},{\"@type\":\"WebSite\",\"@id\":\"https:\\\/\\\/www.erl-braeu.de\\\/brauerei\\\/#website\",\"url\":\"https:\\\/\\\/www.erl-braeu.de\\\/brauerei\\\/\",\"name\":\"ERL-Br\u00e4u\",\"description\":\"Der landfrische Biergenuss - Erlk\u00f6nig seit 1871\",\"publisher\":{\"@id\":\"https:\\\/\\\/www.erl-braeu.de\\\/brauerei\\\/#organization\"},\"potentialAction\":[{\"@type\":\"SearchAction\",\"target\":{\"@type\":\"EntryPoint\",\"urlTemplate\":\"https:\\\/\\\/www.erl-braeu.de\\\/brauerei\\\/?s={search_term_string}\"},\"query-input\":{\"@type\":\"PropertyValueSpecification\",\"valueRequired\":true,\"valueName\":\"search_term_string\"}}],\"inLanguage\":\"de\"},{\"@type\":\"Organization\",\"@id\":\"https:\\\/\\\/www.erl-braeu.de\\\/brauerei\\\/#organization\",\"name\":\"Erl-Br\u00e4u GmbH & Co. KG\",\"url\":\"https:\\\/\\\/www.erl-braeu.de\",\"logo\":{\"@type\":\"ImageObject\",\"url\":\"https:\\\/\\\/www.erl-braeu.de\\\/brauerei\\\/wp-content\\\/uploads\\\/erl-braeu-logo.png\"},\"image\":\"https:\\\/\\\/www.erl-braeu.de\\\/brauerei\\\/wp-content\\\/uploads\\\/erl-braeu-logo.png\",\"sameAs\":[\"https:\\\/\\\/www.facebook.com\\\/erl.braeu\\\/\",\"https:\\\/\\\/www.instagram.com\\\/erl.braeu\\\/\",\"https:\\\/\\\/maps.google.com\\\/?cid=8752043724154341985\",\"https:\\\/\\\/de.wikipedia.org\\\/wiki\\\/Erl-Br%C3%A4u\"],\"legalName\":\"Erl-Br\u00e4u GmbH & Co. KG\",\"description\":\"Bayerische Privatbrauerei in Geiselh\u00f6ring. Handwerklich gebraute Erlk\u00f6nig-Biere seit 1871 \u2013 Hell, Weisse, Festbier, Imperator und mehr.\",\"foundingDate\":\"1871\",\"telephone\":\"+49942394170\",\"address\":{\"@type\":\"PostalAddress\",\"streetAddress\":\"Straubinger Stra\u00dfe 10\",\"addressLocality\":\"Geiselh\u00f6ring\",\"postalCode\":\"94333\",\"addressRegion\":\"BY\",\"addressCountry\":\"DE\"},\"contactPoint\":{\"@type\":\"ContactPoint\",\"telephone\":\"+49942394170\",\"contactType\":\"customer service\",\"availableLanguage\":\"de\",\"areaServed\":\"DE\"},\"knowsAbout\":[\"Bierbrauen\",\"Bayerisches Bier\",\"Hefeweizen\",\"Helles\",\"Doppelbock\",\"Festbier\",\"Privatbrauerei\",\"Bayerisches Reinheitsgebot\"],\"areaServed\":{\"@type\":\"AdministrativeArea\",\"name\":\"Niederbayern\"}}]}<\/script>\n<!-- \/ Yoast SEO plugin. -->","yoast_head_json":{"title":"Erlk\u00f6nig Hell \u2013 Ausgezeichnetes Helles | Erl-Br\u00e4u","description":"Erlk\u00f6nig Hell: unpasteurisiert, 100% Hallertauer Hopfen, 5% vol. European Beer Star 2018 & Finest Beer Selection 2024 mit 90 Punkten.","robots":{"index":"index","follow":"follow","max-snippet":"max-snippet:-1","max-image-preview":"max-image-preview:large","max-video-preview":"max-video-preview:-1"},"canonical":"https:\/\/www.erl-braeu.de\/brauerei\/biergenuss\/hell\/","og_locale":"de_DE","og_type":"article","og_title":"Erlk\u00f6nig Hell \u2013 Ausgezeichnetes Helles | Erl-Br\u00e4u","og_description":"Erlk\u00f6nig Hell: unpasteurisiert, 100% Hallertauer Hopfen, 5% vol. European Beer Star 2018 & Finest Beer Selection 2024 mit 90 Punkten.","og_url":"https:\/\/www.erl-braeu.de\/brauerei\/biergenuss\/hell\/","og_site_name":"ERL-Br\u00e4u","article_publisher":"https:\/\/www.facebook.com\/erl.braeu\/","article_modified_time":"2026-04-09T11:55:21+00:00","og_image":[{"width":500,"height":500,"url":"https:\/\/i0.wp.com\/www.erl-braeu.de\/brauerei\/wp-content\/uploads\/2020\/05\/200513_Bierdahoam.jpg?fit=500%2C500&ssl=1","type":"image\/jpeg"}],"twitter_card":"summary_large_image","twitter_misc":{"Gesch\u00e4tzte Lesezeit":"1\u00a0Minute"},"schema":{"@context":"https:\/\/schema.org","@graph":[{"@type":"WebPage","@id":"https:\/\/www.erl-braeu.de\/brauerei\/biergenuss\/hell\/","url":"https:\/\/www.erl-braeu.de\/brauerei\/biergenuss\/hell\/","name":"Erlk\u00f6nig Hell \u2013 Ausgezeichnetes Helles | Erl-Br\u00e4u","isPartOf":{"@id":"https:\/\/www.erl-braeu.de\/brauerei\/#website"},"datePublished":"2020-04-28T13:16:50+00:00","dateModified":"2026-04-09T11:55:21+00:00","description":"Erlk\u00f6nig Hell: unpasteurisiert, 100% Hallertauer Hopfen, 5% vol. European Beer Star 2018 & Finest Beer Selection 2024 mit 90 Punkten.","inLanguage":"de","potentialAction":[{"@type":"ReadAction","target":["https:\/\/www.erl-braeu.de\/brauerei\/biergenuss\/hell\/"]}]},{"@type":"WebSite","@id":"https:\/\/www.erl-braeu.de\/brauerei\/#website","url":"https:\/\/www.erl-braeu.de\/brauerei\/","name":"ERL-Br\u00e4u","description":"Der landfrische Biergenuss - Erlk\u00f6nig seit 1871","publisher":{"@id":"https:\/\/www.erl-braeu.de\/brauerei\/#organization"},"potentialAction":[{"@type":"SearchAction","target":{"@type":"EntryPoint","urlTemplate":"https:\/\/www.erl-braeu.de\/brauerei\/?s={search_term_string}"},"query-input":{"@type":"PropertyValueSpecification","valueRequired":true,"valueName":"search_term_string"}}],"inLanguage":"de"},{"@type":"Organization","@id":"https:\/\/www.erl-braeu.de\/brauerei\/#organization","name":"Erl-Br\u00e4u GmbH & Co. KG","url":"https:\/\/www.erl-braeu.de","logo":{"@type":"ImageObject","url":"https:\/\/www.erl-braeu.de\/brauerei\/wp-content\/uploads\/erl-braeu-logo.png"},"image":"https:\/\/www.erl-braeu.de\/brauerei\/wp-content\/uploads\/erl-braeu-logo.png","sameAs":["https:\/\/www.facebook.com\/erl.braeu\/","https:\/\/www.instagram.com\/erl.braeu\/","https:\/\/maps.google.com\/?cid=8752043724154341985","https:\/\/de.wikipedia.org\/wiki\/Erl-Br%C3%A4u"],"legalName":"Erl-Br\u00e4u GmbH & Co. KG","description":"Bayerische Privatbrauerei in Geiselh\u00f6ring. Handwerklich gebraute Erlk\u00f6nig-Biere seit 1871 \u2013 Hell, Weisse, Festbier, Imperator und mehr.","foundingDate":"1871","telephone":"+49942394170","address":{"@type":"PostalAddress","streetAddress":"Straubinger Stra\u00dfe 10","addressLocality":"Geiselh\u00f6ring","postalCode":"94333","addressRegion":"BY","addressCountry":"DE"},"contactPoint":{"@type":"ContactPoint","telephone":"+49942394170","contactType":"customer service","availableLanguage":"de","areaServed":"DE"},"knowsAbout":["Bierbrauen","Bayerisches Bier","Hefeweizen","Helles","Doppelbock","Festbier","Privatbrauerei","Bayerisches Reinheitsgebot"],"areaServed":{"@type":"AdministrativeArea","name":"Niederbayern"}}]}},"jetpack-related-posts":[],"jetpack_sharing_enabled":true,"_links":{"self":[{"href":"https:\/\/www.erl-braeu.de\/brauerei\/wp-json\/wp\/v2\/pages\/15725","targetHints":{"allow":["GET"]}}],"collection":[{"href":"https:\/\/www.erl-braeu.de\/brauerei\/wp-json\/wp\/v2\/pages"}],"about":[{"href":"https:\/\/www.erl-braeu.de\/brauerei\/wp-json\/wp\/v2\/types\/page"}],"author":[{"embeddable":true,"href":"https:\/\/www.erl-braeu.de\/brauerei\/wp-json\/wp\/v2\/users\/2"}],"replies":[{"embeddable":true,"href":"https:\/\/www.erl-braeu.de\/brauerei\/wp-json\/wp\/v2\/comments?post=15725"}],"version-history":[{"count":3,"href":"https:\/\/www.erl-braeu.de\/brauerei\/wp-json\/wp\/v2\/pages\/15725\/revisions"}],"predecessor-version":[{"id":19288,"href":"https:\/\/www.erl-braeu.de\/brauerei\/wp-json\/wp\/v2\/pages\/15725\/revisions\/19288"}],"up":[{"embeddable":true,"href":"https:\/\/www.erl-braeu.de\/brauerei\/wp-json\/wp\/v2\/pages\/223"}],"wp:attachment":[{"href":"https:\/\/www.erl-braeu.de\/brauerei\/wp-json\/wp\/v2\/media?parent=15725"}],"curies":[{"name":"wp","href":"https:\/\/api.w.org\/{rel}","templated":true}]}}