{"id":15624,"date":"2020-04-27T15:55:17","date_gmt":"2020-04-27T13:55:17","guid":{"rendered":"http:\/\/test.erl-braeu.de\/?page_id=15624"},"modified":"2026-04-09T14:13:02","modified_gmt":"2026-04-09T12:13:02","slug":"presse","status":"publish","type":"page","link":"https:\/\/www.erl-braeu.de\/brauerei\/presse\/","title":{"rendered":"Presseschau"},"content":{"rendered":"<div class=\"wpb-content-wrapper\"><p>[vc_row css_animation=&#8220;&#8220; row_type=&#8220;row&#8220; use_row_as_full_screen_section=&#8220;no&#8220; type=&#8220;full_width&#8220; angled_section=&#8220;no&#8220; text_align=&#8220;left&#8220; background_image_as_pattern=&#8220;without_pattern&#8220;][vc_column width=&#8220;1\/3&#8243;][vc_column_text css=&#8220;&#8220;]<\/p>\n<h2>In der Presse<\/h2>\n<p>[\/vc_column_text][vc_empty_space][\/vc_column][vc_column width=&#8220;2\/3&#8243;]<div class=\"q_list circle\">\n\t<\/p>\n<ul>\n<li>20.04.2020: <a href=\"https:\/\/www.wochenblatt.de\/boulevard\/straubing\/artikel\/324170\/erl-braeu-startet-die-aktion-lieblingswirt\" target=\"_blank\" rel=\"noopener noreferrer\">Erl-Br\u00e4u startet die Aktion Lieblingswirt<\/a>, <strong>Wochenblatt Straubing<\/strong><\/li>\n<li>20.04.2020 <a href=\"https:\/\/www.blizz-regensburg.de\/soziales\/lieblingswirt-spendenaktion-119313\/\" target=\"_blank\" rel=\"noopener noreferrer\">Lieblingswirt Spendenaktion<\/a>, <strong>Blizz Regensburg<\/strong><\/li>\n<li>21.02.2019 <a href=\"https:\/\/www.wochenblatt.de\/kultur\/straubing\/artikel\/276369\/erl-braeu-bringt-schaefflertanz-sonderedition-auf-den-markt\" target=\"_blank\" rel=\"noopener noreferrer\">Erl-Br\u00e4u bringt Sch\u00e4fflertanz-Sonderedition auf den Markt<\/a>, <strong>Wochenblatt Straubing<\/strong><\/li>\n<li>27.11.2018: <a href=\"https:\/\/www.blizz-regensburg.de\/wirtschaft\/erl-braeu-erhaelt-zwei-preise-beim-european-beer-star-104672\/\" target=\"_blank\" rel=\"noopener noreferrer\">Erl-Br\u00e4u erh\u00e4lt zwei Preise beim European Beer Star<\/a>, <strong>Blizz Regensburg<\/strong><\/li>\n<li>07.02.2018: <a href=\"https:\/\/www.wochenblatt.de\/boulevard\/straubing\/artikel\/225810\/krieg-der-sterne-laesst-gruessen\" target=\"_blank\" rel=\"noopener noreferrer\">&#8222;Krieg der Sterne&#8220; l\u00e4sst gr\u00fc\u00dfen: &#8222;Der IMPERATOR kehrt zur\u00fcck&#8220;<\/a>, <strong>Wochenblatt Straubing<\/strong><\/li>\n<li>29.07.2017: <a href=\"https:\/\/www.blizz-regensburg.de\/wirtschaft\/gold-beim-europea-beer-star-fuer-erl-braeu-73852\/\" target=\"_blank\" rel=\"noopener noreferrer\">Gold beim Europea Beer Star f\u00fcr Erl-Br\u00e4u<\/a>, <strong>Blizz Regensburg<\/strong><\/li>\n<li>09.07.2017: <a href=\"http:\/\/www.mittelbayerische.de\/region\/regensburg-land\/gemeinden\/lappersdorf\/benefiztour-soll-15000-euro-bringen-21392-art1538811.html\" target=\"_blank\" rel=\"noopener noreferrer\">Erl-Br\u00e4u Benefiztour<\/a>, <strong>Mittelbayerische Zeitung<\/strong><\/li>\n<li>10.04.2017: <a href=\"http:\/\/www.heimatzeitung.de\/lokales\/altbayerische_heimatpost\/2468393_Goldene-Krone-fuer-den-Erlkoenig.html\" target=\"_blank\" rel=\"noopener noreferrer\">Goldene Krone f\u00fcr den Erlk\u00f6nig<\/a>, <strong>Passauer Neue Presse, <\/strong>Altbayerische Heimatpost<\/li>\n<li>01.04.2017: <a href=\"http:\/\/www.erl-braeu.de\/brauerei\/files\/ihk_bierolymp.png\" target=\"_blank\" rel=\"noopener noreferrer\">Zwei \u201eErlk\u00f6nige&#8220; auf Europas Bierolymp<\/a>, <strong>IHK, <\/strong>Niederbayrische Wirtschaft<\/li>\n<li>18.11.2016: <a href=\"https:\/\/www.tz.de\/muenchen\/gastronomie\/bestes-helles-deutschlands-praemiert-kommt-bayern-6991363.html\" target=\"_blank\" rel=\"noopener noreferrer\">Bestes Festbier Deutschlands<\/a>, <strong>TZ M\u00fcnchen<\/strong><\/li>\n<li>16.11.2016: <a href=\"http:\/\/www.bayerische-staatszeitung.de\/staatszeitung\/wirtschaft\/detailansicht-wirtschaft\/artikel\/medaillenregen-fuer-ostbayerische-brauereien.html\" target=\"_blank\" rel=\"noopener noreferrer\">Medaillenregen f\u00fcr ostbayerische Brauereien<\/a>, <strong>Bayerische Staatszeitung<\/strong><\/li>\n<li>09.11.2016: <a href=\"http:\/\/www.br.de\/mediathek\/video\/sendungen\/abendschau-der-sueden\/erl-braeu-auszeichnung-100.html\" target=\"_blank\" rel=\"noopener noreferrer\">&#8222;European Beer Star&#8220;: Zweimal Gold geht nach Geiselh\u00f6ring<\/a>, <strong>BR Fernsehen<\/strong><\/li>\n<li>09.11.2016: <a href=\"http:\/\/www.wochenblatt.de\/nachrichten\/straubing\/regionales\/European-Beer-Star-Doppelsieg-fuer-Erl-Braeu-aus-Geiselhoering;art1169,403031\" target=\"_blank\" rel=\"noopener noreferrer\">&#8222;European Beer Star&#8220;: Doppelsieg f\u00fcr <em><span style=\"color: darkgreen;text-decoration: none\">Erl<\/span><\/em>&#8211;<em><span style=\"color: darkgreen;text-decoration: none\">Br\u00e4u<\/span><\/em> aus Geiselh\u00f6ring.<\/a>, <strong>Wochenblatt Straubing<\/strong><\/li>\n<li>17.02.2016: <a href=\"http:\/\/www.wochenblatt.de\/nachrichten\/straubing\/regionales\/Imperator-Kommt-das-Weltrekord-Bier-aus-Geiselhoering-;art1169,352711\" target=\"_blank\" rel=\"noopener noreferrer\">Imperator: Kommt das Weltrekord-Bier aus Geiselh\u00f6ring?<\/a>, <strong>Wochenblatt Straubing<\/strong><\/li>\n<\/ul>\n<p><\/div>[\/vc_column][\/vc_row][vc_row css_animation=&#8220;&#8220; row_type=&#8220;row&#8220; use_row_as_full_screen_section=&#8220;no&#8220; type=&#8220;full_width&#8220; angled_section=&#8220;no&#8220; text_align=&#8220;left&#8220; background_image_as_pattern=&#8220;without_pattern&#8220;][vc_column][vc_empty_space][vc_zigzag][vc_empty_space][\/vc_column][\/vc_row][vc_row css_animation=&#8220;&#8220; row_type=&#8220;row&#8220; use_row_as_full_screen_section=&#8220;no&#8220; type=&#8220;full_width&#8220; angled_section=&#8220;no&#8220; text_align=&#8220;left&#8220; background_image_as_pattern=&#8220;without_pattern&#8220;][vc_column width=&#8220;1\/3&#8243;][vc_column_text css=&#8220;&#8220;]<\/p>\n<h2>Im Fernsehen<\/h2>\n<p>[\/vc_column_text][vc_empty_space][\/vc_column][vc_column width=&#8220;2\/3&#8243;][vc_column_text css=&#8220;&#8220;]<\/p>\n<h3><strong><a href=\"https:\/\/deggendorf.niederbayerntv.de\/mediathek\/video\/lebendige-geschichte-geiselhoeringer-schaefflertaenzer-laeuten-faschingshoehepunkt-ein\/\" target=\"_blank\" rel=\"noopener noreferrer\">Erl-Br\u00e4u Sonderedition zum Sch\u00e4fflertanz 2019 der Sch\u00e4fflergruppe 1893 auf Donau TV<\/a><\/strong><\/h3>\n<p>[\/vc_column_text][vc_empty_space][vc_column_text css=&#8220;&#8220;]<\/p>\n<h3><strong><a href=\"http:\/\/www.br.de\/mediathek\/video\/sendungen\/abendschau-der-sueden\/erl-braeu-auszeichnung-100.html\" target=\"_blank\" rel=\"noopener noreferrer\">Erl-Br\u00e4u in der Abendschau beim Bayrischen Rundfunk<\/a><\/strong><\/h3>\n<p>[\/vc_column_text][vc_empty_space][vc_column_text css=&#8220;&#8220;]<\/p>\n<h3><strong>Erl-Br\u00e4u in &#8222;Unter unserem Himmel&#8220; beim Bayrischen Rundfunk<\/strong><\/h3>\n<p>[\/vc_column_text][vc_empty_space][vc_video link=&#8220;http:\/\/www.dailymotion.com\/embed\/video\/x2y6koi&#8220;][vc_empty_space][\/vc_column][\/vc_row]<\/p>\n<\/div>","protected":false},"excerpt":{"rendered":"<p>[vc_row css_animation=&#8220;&#8220; row_type=&#8220;row&#8220; use_row_as_full_screen_section=&#8220;no&#8220; type=&#8220;full_width&#8220; angled_section=&#8220;no&#8220; text_align=&#8220;left&#8220; background_image_as_pattern=&#8220;without_pattern&#8220;][vc_column width=&#8220;1\/3&#8243;][vc_column_text css=&#8220;&#8220;] In der Presse [\/vc_column_text][vc_empty_space][\/vc_column][vc_column width=&#8220;2\/3&#8243;][\/vc_column][\/vc_row][vc_row css_animation=&#8220;&#8220; row_type=&#8220;row&#8220; use_row_as_full_screen_section=&#8220;no&#8220; type=&#8220;full_width&#8220; angled_section=&#8220;no&#8220; text_align=&#8220;left&#8220; background_image_as_pattern=&#8220;without_pattern&#8220;][vc_column][vc_empty_space][vc_zigzag][vc_empty_space][\/vc_column][\/vc_row][vc_row css_animation=&#8220;&#8220; row_type=&#8220;row&#8220; use_row_as_full_screen_section=&#8220;no&#8220; type=&#8220;full_width&#8220; angled_section=&#8220;no&#8220; text_align=&#8220;left&#8220; background_image_as_pattern=&#8220;without_pattern&#8220;][vc_column width=&#8220;1\/3&#8243;][vc_column_text css=&#8220;&#8220;] Im Fernsehen [\/vc_column_text][vc_empty_space][\/vc_column][vc_column width=&#8220;2\/3&#8243;][vc_column_text css=&#8220;&#8220;] Erl-Br\u00e4u Sonderedition zum Sch\u00e4fflertanz 2019 der Sch\u00e4fflergruppe 1893 auf&#8230;<\/p>\n","protected":false},"author":1,"featured_media":0,"parent":0,"menu_order":0,"comment_status":"closed","ping_status":"closed","template":"","meta":{"footnotes":""},"class_list":["post-15624","page","type-page","status-publish","hentry"],"yoast_head":"<!-- This site is optimized with the Yoast SEO plugin v27.3 - https:\/\/yoast.com\/product\/yoast-seo-wordpress\/ -->\n<title>Presseschau | Erl-Br\u00e4u in Medien &amp; TV<\/title>\n<meta name=\"description\" content=\"Erl-Br\u00e4u in der Presse: BR Fernsehen, TZ M\u00fcnchen, Wochenblatt &amp; mehr. Berichte \u00fcber European Beer Star, Auszeichnungen &amp; Aktionen.\" \/>\n<meta name=\"robots\" content=\"index, follow, max-snippet:-1, max-image-preview:large, max-video-preview:-1\" \/>\n<link rel=\"canonical\" href=\"https:\/\/www.erl-braeu.de\/brauerei\/presse\/\" \/>\n<meta property=\"og:locale\" content=\"de_DE\" \/>\n<meta property=\"og:type\" content=\"article\" \/>\n<meta property=\"og:title\" content=\"Presseschau | Erl-Br\u00e4u in Medien &amp; TV\" \/>\n<meta property=\"og:description\" content=\"Erl-Br\u00e4u in der Presse: BR Fernsehen, TZ M\u00fcnchen, Wochenblatt &amp; mehr. Berichte \u00fcber European Beer Star, Auszeichnungen &amp; Aktionen.\" \/>\n<meta property=\"og:url\" content=\"https:\/\/www.erl-braeu.de\/brauerei\/presse\/\" \/>\n<meta property=\"og:site_name\" content=\"ERL-Br\u00e4u\" \/>\n<meta property=\"article:publisher\" content=\"https:\/\/www.facebook.com\/erl.braeu\/\" \/>\n<meta property=\"article:modified_time\" content=\"2026-04-09T12:13:02+00:00\" \/>\n<meta property=\"og:image\" content=\"https:\/\/i0.wp.com\/www.erl-braeu.de\/brauerei\/wp-content\/uploads\/2020\/05\/200513_Bierdahoam.jpg?fit=500%2C500&ssl=1\" \/>\n\t<meta property=\"og:image:width\" content=\"500\" \/>\n\t<meta property=\"og:image:height\" content=\"500\" \/>\n\t<meta property=\"og:image:type\" content=\"image\/jpeg\" \/>\n<meta name=\"twitter:card\" content=\"summary_large_image\" \/>\n<meta name=\"twitter:label1\" content=\"Gesch\u00e4tzte Lesezeit\" \/>\n\t<meta name=\"twitter:data1\" content=\"2\u00a0Minuten\" \/>\n<script type=\"application\/ld+json\" class=\"yoast-schema-graph\">{\"@context\":\"https:\\\/\\\/schema.org\",\"@graph\":[{\"@type\":\"WebPage\",\"@id\":\"https:\\\/\\\/www.erl-braeu.de\\\/brauerei\\\/presse\\\/\",\"url\":\"https:\\\/\\\/www.erl-braeu.de\\\/brauerei\\\/presse\\\/\",\"name\":\"Presseschau | Erl-Br\u00e4u in Medien & TV\",\"isPartOf\":{\"@id\":\"https:\\\/\\\/www.erl-braeu.de\\\/brauerei\\\/#website\"},\"datePublished\":\"2020-04-27T13:55:17+00:00\",\"dateModified\":\"2026-04-09T12:13:02+00:00\",\"description\":\"Erl-Br\u00e4u in der Presse: BR Fernsehen, TZ M\u00fcnchen, Wochenblatt & mehr. Berichte \u00fcber European Beer Star, Auszeichnungen & Aktionen.\",\"inLanguage\":\"de\",\"potentialAction\":[{\"@type\":\"ReadAction\",\"target\":[\"https:\\\/\\\/www.erl-braeu.de\\\/brauerei\\\/presse\\\/\"]}]},{\"@type\":\"WebSite\",\"@id\":\"https:\\\/\\\/www.erl-braeu.de\\\/brauerei\\\/#website\",\"url\":\"https:\\\/\\\/www.erl-braeu.de\\\/brauerei\\\/\",\"name\":\"ERL-Br\u00e4u\",\"description\":\"Der landfrische Biergenuss - Erlk\u00f6nig seit 1871\",\"publisher\":{\"@id\":\"https:\\\/\\\/www.erl-braeu.de\\\/brauerei\\\/#organization\"},\"potentialAction\":[{\"@type\":\"SearchAction\",\"target\":{\"@type\":\"EntryPoint\",\"urlTemplate\":\"https:\\\/\\\/www.erl-braeu.de\\\/brauerei\\\/?s={search_term_string}\"},\"query-input\":{\"@type\":\"PropertyValueSpecification\",\"valueRequired\":true,\"valueName\":\"search_term_string\"}}],\"inLanguage\":\"de\"},{\"@type\":\"Organization\",\"@id\":\"https:\\\/\\\/www.erl-braeu.de\\\/brauerei\\\/#organization\",\"name\":\"Erl-Br\u00e4u GmbH & Co. KG\",\"url\":\"https:\\\/\\\/www.erl-braeu.de\",\"logo\":{\"@type\":\"ImageObject\",\"url\":\"https:\\\/\\\/www.erl-braeu.de\\\/brauerei\\\/wp-content\\\/uploads\\\/erl-braeu-logo.png\"},\"image\":\"https:\\\/\\\/www.erl-braeu.de\\\/brauerei\\\/wp-content\\\/uploads\\\/erl-braeu-logo.png\",\"sameAs\":[\"https:\\\/\\\/www.facebook.com\\\/erl.braeu\\\/\",\"https:\\\/\\\/www.instagram.com\\\/erl.braeu\\\/\",\"https:\\\/\\\/maps.google.com\\\/?cid=8752043724154341985\",\"https:\\\/\\\/de.wikipedia.org\\\/wiki\\\/Erl-Br%C3%A4u\"],\"legalName\":\"Erl-Br\u00e4u GmbH & Co. KG\",\"description\":\"Bayerische Privatbrauerei in Geiselh\u00f6ring. Handwerklich gebraute Erlk\u00f6nig-Biere seit 1871 \u2013 Hell, Weisse, Festbier, Imperator und mehr.\",\"foundingDate\":\"1871\",\"telephone\":\"+49942394170\",\"address\":{\"@type\":\"PostalAddress\",\"streetAddress\":\"Straubinger Stra\u00dfe 10\",\"addressLocality\":\"Geiselh\u00f6ring\",\"postalCode\":\"94333\",\"addressRegion\":\"BY\",\"addressCountry\":\"DE\"},\"contactPoint\":{\"@type\":\"ContactPoint\",\"telephone\":\"+49942394170\",\"contactType\":\"customer service\",\"availableLanguage\":\"de\",\"areaServed\":\"DE\"},\"knowsAbout\":[\"Bierbrauen\",\"Bayerisches Bier\",\"Hefeweizen\",\"Helles\",\"Doppelbock\",\"Festbier\",\"Privatbrauerei\",\"Bayerisches Reinheitsgebot\"],\"areaServed\":{\"@type\":\"AdministrativeArea\",\"name\":\"Niederbayern\"}}]}<\/script>\n<!-- \/ Yoast SEO plugin. -->","yoast_head_json":{"title":"Presseschau | Erl-Br\u00e4u in Medien & TV","description":"Erl-Br\u00e4u in der Presse: BR Fernsehen, TZ M\u00fcnchen, Wochenblatt & mehr. Berichte \u00fcber European Beer Star, Auszeichnungen & Aktionen.","robots":{"index":"index","follow":"follow","max-snippet":"max-snippet:-1","max-image-preview":"max-image-preview:large","max-video-preview":"max-video-preview:-1"},"canonical":"https:\/\/www.erl-braeu.de\/brauerei\/presse\/","og_locale":"de_DE","og_type":"article","og_title":"Presseschau | Erl-Br\u00e4u in Medien & TV","og_description":"Erl-Br\u00e4u in der Presse: BR Fernsehen, TZ M\u00fcnchen, Wochenblatt & mehr. Berichte \u00fcber European Beer Star, Auszeichnungen & Aktionen.","og_url":"https:\/\/www.erl-braeu.de\/brauerei\/presse\/","og_site_name":"ERL-Br\u00e4u","article_publisher":"https:\/\/www.facebook.com\/erl.braeu\/","article_modified_time":"2026-04-09T12:13:02+00:00","og_image":[{"width":500,"height":500,"url":"https:\/\/i0.wp.com\/www.erl-braeu.de\/brauerei\/wp-content\/uploads\/2020\/05\/200513_Bierdahoam.jpg?fit=500%2C500&ssl=1","type":"image\/jpeg"}],"twitter_card":"summary_large_image","twitter_misc":{"Gesch\u00e4tzte Lesezeit":"2\u00a0Minuten"},"schema":{"@context":"https:\/\/schema.org","@graph":[{"@type":"WebPage","@id":"https:\/\/www.erl-braeu.de\/brauerei\/presse\/","url":"https:\/\/www.erl-braeu.de\/brauerei\/presse\/","name":"Presseschau | Erl-Br\u00e4u in Medien & TV","isPartOf":{"@id":"https:\/\/www.erl-braeu.de\/brauerei\/#website"},"datePublished":"2020-04-27T13:55:17+00:00","dateModified":"2026-04-09T12:13:02+00:00","description":"Erl-Br\u00e4u in der Presse: BR Fernsehen, TZ M\u00fcnchen, Wochenblatt & mehr. Berichte \u00fcber European Beer Star, Auszeichnungen & Aktionen.","inLanguage":"de","potentialAction":[{"@type":"ReadAction","target":["https:\/\/www.erl-braeu.de\/brauerei\/presse\/"]}]},{"@type":"WebSite","@id":"https:\/\/www.erl-braeu.de\/brauerei\/#website","url":"https:\/\/www.erl-braeu.de\/brauerei\/","name":"ERL-Br\u00e4u","description":"Der landfrische Biergenuss - Erlk\u00f6nig seit 1871","publisher":{"@id":"https:\/\/www.erl-braeu.de\/brauerei\/#organization"},"potentialAction":[{"@type":"SearchAction","target":{"@type":"EntryPoint","urlTemplate":"https:\/\/www.erl-braeu.de\/brauerei\/?s={search_term_string}"},"query-input":{"@type":"PropertyValueSpecification","valueRequired":true,"valueName":"search_term_string"}}],"inLanguage":"de"},{"@type":"Organization","@id":"https:\/\/www.erl-braeu.de\/brauerei\/#organization","name":"Erl-Br\u00e4u GmbH & Co. KG","url":"https:\/\/www.erl-braeu.de","logo":{"@type":"ImageObject","url":"https:\/\/www.erl-braeu.de\/brauerei\/wp-content\/uploads\/erl-braeu-logo.png"},"image":"https:\/\/www.erl-braeu.de\/brauerei\/wp-content\/uploads\/erl-braeu-logo.png","sameAs":["https:\/\/www.facebook.com\/erl.braeu\/","https:\/\/www.instagram.com\/erl.braeu\/","https:\/\/maps.google.com\/?cid=8752043724154341985","https:\/\/de.wikipedia.org\/wiki\/Erl-Br%C3%A4u"],"legalName":"Erl-Br\u00e4u GmbH & Co. KG","description":"Bayerische Privatbrauerei in Geiselh\u00f6ring. Handwerklich gebraute Erlk\u00f6nig-Biere seit 1871 \u2013 Hell, Weisse, Festbier, Imperator und mehr.","foundingDate":"1871","telephone":"+49942394170","address":{"@type":"PostalAddress","streetAddress":"Straubinger Stra\u00dfe 10","addressLocality":"Geiselh\u00f6ring","postalCode":"94333","addressRegion":"BY","addressCountry":"DE"},"contactPoint":{"@type":"ContactPoint","telephone":"+49942394170","contactType":"customer service","availableLanguage":"de","areaServed":"DE"},"knowsAbout":["Bierbrauen","Bayerisches Bier","Hefeweizen","Helles","Doppelbock","Festbier","Privatbrauerei","Bayerisches Reinheitsgebot"],"areaServed":{"@type":"AdministrativeArea","name":"Niederbayern"}}]}},"jetpack-related-posts":[],"jetpack_sharing_enabled":true,"_links":{"self":[{"href":"https:\/\/www.erl-braeu.de\/brauerei\/wp-json\/wp\/v2\/pages\/15624","targetHints":{"allow":["GET"]}}],"collection":[{"href":"https:\/\/www.erl-braeu.de\/brauerei\/wp-json\/wp\/v2\/pages"}],"about":[{"href":"https:\/\/www.erl-braeu.de\/brauerei\/wp-json\/wp\/v2\/types\/page"}],"author":[{"embeddable":true,"href":"https:\/\/www.erl-braeu.de\/brauerei\/wp-json\/wp\/v2\/users\/1"}],"replies":[{"embeddable":true,"href":"https:\/\/www.erl-braeu.de\/brauerei\/wp-json\/wp\/v2\/comments?post=15624"}],"version-history":[{"count":3,"href":"https:\/\/www.erl-braeu.de\/brauerei\/wp-json\/wp\/v2\/pages\/15624\/revisions"}],"predecessor-version":[{"id":19308,"href":"https:\/\/www.erl-braeu.de\/brauerei\/wp-json\/wp\/v2\/pages\/15624\/revisions\/19308"}],"wp:attachment":[{"href":"https:\/\/www.erl-braeu.de\/brauerei\/wp-json\/wp\/v2\/media?parent=15624"}],"curies":[{"name":"wp","href":"https:\/\/api.w.org\/{rel}","templated":true}]}}