{"id":15617,"date":"2020-04-27T15:33:33","date_gmt":"2020-04-27T13:33:33","guid":{"rendered":"http:\/\/test.erl-braeu.de\/?page_id=15617"},"modified":"2026-04-09T14:11:39","modified_gmt":"2026-04-09T12:11:39","slug":"media","status":"publish","type":"page","link":"https:\/\/www.erl-braeu.de\/brauerei\/media\/","title":{"rendered":"Logos\/Media"},"content":{"rendered":"<div class=\"wpb-content-wrapper\"><p>[vc_row css_animation=&#8220;&#8220; row_type=&#8220;row&#8220; use_row_as_full_screen_section=&#8220;no&#8220; type=&#8220;full_width&#8220; angled_section=&#8220;no&#8220; text_align=&#8220;left&#8220; background_image_as_pattern=&#8220;without_pattern&#8220;][vc_column width=&#8220;1\/3&#8243;][vc_column_text css=&#8220;&#8220;]<\/p>\n<h2>Logos<\/h2>\n<p>[\/vc_column_text][vc_empty_space][\/vc_column][vc_column width=&#8220;2\/3&#8243;][vc_column_text]Verwendung nur nach R\u00fccksprache bzw. mit ERLaubnis!<\/p>\n<p><a href=\"https:\/\/www.erl-braeu.de\/brauerei\/files\/Erl-Logo-mit-Landschaft.png\">Logo mit Landschaft (PNG-Format)<\/a><br \/>\n<a href=\"https:\/\/www.erl-braeu.de\/brauerei\/files\/Erl-Logo-mit-Landschaft.jpg\">Logo mit Landschaft (JPG-Format<\/a><br \/>\n<a href=\"https:\/\/www.erl-braeu.de\/brauerei\/files\/Erl-Logo-mit-Landschaft.pdf\">Logo mit Landschaft(PDF-Format) und Vektorisiert<\/a><\/p>\n<p><a href=\"https:\/\/www.erl-braeu.de\/brauerei\/files\/Erl-Logo-Kompakt.png\">Logo (PNG-Format)<\/a><br \/>\n<a href=\"https:\/\/www.erl-braeu.de\/brauerei\/files\/Erl-Logo-Kompakt.jpg\">Logo (JPG-Format<\/a><br \/>\n<a href=\"https:\/\/www.erl-braeu.de\/brauerei\/files\/Erl-Logo-Kompakt.pdf\">Logo (PDF-Format) und Vektorisiert<\/a>[\/vc_column_text][\/vc_column][\/vc_row][vc_row css_animation=&#8220;&#8220; row_type=&#8220;row&#8220; use_row_as_full_screen_section=&#8220;no&#8220; type=&#8220;full_width&#8220; angled_section=&#8220;no&#8220; text_align=&#8220;left&#8220; background_image_as_pattern=&#8220;without_pattern&#8220;][vc_column][vc_empty_space][vc_zigzag][vc_empty_space][\/vc_column][\/vc_row][vc_row css_animation=&#8220;&#8220; row_type=&#8220;row&#8220; use_row_as_full_screen_section=&#8220;no&#8220; type=&#8220;full_width&#8220; angled_section=&#8220;no&#8220; text_align=&#8220;left&#8220; background_image_as_pattern=&#8220;without_pattern&#8220;][vc_column width=&#8220;1\/3&#8243;][vc_column_text css=&#8220;&#8220;]<\/p>\n<h2>Produktbilder<\/h2>\n<p>[\/vc_column_text][vc_empty_space][\/vc_column][vc_column width=&#8220;2\/3&#8243;][vc_column_text]Unsere Produktbilder (Flaschen und K\u00e4sten) finden Sie auf der Website unseres Getr\u00e4nke-Lieferdienstes www.bierdahoam.de. Gerne helfen wir Ihnen aber auch auf Anfrage \u00fcber das <strong>Kontaktformular<\/strong> oder bei Ihrem pers\u00f6nlichem Ansprechpartner unserer Brauerei.[\/vc_column_text][\/vc_column][\/vc_row][vc_row css_animation=&#8220;&#8220; row_type=&#8220;row&#8220; use_row_as_full_screen_section=&#8220;no&#8220; type=&#8220;full_width&#8220; angled_section=&#8220;no&#8220; text_align=&#8220;left&#8220; background_image_as_pattern=&#8220;without_pattern&#8220;][vc_column][vc_empty_space][vc_zigzag][vc_empty_space][\/vc_column][\/vc_row][vc_row css_animation=&#8220;&#8220; row_type=&#8220;row&#8220; use_row_as_full_screen_section=&#8220;no&#8220; type=&#8220;full_width&#8220; angled_section=&#8220;no&#8220; text_align=&#8220;left&#8220; background_image_as_pattern=&#8220;without_pattern&#8220;][vc_column width=&#8220;1\/3&#8243;][vc_column_text css=&#8220;&#8220;]<\/p>\n<h2>Video &amp; Radio Spots<\/h2>\n<p>[\/vc_column_text][vc_empty_space][\/vc_column][vc_column width=&#8220;2\/3&#8243;][vc_column_text css=&#8220;&#8220;]<\/p>\n<h3><strong>Radio Spots<br \/>\n<\/strong><\/h3>\n<p>[\/vc_column_text][vc_empty_space][vc_column_text]<\/p>\n<div class=\"wp-playlist wp-audio-playlist wp-playlist-light\">\n\t\t\t<div class=\"wp-playlist-current-item\"><\/div>\n\t\t<audio controls=\"controls\" preload=\"none\" width=\"1038\"\n\t\t\t><\/audio>\n\t<div class=\"wp-playlist-next\"><\/div>\n\t<div class=\"wp-playlist-prev\"><\/div>\n\t<noscript>\n\t<ol>\n\t\t<li><a href='https:\/\/www.erl-braeu.de\/brauerei\/wp-content\/uploads\/2020\/04\/leit_seids_freindlich.mp3'>Leit seid's freindlich<\/a><\/li>\t<\/ol>\n\t<\/noscript>\n\t<script type=\"application\/json\" class=\"wp-playlist-script\">{\"type\":\"audio\",\"tracklist\":false,\"tracknumbers\":true,\"images\":false,\"artists\":false,\"tracks\":[{\"src\":\"https:\/\/www.erl-braeu.de\/brauerei\/wp-content\/uploads\/2020\/04\/leit_seids_freindlich.mp3\",\"type\":\"audio\/mpeg\",\"title\":\"Leit seid's freindlich\",\"caption\":\"\",\"description\":\"\",\"meta\":{\"artist\":\"Erl Br\\u00e4u\",\"album\":\"P&P Studios\",\"year\":\"2014\",\"length_formatted\":\"0:15\"},\"image\":{\"src\":\"https:\/\/www.erl-braeu.de\/brauerei\/wp-includes\/images\/media\/audio.svg\",\"width\":48,\"height\":64},\"thumb\":{\"src\":\"https:\/\/www.erl-braeu.de\/brauerei\/wp-includes\/images\/media\/audio.svg\",\"width\":48,\"height\":64}}]}<\/script>\n<\/div>\n\t\n<p>[\/vc_column_text][vc_empty_space][vc_column_text css=&#8220;&#8220;]<\/p>\n<h3><strong>TV Spots aus vergangener Zeit<br \/>\n<\/strong><\/h3>\n<p>[\/vc_column_text][vc_empty_space][vc_column_text]<\/p>\n<div class=\"wp-playlist wp-video-playlist wp-playlist-light\">\n\t\t<video controls=\"controls\" preload=\"none\" width=\"1038\"\n\t\t height=\"789\"\t><\/video>\n\t<div class=\"wp-playlist-next\"><\/div>\n\t<div class=\"wp-playlist-prev\"><\/div>\n\t<noscript>\n\t<ol>\n\t\t<li><a href='https:\/\/www.erl-braeu.de\/brauerei\/wp-content\/uploads\/2020\/04\/erlbraeu_alles_bestens.mp4'>Alles Bestens<\/a><\/li><li><a href='https:\/\/www.erl-braeu.de\/brauerei\/wp-content\/uploads\/2020\/04\/erlbraeu_bierforscher.mp4'>Bierforscher<\/a><\/li><li><a href='https:\/\/www.erl-braeu.de\/brauerei\/wp-content\/uploads\/2020\/04\/erlbraeu_bierheim.mp4'>Bierheim<\/a><\/li><li><a href='https:\/\/www.erl-braeu.de\/brauerei\/wp-content\/uploads\/2020\/04\/erlbraeu_bierversuch.mp4'>Bierversuch<\/a><\/li><li><a href='https:\/\/www.erl-braeu.de\/brauerei\/wp-content\/uploads\/2020\/04\/erlbraeu_strassenrand.mp4'>Strassenrand<\/a><\/li><li><a href='https:\/\/www.erl-braeu.de\/brauerei\/wp-content\/uploads\/2020\/04\/erlbraeu_wilde_biere.mp4'>Wilde Biere<\/a><\/li>\t<\/ol>\n\t<\/noscript>\n\t<script type=\"application\/json\" class=\"wp-playlist-script\">{\"type\":\"video\",\"tracklist\":true,\"tracknumbers\":true,\"images\":true,\"artists\":true,\"tracks\":[{\"src\":\"https:\/\/www.erl-braeu.de\/brauerei\/wp-content\/uploads\/2020\/04\/erlbraeu_alles_bestens.mp4\",\"type\":\"video\/mp4\",\"title\":\"Alles Bestens\",\"caption\":\"\",\"description\":\"\",\"meta\":{\"length_formatted\":\"0:25\"},\"dimensions\":{\"original\":{\"width\":320,\"height\":240},\"resized\":{\"width\":1038,\"height\":779}},\"image\":{\"src\":\"https:\/\/www.erl-braeu.de\/brauerei\/wp-includes\/images\/media\/video.svg\",\"width\":48,\"height\":64},\"thumb\":{\"src\":\"https:\/\/www.erl-braeu.de\/brauerei\/wp-includes\/images\/media\/video.svg\",\"width\":48,\"height\":64}},{\"src\":\"https:\/\/www.erl-braeu.de\/brauerei\/wp-content\/uploads\/2020\/04\/erlbraeu_bierforscher.mp4\",\"type\":\"video\/mp4\",\"title\":\"Bierforscher\",\"caption\":\"\",\"description\":\"\",\"meta\":{\"length_formatted\":\"0:22\"},\"dimensions\":{\"original\":{\"width\":400,\"height\":304},\"resized\":{\"width\":1038,\"height\":789}},\"image\":{\"src\":\"https:\/\/www.erl-braeu.de\/brauerei\/wp-includes\/images\/media\/video.svg\",\"width\":48,\"height\":64},\"thumb\":{\"src\":\"https:\/\/www.erl-braeu.de\/brauerei\/wp-includes\/images\/media\/video.svg\",\"width\":48,\"height\":64}},{\"src\":\"https:\/\/www.erl-braeu.de\/brauerei\/wp-content\/uploads\/2020\/04\/erlbraeu_bierheim.mp4\",\"type\":\"video\/mp4\",\"title\":\"Bierheim\",\"caption\":\"\",\"description\":\"\",\"meta\":{\"length_formatted\":\"0:22\"},\"dimensions\":{\"original\":{\"width\":400,\"height\":304},\"resized\":{\"width\":1038,\"height\":789}},\"image\":{\"src\":\"https:\/\/www.erl-braeu.de\/brauerei\/wp-includes\/images\/media\/video.svg\",\"width\":48,\"height\":64},\"thumb\":{\"src\":\"https:\/\/www.erl-braeu.de\/brauerei\/wp-includes\/images\/media\/video.svg\",\"width\":48,\"height\":64}},{\"src\":\"https:\/\/www.erl-braeu.de\/brauerei\/wp-content\/uploads\/2020\/04\/erlbraeu_bierversuch.mp4\",\"type\":\"video\/mp4\",\"title\":\"Bierversuch\",\"caption\":\"\",\"description\":\"\",\"meta\":{\"length_formatted\":\"0:22\"},\"dimensions\":{\"original\":{\"width\":400,\"height\":304},\"resized\":{\"width\":1038,\"height\":789}},\"image\":{\"src\":\"https:\/\/www.erl-braeu.de\/brauerei\/wp-includes\/images\/media\/video.svg\",\"width\":48,\"height\":64},\"thumb\":{\"src\":\"https:\/\/www.erl-braeu.de\/brauerei\/wp-includes\/images\/media\/video.svg\",\"width\":48,\"height\":64}},{\"src\":\"https:\/\/www.erl-braeu.de\/brauerei\/wp-content\/uploads\/2020\/04\/erlbraeu_strassenrand.mp4\",\"type\":\"video\/mp4\",\"title\":\"Strassenrand\",\"caption\":\"\",\"description\":\"\",\"meta\":{\"length_formatted\":\"0:26\"},\"dimensions\":{\"original\":{\"width\":400,\"height\":304},\"resized\":{\"width\":1038,\"height\":789}},\"image\":{\"src\":\"https:\/\/www.erl-braeu.de\/brauerei\/wp-includes\/images\/media\/video.svg\",\"width\":48,\"height\":64},\"thumb\":{\"src\":\"https:\/\/www.erl-braeu.de\/brauerei\/wp-includes\/images\/media\/video.svg\",\"width\":48,\"height\":64}},{\"src\":\"https:\/\/www.erl-braeu.de\/brauerei\/wp-content\/uploads\/2020\/04\/erlbraeu_wilde_biere.mp4\",\"type\":\"video\/mp4\",\"title\":\"Wilde Biere\",\"caption\":\"\",\"description\":\"\",\"meta\":{\"length_formatted\":\"0:22\"},\"dimensions\":{\"original\":{\"width\":400,\"height\":304},\"resized\":{\"width\":1038,\"height\":789}},\"image\":{\"src\":\"https:\/\/www.erl-braeu.de\/brauerei\/wp-includes\/images\/media\/video.svg\",\"width\":48,\"height\":64},\"thumb\":{\"src\":\"https:\/\/www.erl-braeu.de\/brauerei\/wp-includes\/images\/media\/video.svg\",\"width\":48,\"height\":64}}]}<\/script>\n<\/div>\n\t\n<p>[\/vc_column_text][vc_empty_space][\/vc_column][\/vc_row]<\/p>\n<\/div>","protected":false},"excerpt":{"rendered":"<p>[vc_row css_animation=&#8220;&#8220; row_type=&#8220;row&#8220; use_row_as_full_screen_section=&#8220;no&#8220; type=&#8220;full_width&#8220; angled_section=&#8220;no&#8220; text_align=&#8220;left&#8220; background_image_as_pattern=&#8220;without_pattern&#8220;][vc_column width=&#8220;1\/3&#8243;][vc_column_text css=&#8220;&#8220;] Logos [\/vc_column_text][vc_empty_space][\/vc_column][vc_column width=&#8220;2\/3&#8243;][vc_column_text]Verwendung nur nach R\u00fccksprache bzw. mit ERLaubnis! Logo mit Landschaft (PNG-Format) Logo mit Landschaft (JPG-Format Logo mit Landschaft(PDF-Format) und Vektorisiert Logo (PNG-Format) Logo (JPG-Format Logo (PDF-Format) und Vektorisiert[\/vc_column_text][\/vc_column][\/vc_row][vc_row css_animation=&#8220;&#8220; row_type=&#8220;row&#8220; use_row_as_full_screen_section=&#8220;no&#8220; type=&#8220;full_width&#8220; angled_section=&#8220;no&#8220;&#8230;<\/p>\n","protected":false},"author":1,"featured_media":0,"parent":0,"menu_order":0,"comment_status":"closed","ping_status":"closed","template":"","meta":{"footnotes":""},"class_list":["post-15617","page","type-page","status-publish","hentry"],"yoast_head":"<!-- This site is optimized with the Yoast SEO plugin v27.3 - https:\/\/yoast.com\/product\/yoast-seo-wordpress\/ -->\n<title>Logos &amp; Media | Erl-Br\u00e4u Geiselh\u00f6ring<\/title>\n<meta name=\"description\" content=\"Erl-Br\u00e4u Logos in PNG, JPG &amp; PDF sowie TV- und Radio-Spots zum Download. Nur mit ERLaubnis der Brauerei verwenden.\" \/>\n<meta name=\"robots\" content=\"index, follow, max-snippet:-1, max-image-preview:large, max-video-preview:-1\" \/>\n<link rel=\"canonical\" href=\"https:\/\/www.erl-braeu.de\/brauerei\/media\/\" \/>\n<meta property=\"og:locale\" content=\"de_DE\" \/>\n<meta property=\"og:type\" content=\"article\" \/>\n<meta property=\"og:title\" content=\"Logos &amp; Media | Erl-Br\u00e4u Geiselh\u00f6ring\" \/>\n<meta property=\"og:description\" content=\"Erl-Br\u00e4u Logos in PNG, JPG &amp; PDF sowie TV- und Radio-Spots zum Download. Nur mit ERLaubnis der Brauerei verwenden.\" \/>\n<meta property=\"og:url\" content=\"https:\/\/www.erl-braeu.de\/brauerei\/media\/\" \/>\n<meta property=\"og:site_name\" content=\"ERL-Br\u00e4u\" \/>\n<meta property=\"article:publisher\" content=\"https:\/\/www.facebook.com\/erl.braeu\/\" \/>\n<meta property=\"article:modified_time\" content=\"2026-04-09T12:11:39+00:00\" \/>\n<meta property=\"og:image\" content=\"https:\/\/i0.wp.com\/www.erl-braeu.de\/brauerei\/wp-content\/uploads\/2020\/05\/200513_Bierdahoam.jpg?fit=500%2C500&ssl=1\" \/>\n\t<meta property=\"og:image:width\" content=\"500\" \/>\n\t<meta property=\"og:image:height\" content=\"500\" \/>\n\t<meta property=\"og:image:type\" content=\"image\/jpeg\" \/>\n<meta name=\"twitter:card\" content=\"summary_large_image\" \/>\n<meta name=\"twitter:label1\" content=\"Gesch\u00e4tzte Lesezeit\" \/>\n\t<meta name=\"twitter:data1\" content=\"1\u00a0Minute\" \/>\n<script type=\"application\/ld+json\" class=\"yoast-schema-graph\">{\"@context\":\"https:\\\/\\\/schema.org\",\"@graph\":[{\"@type\":\"WebPage\",\"@id\":\"https:\\\/\\\/www.erl-braeu.de\\\/brauerei\\\/media\\\/\",\"url\":\"https:\\\/\\\/www.erl-braeu.de\\\/brauerei\\\/media\\\/\",\"name\":\"Logos & Media | Erl-Br\u00e4u Geiselh\u00f6ring\",\"isPartOf\":{\"@id\":\"https:\\\/\\\/www.erl-braeu.de\\\/brauerei\\\/#website\"},\"datePublished\":\"2020-04-27T13:33:33+00:00\",\"dateModified\":\"2026-04-09T12:11:39+00:00\",\"description\":\"Erl-Br\u00e4u Logos in PNG, JPG & PDF sowie TV- und Radio-Spots zum Download. Nur mit ERLaubnis der Brauerei verwenden.\",\"inLanguage\":\"de\",\"potentialAction\":[{\"@type\":\"ReadAction\",\"target\":[\"https:\\\/\\\/www.erl-braeu.de\\\/brauerei\\\/media\\\/\"]}]},{\"@type\":\"WebSite\",\"@id\":\"https:\\\/\\\/www.erl-braeu.de\\\/brauerei\\\/#website\",\"url\":\"https:\\\/\\\/www.erl-braeu.de\\\/brauerei\\\/\",\"name\":\"ERL-Br\u00e4u\",\"description\":\"Der landfrische Biergenuss - Erlk\u00f6nig seit 1871\",\"publisher\":{\"@id\":\"https:\\\/\\\/www.erl-braeu.de\\\/brauerei\\\/#organization\"},\"potentialAction\":[{\"@type\":\"SearchAction\",\"target\":{\"@type\":\"EntryPoint\",\"urlTemplate\":\"https:\\\/\\\/www.erl-braeu.de\\\/brauerei\\\/?s={search_term_string}\"},\"query-input\":{\"@type\":\"PropertyValueSpecification\",\"valueRequired\":true,\"valueName\":\"search_term_string\"}}],\"inLanguage\":\"de\"},{\"@type\":\"Organization\",\"@id\":\"https:\\\/\\\/www.erl-braeu.de\\\/brauerei\\\/#organization\",\"name\":\"Erl-Br\u00e4u GmbH & Co. KG\",\"url\":\"https:\\\/\\\/www.erl-braeu.de\",\"logo\":{\"@type\":\"ImageObject\",\"url\":\"https:\\\/\\\/www.erl-braeu.de\\\/brauerei\\\/wp-content\\\/uploads\\\/erl-braeu-logo.png\"},\"image\":\"https:\\\/\\\/www.erl-braeu.de\\\/brauerei\\\/wp-content\\\/uploads\\\/erl-braeu-logo.png\",\"sameAs\":[\"https:\\\/\\\/www.facebook.com\\\/erl.braeu\\\/\",\"https:\\\/\\\/www.instagram.com\\\/erl.braeu\\\/\",\"https:\\\/\\\/maps.google.com\\\/?cid=8752043724154341985\",\"https:\\\/\\\/de.wikipedia.org\\\/wiki\\\/Erl-Br%C3%A4u\"],\"legalName\":\"Erl-Br\u00e4u GmbH & Co. KG\",\"description\":\"Bayerische Privatbrauerei in Geiselh\u00f6ring. Handwerklich gebraute Erlk\u00f6nig-Biere seit 1871 \u2013 Hell, Weisse, Festbier, Imperator und mehr.\",\"foundingDate\":\"1871\",\"telephone\":\"+49942394170\",\"address\":{\"@type\":\"PostalAddress\",\"streetAddress\":\"Straubinger Stra\u00dfe 10\",\"addressLocality\":\"Geiselh\u00f6ring\",\"postalCode\":\"94333\",\"addressRegion\":\"BY\",\"addressCountry\":\"DE\"},\"contactPoint\":{\"@type\":\"ContactPoint\",\"telephone\":\"+49942394170\",\"contactType\":\"customer service\",\"availableLanguage\":\"de\",\"areaServed\":\"DE\"},\"knowsAbout\":[\"Bierbrauen\",\"Bayerisches Bier\",\"Hefeweizen\",\"Helles\",\"Doppelbock\",\"Festbier\",\"Privatbrauerei\",\"Bayerisches Reinheitsgebot\"],\"areaServed\":{\"@type\":\"AdministrativeArea\",\"name\":\"Niederbayern\"}}]}<\/script>\n<!-- \/ Yoast SEO plugin. -->","yoast_head_json":{"title":"Logos & Media | Erl-Br\u00e4u Geiselh\u00f6ring","description":"Erl-Br\u00e4u Logos in PNG, JPG & PDF sowie TV- und Radio-Spots zum Download. Nur mit ERLaubnis der Brauerei verwenden.","robots":{"index":"index","follow":"follow","max-snippet":"max-snippet:-1","max-image-preview":"max-image-preview:large","max-video-preview":"max-video-preview:-1"},"canonical":"https:\/\/www.erl-braeu.de\/brauerei\/media\/","og_locale":"de_DE","og_type":"article","og_title":"Logos & Media | Erl-Br\u00e4u Geiselh\u00f6ring","og_description":"Erl-Br\u00e4u Logos in PNG, JPG & PDF sowie TV- und Radio-Spots zum Download. Nur mit ERLaubnis der Brauerei verwenden.","og_url":"https:\/\/www.erl-braeu.de\/brauerei\/media\/","og_site_name":"ERL-Br\u00e4u","article_publisher":"https:\/\/www.facebook.com\/erl.braeu\/","article_modified_time":"2026-04-09T12:11:39+00:00","og_image":[{"width":500,"height":500,"url":"https:\/\/i0.wp.com\/www.erl-braeu.de\/brauerei\/wp-content\/uploads\/2020\/05\/200513_Bierdahoam.jpg?fit=500%2C500&ssl=1","type":"image\/jpeg"}],"twitter_card":"summary_large_image","twitter_misc":{"Gesch\u00e4tzte Lesezeit":"1\u00a0Minute"},"schema":{"@context":"https:\/\/schema.org","@graph":[{"@type":"WebPage","@id":"https:\/\/www.erl-braeu.de\/brauerei\/media\/","url":"https:\/\/www.erl-braeu.de\/brauerei\/media\/","name":"Logos & Media | Erl-Br\u00e4u Geiselh\u00f6ring","isPartOf":{"@id":"https:\/\/www.erl-braeu.de\/brauerei\/#website"},"datePublished":"2020-04-27T13:33:33+00:00","dateModified":"2026-04-09T12:11:39+00:00","description":"Erl-Br\u00e4u Logos in PNG, JPG & PDF sowie TV- und Radio-Spots zum Download. Nur mit ERLaubnis der Brauerei verwenden.","inLanguage":"de","potentialAction":[{"@type":"ReadAction","target":["https:\/\/www.erl-braeu.de\/brauerei\/media\/"]}]},{"@type":"WebSite","@id":"https:\/\/www.erl-braeu.de\/brauerei\/#website","url":"https:\/\/www.erl-braeu.de\/brauerei\/","name":"ERL-Br\u00e4u","description":"Der landfrische Biergenuss - Erlk\u00f6nig seit 1871","publisher":{"@id":"https:\/\/www.erl-braeu.de\/brauerei\/#organization"},"potentialAction":[{"@type":"SearchAction","target":{"@type":"EntryPoint","urlTemplate":"https:\/\/www.erl-braeu.de\/brauerei\/?s={search_term_string}"},"query-input":{"@type":"PropertyValueSpecification","valueRequired":true,"valueName":"search_term_string"}}],"inLanguage":"de"},{"@type":"Organization","@id":"https:\/\/www.erl-braeu.de\/brauerei\/#organization","name":"Erl-Br\u00e4u GmbH & Co. KG","url":"https:\/\/www.erl-braeu.de","logo":{"@type":"ImageObject","url":"https:\/\/www.erl-braeu.de\/brauerei\/wp-content\/uploads\/erl-braeu-logo.png"},"image":"https:\/\/www.erl-braeu.de\/brauerei\/wp-content\/uploads\/erl-braeu-logo.png","sameAs":["https:\/\/www.facebook.com\/erl.braeu\/","https:\/\/www.instagram.com\/erl.braeu\/","https:\/\/maps.google.com\/?cid=8752043724154341985","https:\/\/de.wikipedia.org\/wiki\/Erl-Br%C3%A4u"],"legalName":"Erl-Br\u00e4u GmbH & Co. KG","description":"Bayerische Privatbrauerei in Geiselh\u00f6ring. Handwerklich gebraute Erlk\u00f6nig-Biere seit 1871 \u2013 Hell, Weisse, Festbier, Imperator und mehr.","foundingDate":"1871","telephone":"+49942394170","address":{"@type":"PostalAddress","streetAddress":"Straubinger Stra\u00dfe 10","addressLocality":"Geiselh\u00f6ring","postalCode":"94333","addressRegion":"BY","addressCountry":"DE"},"contactPoint":{"@type":"ContactPoint","telephone":"+49942394170","contactType":"customer service","availableLanguage":"de","areaServed":"DE"},"knowsAbout":["Bierbrauen","Bayerisches Bier","Hefeweizen","Helles","Doppelbock","Festbier","Privatbrauerei","Bayerisches Reinheitsgebot"],"areaServed":{"@type":"AdministrativeArea","name":"Niederbayern"}}]}},"jetpack-related-posts":[],"jetpack_sharing_enabled":true,"_links":{"self":[{"href":"https:\/\/www.erl-braeu.de\/brauerei\/wp-json\/wp\/v2\/pages\/15617","targetHints":{"allow":["GET"]}}],"collection":[{"href":"https:\/\/www.erl-braeu.de\/brauerei\/wp-json\/wp\/v2\/pages"}],"about":[{"href":"https:\/\/www.erl-braeu.de\/brauerei\/wp-json\/wp\/v2\/types\/page"}],"author":[{"embeddable":true,"href":"https:\/\/www.erl-braeu.de\/brauerei\/wp-json\/wp\/v2\/users\/1"}],"replies":[{"embeddable":true,"href":"https:\/\/www.erl-braeu.de\/brauerei\/wp-json\/wp\/v2\/comments?post=15617"}],"version-history":[{"count":4,"href":"https:\/\/www.erl-braeu.de\/brauerei\/wp-json\/wp\/v2\/pages\/15617\/revisions"}],"predecessor-version":[{"id":19306,"href":"https:\/\/www.erl-braeu.de\/brauerei\/wp-json\/wp\/v2\/pages\/15617\/revisions\/19306"}],"wp:attachment":[{"href":"https:\/\/www.erl-braeu.de\/brauerei\/wp-json\/wp\/v2\/media?parent=15617"}],"curies":[{"name":"wp","href":"https:\/\/api.w.org\/{rel}","templated":true}]}}