{"id":15282,"date":"2020-04-23T21:02:04","date_gmt":"2020-04-23T19:02:04","guid":{"rendered":"http:\/\/test.erl-braeu.de\/?page_id=15282"},"modified":"2026-04-09T10:01:52","modified_gmt":"2026-04-09T08:01:52","slug":"nachhaltigkeit","status":"publish","type":"page","link":"https:\/\/www.erl-braeu.de\/brauerei\/nachhaltigkeit\/","title":{"rendered":"Unsere Nachhaltigkeit"},"content":{"rendered":"<div class=\"wpb-content-wrapper\"><p>[vc_row css_animation=&#8220;&#8220; row_type=&#8220;row&#8220; use_row_as_full_screen_section=&#8220;no&#8220; type=&#8220;full_width&#8220; angled_section=&#8220;no&#8220; text_align=&#8220;left&#8220; background_image_as_pattern=&#8220;without_pattern&#8220;][vc_column width=&#8220;1\/3&#8243;][vc_single_image image=&#8220;15352&#8243; img_size=&#8220;full&#8220; qode_css_animation=&#8220;&#8220; qode_hover_animation=&#8220;zoom_in&#8220;][\/vc_column][vc_column width=&#8220;2\/3&#8243;][vc_column_text css=&#8220;&#8220;]<\/p>\n<p data-start=\"116\" data-end=\"372\">Als <strong data-start=\"120\" data-end=\"144\">ERLicher Arbeitgeber<\/strong> bieten wir sichere, unbefristete Arbeitspl\u00e4tze und haben stets ein offenes Ohr f\u00fcr die Anliegen unserer Mitarbeitenden. Die stetige Verbesserung der Arbeitsbedingungen ist uns ebenso wichtig wie ein respektvolles Miteinander. Wir pflegen langfristige und <strong data-start=\"403\" data-end=\"430\">ERLiche Partnerschaften<\/strong> mit unseren Stammlieferanten und regionalen Handwerksbetrieben. <strong data-start=\"495\" data-end=\"517\">Hallertauer Hopfen<\/strong>, <strong data-start=\"519\" data-end=\"539\">bayerisches Malz<\/strong> und <strong data-start=\"544\" data-end=\"599\">Wasser aus unserem eigenen nitratfreien Tiefbrunnen<\/strong> garantieren h\u00f6chste Qualit\u00e4t bei kurzen Transportwegen. Unser <strong data-start=\"665\" data-end=\"690\">ERLiches Brauhandwerk<\/strong> folgt unserer Brauphilosophie \u2013 daraus entsteht die konstant hohe Qualit\u00e4t unserer <strong data-start=\"774\" data-end=\"792\">Erlk\u00f6nig-Biere<\/strong>, ebenso wie verl\u00e4ssliche Zustellung, kompetente Beratung und pers\u00f6nliche Betreuung. Wann immer m\u00f6glich, unterst\u00fctzen wir auch unsere Kunden und die Region \u2013 etwa Sportvereine, Feuerwehren, Gemeindeeinrichtungen und kulturelle Veranstaltungen.<\/p>\n<p>[\/vc_column_text][vc_empty_space][vc_column_text css=&#8220;&#8220;]<\/p>\n<p data-start=\"120\" data-end=\"448\">Unsere Produktion arbeitet mit modernster Technik und minimalen Emissionen. Den gesamten Strombedarf decken wir aus nachhaltigen Energiequellen. Bereits seit \u00fcber zehn Jahren erzeugen wir eigenen Naturstrom \u00fcber Photovoltaikanlagen; zus\u00e4tzlicher Bedarf wird durch <strong data-start=\"384\" data-end=\"437\">T\u00dcV-S\u00dcD-zertifizierten Naturstrom aus Wasserkraft<\/strong> gedeckt. Durch die kontinuierliche Erneuerung unserer Anlagen und Ger\u00e4te senken wir den Energieverbrauch laufend. So wurden unsere Produktions- und Lagerhallen vollst\u00e4ndig auf <strong data-start=\"617\" data-end=\"636\">LED-Beleuchtung<\/strong> umgestellt. F\u00fcr unsere mehrfach verwendbaren <strong data-start=\"682\" data-end=\"715\">Mehrwegflaschen aus Braunglas<\/strong> verwenden wir ausschlie\u00dflich <strong data-start=\"745\" data-end=\"778\">Etiketten aus Recyclingpapier<\/strong>. Unsere <strong data-start=\"790\" data-end=\"822\">Dampf- und Energieversorgung<\/strong> wurde 2020 auf den neuesten Stand der Technik gebracht. Die Anlage von <strong data-start=\"894\" data-end=\"921\">Bosch Thermotechnologie<\/strong>, hergestellt in Gunzenhausen (Bayern), arbeitet mit einem Wirkungsgrad von \u00fcber 95 % und verursacht <strong data-start=\"1022\" data-end=\"1086\">CO- und NOx-Emissionen weit unter den regionalen Grenzwerten<\/strong>. Dadurch sparen wir j\u00e4hrlich rund <strong data-start=\"1121\" data-end=\"1138\">80 Tonnen CO\u2082<\/strong> ein \u2013 ein sp\u00fcrbarer Beitrag zum Schutz unserer Umwelt und Heimat.<\/p>\n<p>[\/vc_column_text][vc_empty_space][vc_column_text css=&#8220;&#8220;]All dies erm\u00f6glicht es uns, im Sinne der Nachhaltigkeit und mit <strong data-start=\"153\" data-end=\"174\">ERLichem Gewissen<\/strong> unsere <strong data-start=\"182\" data-end=\"200\">Erlk\u00f6nig-Biere<\/strong> zu brauen.[\/vc_column_text][\/vc_column][\/vc_row][vc_row css_animation=&#8220;&#8220; row_type=&#8220;row&#8220; use_row_as_full_screen_section=&#8220;no&#8220; type=&#8220;full_width&#8220; angled_section=&#8220;no&#8220; text_align=&#8220;left&#8220; background_image_as_pattern=&#8220;without_pattern&#8220;][vc_column][vc_empty_space][\/vc_column][\/vc_row]<\/p>\n<\/div>","protected":false},"excerpt":{"rendered":"<p>[vc_row css_animation=&#8220;&#8220; row_type=&#8220;row&#8220; use_row_as_full_screen_section=&#8220;no&#8220; type=&#8220;full_width&#8220; angled_section=&#8220;no&#8220; text_align=&#8220;left&#8220; background_image_as_pattern=&#8220;without_pattern&#8220;][vc_column width=&#8220;1\/3&#8243;][vc_single_image image=&#8220;15352&#8243; img_size=&#8220;full&#8220; qode_css_animation=&#8220;&#8220; qode_hover_animation=&#8220;zoom_in&#8220;][\/vc_column][vc_column width=&#8220;2\/3&#8243;][vc_column_text css=&#8220;&#8220;] Als ERLicher Arbeitgeber bieten wir sichere, unbefristete Arbeitspl\u00e4tze und haben stets ein offenes Ohr f\u00fcr die Anliegen unserer Mitarbeitenden. Die stetige Verbesserung der Arbeitsbedingungen ist uns ebenso wichtig wie ein&#8230;<\/p>\n","protected":false},"author":1,"featured_media":0,"parent":0,"menu_order":0,"comment_status":"closed","ping_status":"closed","template":"","meta":{"footnotes":""},"class_list":["post-15282","page","type-page","status-publish","hentry"],"yoast_head":"<!-- This site is optimized with the Yoast SEO plugin v27.3 - https:\/\/yoast.com\/product\/yoast-seo-wordpress\/ -->\n<title>Nachhaltigkeit | Erl-Br\u00e4u \u2013 Regionales Brauen<\/title>\n<meta name=\"description\" content=\"\u00d6kostrom, Photovoltaik, 80 t CO\u2082-Ersparnis &amp; regionale Zutaten \u2013 so lebt Erl-Br\u00e4u Nachhaltigkeit beim Brauen in Geiselh\u00f6ring.\" \/>\n<meta name=\"robots\" content=\"index, follow, max-snippet:-1, max-image-preview:large, max-video-preview:-1\" \/>\n<link rel=\"canonical\" href=\"https:\/\/www.erl-braeu.de\/brauerei\/nachhaltigkeit\/\" \/>\n<meta property=\"og:locale\" content=\"de_DE\" \/>\n<meta property=\"og:type\" content=\"article\" \/>\n<meta property=\"og:title\" content=\"Nachhaltigkeit | Erl-Br\u00e4u \u2013 Regionales Brauen\" \/>\n<meta property=\"og:description\" content=\"\u00d6kostrom, Photovoltaik, 80 t CO\u2082-Ersparnis &amp; regionale Zutaten \u2013 so lebt Erl-Br\u00e4u Nachhaltigkeit beim Brauen in Geiselh\u00f6ring.\" \/>\n<meta property=\"og:url\" content=\"https:\/\/www.erl-braeu.de\/brauerei\/nachhaltigkeit\/\" \/>\n<meta property=\"og:site_name\" content=\"ERL-Br\u00e4u\" \/>\n<meta property=\"article:publisher\" content=\"https:\/\/www.facebook.com\/erl.braeu\/\" \/>\n<meta property=\"article:modified_time\" content=\"2026-04-09T08:01:52+00:00\" \/>\n<meta property=\"og:image\" content=\"https:\/\/i0.wp.com\/www.erl-braeu.de\/brauerei\/wp-content\/uploads\/2020\/05\/200513_Bierdahoam.jpg?fit=500%2C500&ssl=1\" \/>\n\t<meta property=\"og:image:width\" content=\"500\" \/>\n\t<meta property=\"og:image:height\" content=\"500\" \/>\n\t<meta property=\"og:image:type\" content=\"image\/jpeg\" \/>\n<meta name=\"twitter:card\" content=\"summary_large_image\" \/>\n<meta name=\"twitter:label1\" content=\"Gesch\u00e4tzte Lesezeit\" \/>\n\t<meta name=\"twitter:data1\" content=\"2\u00a0Minuten\" \/>\n<script type=\"application\/ld+json\" class=\"yoast-schema-graph\">{\"@context\":\"https:\\\/\\\/schema.org\",\"@graph\":[{\"@type\":\"WebPage\",\"@id\":\"https:\\\/\\\/www.erl-braeu.de\\\/brauerei\\\/nachhaltigkeit\\\/\",\"url\":\"https:\\\/\\\/www.erl-braeu.de\\\/brauerei\\\/nachhaltigkeit\\\/\",\"name\":\"Nachhaltigkeit | Erl-Br\u00e4u \u2013 Regionales Brauen\",\"isPartOf\":{\"@id\":\"https:\\\/\\\/www.erl-braeu.de\\\/brauerei\\\/#website\"},\"datePublished\":\"2020-04-23T19:02:04+00:00\",\"dateModified\":\"2026-04-09T08:01:52+00:00\",\"description\":\"\u00d6kostrom, Photovoltaik, 80 t CO\u2082-Ersparnis & regionale Zutaten \u2013 so lebt Erl-Br\u00e4u Nachhaltigkeit beim Brauen in Geiselh\u00f6ring.\",\"inLanguage\":\"de\",\"potentialAction\":[{\"@type\":\"ReadAction\",\"target\":[\"https:\\\/\\\/www.erl-braeu.de\\\/brauerei\\\/nachhaltigkeit\\\/\"]}]},{\"@type\":\"WebSite\",\"@id\":\"https:\\\/\\\/www.erl-braeu.de\\\/brauerei\\\/#website\",\"url\":\"https:\\\/\\\/www.erl-braeu.de\\\/brauerei\\\/\",\"name\":\"ERL-Br\u00e4u\",\"description\":\"Der landfrische Biergenuss - Erlk\u00f6nig seit 1871\",\"publisher\":{\"@id\":\"https:\\\/\\\/www.erl-braeu.de\\\/brauerei\\\/#organization\"},\"potentialAction\":[{\"@type\":\"SearchAction\",\"target\":{\"@type\":\"EntryPoint\",\"urlTemplate\":\"https:\\\/\\\/www.erl-braeu.de\\\/brauerei\\\/?s={search_term_string}\"},\"query-input\":{\"@type\":\"PropertyValueSpecification\",\"valueRequired\":true,\"valueName\":\"search_term_string\"}}],\"inLanguage\":\"de\"},{\"@type\":\"Organization\",\"@id\":\"https:\\\/\\\/www.erl-braeu.de\\\/brauerei\\\/#organization\",\"name\":\"Erl-Br\u00e4u GmbH & Co. KG\",\"url\":\"https:\\\/\\\/www.erl-braeu.de\",\"logo\":{\"@type\":\"ImageObject\",\"url\":\"https:\\\/\\\/www.erl-braeu.de\\\/brauerei\\\/wp-content\\\/uploads\\\/erl-braeu-logo.png\"},\"image\":\"https:\\\/\\\/www.erl-braeu.de\\\/brauerei\\\/wp-content\\\/uploads\\\/erl-braeu-logo.png\",\"sameAs\":[\"https:\\\/\\\/www.facebook.com\\\/erl.braeu\\\/\",\"https:\\\/\\\/www.instagram.com\\\/erl.braeu\\\/\",\"https:\\\/\\\/maps.google.com\\\/?cid=8752043724154341985\",\"https:\\\/\\\/de.wikipedia.org\\\/wiki\\\/Erl-Br%C3%A4u\"],\"legalName\":\"Erl-Br\u00e4u GmbH & Co. KG\",\"description\":\"Bayerische Privatbrauerei in Geiselh\u00f6ring. Handwerklich gebraute Erlk\u00f6nig-Biere seit 1871 \u2013 Hell, Weisse, Festbier, Imperator und mehr.\",\"foundingDate\":\"1871\",\"telephone\":\"+49942394170\",\"address\":{\"@type\":\"PostalAddress\",\"streetAddress\":\"Straubinger Stra\u00dfe 10\",\"addressLocality\":\"Geiselh\u00f6ring\",\"postalCode\":\"94333\",\"addressRegion\":\"BY\",\"addressCountry\":\"DE\"},\"contactPoint\":{\"@type\":\"ContactPoint\",\"telephone\":\"+49942394170\",\"contactType\":\"customer service\",\"availableLanguage\":\"de\",\"areaServed\":\"DE\"},\"knowsAbout\":[\"Bierbrauen\",\"Bayerisches Bier\",\"Hefeweizen\",\"Helles\",\"Doppelbock\",\"Festbier\",\"Privatbrauerei\",\"Bayerisches Reinheitsgebot\"],\"areaServed\":{\"@type\":\"AdministrativeArea\",\"name\":\"Niederbayern\"}}]}<\/script>\n<!-- \/ Yoast SEO plugin. -->","yoast_head_json":{"title":"Nachhaltigkeit | Erl-Br\u00e4u \u2013 Regionales Brauen","description":"\u00d6kostrom, Photovoltaik, 80 t CO\u2082-Ersparnis & regionale Zutaten \u2013 so lebt Erl-Br\u00e4u Nachhaltigkeit beim Brauen in Geiselh\u00f6ring.","robots":{"index":"index","follow":"follow","max-snippet":"max-snippet:-1","max-image-preview":"max-image-preview:large","max-video-preview":"max-video-preview:-1"},"canonical":"https:\/\/www.erl-braeu.de\/brauerei\/nachhaltigkeit\/","og_locale":"de_DE","og_type":"article","og_title":"Nachhaltigkeit | Erl-Br\u00e4u \u2013 Regionales Brauen","og_description":"\u00d6kostrom, Photovoltaik, 80 t CO\u2082-Ersparnis & regionale Zutaten \u2013 so lebt Erl-Br\u00e4u Nachhaltigkeit beim Brauen in Geiselh\u00f6ring.","og_url":"https:\/\/www.erl-braeu.de\/brauerei\/nachhaltigkeit\/","og_site_name":"ERL-Br\u00e4u","article_publisher":"https:\/\/www.facebook.com\/erl.braeu\/","article_modified_time":"2026-04-09T08:01:52+00:00","og_image":[{"width":500,"height":500,"url":"https:\/\/i0.wp.com\/www.erl-braeu.de\/brauerei\/wp-content\/uploads\/2020\/05\/200513_Bierdahoam.jpg?fit=500%2C500&ssl=1","type":"image\/jpeg"}],"twitter_card":"summary_large_image","twitter_misc":{"Gesch\u00e4tzte Lesezeit":"2\u00a0Minuten"},"schema":{"@context":"https:\/\/schema.org","@graph":[{"@type":"WebPage","@id":"https:\/\/www.erl-braeu.de\/brauerei\/nachhaltigkeit\/","url":"https:\/\/www.erl-braeu.de\/brauerei\/nachhaltigkeit\/","name":"Nachhaltigkeit | Erl-Br\u00e4u \u2013 Regionales Brauen","isPartOf":{"@id":"https:\/\/www.erl-braeu.de\/brauerei\/#website"},"datePublished":"2020-04-23T19:02:04+00:00","dateModified":"2026-04-09T08:01:52+00:00","description":"\u00d6kostrom, Photovoltaik, 80 t CO\u2082-Ersparnis & regionale Zutaten \u2013 so lebt Erl-Br\u00e4u Nachhaltigkeit beim Brauen in Geiselh\u00f6ring.","inLanguage":"de","potentialAction":[{"@type":"ReadAction","target":["https:\/\/www.erl-braeu.de\/brauerei\/nachhaltigkeit\/"]}]},{"@type":"WebSite","@id":"https:\/\/www.erl-braeu.de\/brauerei\/#website","url":"https:\/\/www.erl-braeu.de\/brauerei\/","name":"ERL-Br\u00e4u","description":"Der landfrische Biergenuss - Erlk\u00f6nig seit 1871","publisher":{"@id":"https:\/\/www.erl-braeu.de\/brauerei\/#organization"},"potentialAction":[{"@type":"SearchAction","target":{"@type":"EntryPoint","urlTemplate":"https:\/\/www.erl-braeu.de\/brauerei\/?s={search_term_string}"},"query-input":{"@type":"PropertyValueSpecification","valueRequired":true,"valueName":"search_term_string"}}],"inLanguage":"de"},{"@type":"Organization","@id":"https:\/\/www.erl-braeu.de\/brauerei\/#organization","name":"Erl-Br\u00e4u GmbH & Co. KG","url":"https:\/\/www.erl-braeu.de","logo":{"@type":"ImageObject","url":"https:\/\/www.erl-braeu.de\/brauerei\/wp-content\/uploads\/erl-braeu-logo.png"},"image":"https:\/\/www.erl-braeu.de\/brauerei\/wp-content\/uploads\/erl-braeu-logo.png","sameAs":["https:\/\/www.facebook.com\/erl.braeu\/","https:\/\/www.instagram.com\/erl.braeu\/","https:\/\/maps.google.com\/?cid=8752043724154341985","https:\/\/de.wikipedia.org\/wiki\/Erl-Br%C3%A4u"],"legalName":"Erl-Br\u00e4u GmbH & Co. KG","description":"Bayerische Privatbrauerei in Geiselh\u00f6ring. Handwerklich gebraute Erlk\u00f6nig-Biere seit 1871 \u2013 Hell, Weisse, Festbier, Imperator und mehr.","foundingDate":"1871","telephone":"+49942394170","address":{"@type":"PostalAddress","streetAddress":"Straubinger Stra\u00dfe 10","addressLocality":"Geiselh\u00f6ring","postalCode":"94333","addressRegion":"BY","addressCountry":"DE"},"contactPoint":{"@type":"ContactPoint","telephone":"+49942394170","contactType":"customer service","availableLanguage":"de","areaServed":"DE"},"knowsAbout":["Bierbrauen","Bayerisches Bier","Hefeweizen","Helles","Doppelbock","Festbier","Privatbrauerei","Bayerisches Reinheitsgebot"],"areaServed":{"@type":"AdministrativeArea","name":"Niederbayern"}}]}},"jetpack-related-posts":[],"jetpack_sharing_enabled":true,"_links":{"self":[{"href":"https:\/\/www.erl-braeu.de\/brauerei\/wp-json\/wp\/v2\/pages\/15282","targetHints":{"allow":["GET"]}}],"collection":[{"href":"https:\/\/www.erl-braeu.de\/brauerei\/wp-json\/wp\/v2\/pages"}],"about":[{"href":"https:\/\/www.erl-braeu.de\/brauerei\/wp-json\/wp\/v2\/types\/page"}],"author":[{"embeddable":true,"href":"https:\/\/www.erl-braeu.de\/brauerei\/wp-json\/wp\/v2\/users\/1"}],"replies":[{"embeddable":true,"href":"https:\/\/www.erl-braeu.de\/brauerei\/wp-json\/wp\/v2\/comments?post=15282"}],"version-history":[{"count":7,"href":"https:\/\/www.erl-braeu.de\/brauerei\/wp-json\/wp\/v2\/pages\/15282\/revisions"}],"predecessor-version":[{"id":18907,"href":"https:\/\/www.erl-braeu.de\/brauerei\/wp-json\/wp\/v2\/pages\/15282\/revisions\/18907"}],"wp:attachment":[{"href":"https:\/\/www.erl-braeu.de\/brauerei\/wp-json\/wp\/v2\/media?parent=15282"}],"curies":[{"name":"wp","href":"https:\/\/api.w.org\/{rel}","templated":true}]}}