{"id":107,"date":"2018-03-16T10:51:18","date_gmt":"2018-03-16T10:51:18","guid":{"rendered":"http:\/\/bridge187.qodeinteractive.com\/?page_id=107"},"modified":"2026-04-09T13:18:36","modified_gmt":"2026-04-09T11:18:36","slug":"brauphilosophie","status":"publish","type":"page","link":"https:\/\/www.erl-braeu.de\/brauerei\/brauphilosophie\/","title":{"rendered":"Unsere Brauphilosophie"},"content":{"rendered":"<div class=\"wpb-content-wrapper\"><p>[vc_row css_animation=&#8220;&#8220; row_type=&#8220;row&#8220; use_row_as_full_screen_section=&#8220;no&#8220; type=&#8220;grid&#8220; angled_section=&#8220;no&#8220; text_align=&#8220;left&#8220; background_image_as_pattern=&#8220;without_pattern&#8220; padding_top=&#8220;100&#8243; z_index=&#8220;&#8220;][vc_column css_animation=&#8220;zoomIn&#8220; offset=&#8220;vc_col-md-4&#8243;]<div class='q_icon_with_title medium custom_icon_image '><div class=\"icon_holder \" style=\" \"><img data-recalc-dims=\"1\" decoding=\"async\" src=\"https:\/\/i0.wp.com\/www.erl-braeu.de\/brauerei\/wp-content\/uploads\/2020\/04\/Philosophie_hopfen.png?w=1060&#038;ssl=1\" alt=\"\"><\/div><div class=\"icon_text_holder\" style=\"\"><div class=\"icon_text_inner\" style=\"\"><h2 class=\"icon_title\" style=\"\">Hallertauer Naturhopfen<\/h2><p style=''>Wir beziehen unseren Naturhopfen direkt aus der Hallertau, pflegen pers\u00f6nliche Beziehungen zu unseren Hopfenbauern und verzichten bewusst auf Hopfenextrakt.<\/p><\/div><\/div><\/div>[vc_empty_space height=&#8220;22px&#8220;][\/vc_column][vc_column css_animation=&#8220;zoomIn&#8220; offset=&#8220;vc_col-md-4&#8243;]<div class='q_icon_with_title medium custom_icon_image '><div class=\"icon_holder \" style=\" \"><img data-recalc-dims=\"1\" decoding=\"async\" src=\"https:\/\/i0.wp.com\/www.erl-braeu.de\/brauerei\/wp-content\/uploads\/2020\/04\/Philosophie_malz.png?w=1060&#038;ssl=1\" alt=\"\"><\/div><div class=\"icon_text_holder\" style=\"\"><div class=\"icon_text_inner\" style=\"\"><h2 class=\"icon_title\" style=\"\">Bayrisches Malz aus der Region<\/h2><p style=''>Unsere Braumalze beziehen wir aus der benachbarten M\u00e4lzerei Albert M\u00fcller sowie aus Bamberg, Franken. Aus Heimatverbundenheit zur bayerischen Landwirtschaft.<\/p><\/div><\/div><\/div>[vc_empty_space height=&#8220;22px&#8220;][\/vc_column][vc_column css_animation=&#8220;zoomIn&#8220; offset=&#8220;vc_col-md-4&#8243;]<div class='q_icon_with_title medium custom_icon_image '><div class=\"icon_holder \" style=\" \"><img data-recalc-dims=\"1\" decoding=\"async\" src=\"https:\/\/i0.wp.com\/www.erl-braeu.de\/brauerei\/wp-content\/uploads\/2020\/04\/Philosophie_brunnen.png?w=1060&#038;ssl=1\" alt=\"\"><\/div><div class=\"icon_text_holder\" style=\"\"><div class=\"icon_text_inner\" style=\"\"><h2 class=\"icon_title\" style=\"\">Eigener reiner Tiefbrunnen<\/h2><p style=''>Unser nitratfreies Brauwasser entnehmen wir einem eigenen, regelm\u00e4\u00dfig kontrollierten Tiefbrunnen. Es wird nur nat\u00fcrlich enth\u00e4rtet und z\u00e4hlt zu den wenigen noch nitratfreien Quellw\u00e4ssern.<\/p><\/div><\/div><\/div>[vc_empty_space height=&#8220;22px&#8220;][\/vc_column][\/vc_row][vc_row css_animation=&#8220;&#8220; row_type=&#8220;row&#8220; use_row_as_full_screen_section=&#8220;no&#8220; type=&#8220;grid&#8220; angled_section=&#8220;no&#8220; text_align=&#8220;left&#8220; background_image_as_pattern=&#8220;without_pattern&#8220; padding_bottom=&#8220;53&#8243; z_index=&#8220;&#8220;][vc_column css_animation=&#8220;zoomIn&#8220; offset=&#8220;vc_col-md-4&#8243;]<div class='q_icon_with_title medium custom_icon_image '><div class=\"icon_holder \" style=\" \"><img data-recalc-dims=\"1\" decoding=\"async\" src=\"https:\/\/i0.wp.com\/www.erl-braeu.de\/brauerei\/wp-content\/uploads\/2020\/04\/Philosophie_hefe.png?w=1060&#038;ssl=1\" alt=\"\"><\/div><div class=\"icon_text_holder\" style=\"\"><div class=\"icon_text_inner\" style=\"\"><h2 class=\"icon_title\" style=\"\">Hefe aus eigener Reinzucht<\/h2><p style=''>Unsere Hefe wird traditionell handwerklich kultiviert. Sie garantiert gleichbleibende Qualit\u00e4t und verleiht unseren unter- und oberg\u00e4rigen Erlk\u00f6nig-Bieren ihre unverwechselbare Note.<\/p><\/div><\/div><\/div>[vc_empty_space height=&#8220;22px&#8220;][\/vc_column][vc_column css_animation=&#8220;zoomIn&#8220; offset=&#8220;vc_col-md-4&#8243;]<div class='q_icon_with_title medium custom_icon_image '><div class=\"icon_holder \" style=\" \"><img data-recalc-dims=\"1\" decoding=\"async\" src=\"https:\/\/i0.wp.com\/www.erl-braeu.de\/brauerei\/wp-content\/uploads\/2020\/04\/Philosophie_gaerung.png?w=1060&#038;ssl=1\" alt=\"\"><\/div><div class=\"icon_text_holder\" style=\"\"><div class=\"icon_text_inner\" style=\"\"><h2 class=\"icon_title\" style=\"\">Handgef\u00fchrte G\u00e4rung<\/h2><p style=''>Unsere Biere d\u00fcrfen nach einem betont langsamen Reifeprozess ihr volles Aroma entfalten. Die G\u00e4rung erfolgt stets handgef\u00fchrt; zus\u00e4tzlich pflegen wir die Tradition der offenen G\u00e4rbottiche.<\/p><\/div><\/div><\/div>[vc_empty_space height=&#8220;22px&#8220;][\/vc_column][vc_column css_animation=&#8220;zoomIn&#8220; offset=&#8220;vc_col-md-4&#8243;]<div class='q_icon_with_title medium custom_icon_image '><div class=\"icon_holder \" style=\" \"><img data-recalc-dims=\"1\" decoding=\"async\" src=\"https:\/\/i0.wp.com\/www.erl-braeu.de\/brauerei\/wp-content\/uploads\/2020\/04\/Philosophie_lagerung.png?w=1060&#038;ssl=1\" alt=\"\"><\/div><div class=\"icon_text_holder\" style=\"\"><div class=\"icon_text_inner\" style=\"\"><h2 class=\"icon_title\" style=\"\">Ausgereifte Lagerung<\/h2><p style=''>In unseren Brauereikellern reifen die Biere in traditionellen Lagertanks mindestens acht Wochen \u2013 \u00fcberdurchschnittlich lang f\u00fcr ein besonders harmonisches Genuss-ERLebnis.<\/p><\/div><\/div><\/div>[vc_empty_space height=&#8220;22px&#8220;][\/vc_column][\/vc_row][vc_row css_animation=&#8220;&#8220; row_type=&#8220;row&#8220; use_row_as_full_screen_section=&#8220;no&#8220; type=&#8220;grid&#8220; angled_section=&#8220;no&#8220; text_align=&#8220;left&#8220; background_image_as_pattern=&#8220;without_pattern&#8220; padding_bottom=&#8220;53&#8243; z_index=&#8220;&#8220;][vc_column css_animation=&#8220;zoomIn&#8220; offset=&#8220;vc_col-md-4&#8243;]<div class='q_icon_with_title medium custom_icon_image '><div class=\"icon_holder \" style=\" \"><img data-recalc-dims=\"1\" decoding=\"async\" src=\"https:\/\/i0.wp.com\/www.erl-braeu.de\/brauerei\/wp-content\/uploads\/2020\/04\/Philosophie_pasteurisierung.png?w=1060&#038;ssl=1\" alt=\"\"><\/div><div class=\"icon_text_holder\" style=\"\"><div class=\"icon_text_inner\" style=\"\"><h2 class=\"icon_title\" style=\"\">Keine Kurzzeiterhitzung<\/h2><p style=''>Zur Bewahrung des nat\u00fcrlichen Geschmacks und der Frische verzichten wir konsequent auf Pasteurisierung und Kurzzeiterhitzung unserer selbst abgef\u00fcllten Biere.<\/p><\/div><\/div><\/div>[vc_empty_space height=&#8220;22px&#8220;][\/vc_column][vc_column css_animation=&#8220;zoomIn&#8220; offset=&#8220;vc_col-md-4&#8243;]<div class='q_icon_with_title medium custom_icon_image '><div class=\"icon_holder \" style=\" \"><img data-recalc-dims=\"1\" decoding=\"async\" src=\"https:\/\/i0.wp.com\/www.erl-braeu.de\/brauerei\/wp-content\/uploads\/2022\/10\/Philosophie_nachhaltigkeit.png?w=1060&#038;ssl=1\" alt=\"\"><\/div><div class=\"icon_text_holder\" style=\"\"><div class=\"icon_text_inner\" style=\"\"><h2 class=\"icon_title\" style=\"\">Energieeffizienz und gr\u00fcner Strom<\/h2><p style=''>Wir achten auf h\u00f6chste Energieeffizienz, reduzieren Emissionen und beziehen unseren gesamten Strombedarf aus zertifiziert nachhaltigen Energiequellen.<\/p><\/div><\/div><\/div>[vc_empty_space height=&#8220;22px&#8220;][\/vc_column][vc_column css_animation=&#8220;zoomIn&#8220; offset=&#8220;vc_col-md-4&#8243;]<div class='q_icon_with_title medium custom_icon_image '><div class=\"icon_holder \" style=\" \"><img data-recalc-dims=\"1\" decoding=\"async\" src=\"https:\/\/i0.wp.com\/www.erl-braeu.de\/brauerei\/wp-content\/uploads\/2020\/04\/Front_tradition.png?w=1060&#038;ssl=1\" alt=\"\"><\/div><div class=\"icon_text_holder\" style=\"\"><div class=\"icon_text_inner\" style=\"\"><h2 class=\"icon_title\" style=\"\">ERLiche Verantwortung<\/h2><p style=''>Brauen nach unserer Brauphilosophie bedeutet f\u00fcr uns ERLiches Handwerk, gelebte Familientradition und Verantwortung f\u00fcr Mitarbeiter, Kunden und unsere Heimatregion.<\/p><\/div><\/div><\/div>[vc_empty_space height=&#8220;22px&#8220;][\/vc_column][\/vc_row]<\/p>\n<\/div>","protected":false},"excerpt":{"rendered":"<p>[vc_row css_animation=&#8220;&#8220; row_type=&#8220;row&#8220; use_row_as_full_screen_section=&#8220;no&#8220; type=&#8220;grid&#8220; angled_section=&#8220;no&#8220; text_align=&#8220;left&#8220; background_image_as_pattern=&#8220;without_pattern&#8220; padding_top=&#8220;100&#8243; z_index=&#8220;&#8220;][vc_column css_animation=&#8220;zoomIn&#8220; offset=&#8220;vc_col-md-4&#8243;][vc_empty_space height=&#8220;22px&#8220;][\/vc_column][vc_column css_animation=&#8220;zoomIn&#8220; offset=&#8220;vc_col-md-4&#8243;][vc_empty_space height=&#8220;22px&#8220;][\/vc_column][vc_column css_animation=&#8220;zoomIn&#8220; offset=&#8220;vc_col-md-4&#8243;][vc_empty_space height=&#8220;22px&#8220;][\/vc_column][\/vc_row][vc_row css_animation=&#8220;&#8220; row_type=&#8220;row&#8220; use_row_as_full_screen_section=&#8220;no&#8220; type=&#8220;grid&#8220; angled_section=&#8220;no&#8220; text_align=&#8220;left&#8220; background_image_as_pattern=&#8220;without_pattern&#8220; padding_bottom=&#8220;53&#8243; z_index=&#8220;&#8220;][vc_column css_animation=&#8220;zoomIn&#8220; offset=&#8220;vc_col-md-4&#8243;][vc_empty_space height=&#8220;22px&#8220;][\/vc_column][vc_column css_animation=&#8220;zoomIn&#8220; offset=&#8220;vc_col-md-4&#8243;][vc_empty_space height=&#8220;22px&#8220;][\/vc_column][vc_column css_animation=&#8220;zoomIn&#8220; offset=&#8220;vc_col-md-4&#8243;][vc_empty_space height=&#8220;22px&#8220;][\/vc_column][\/vc_row][vc_row css_animation=&#8220;&#8220; row_type=&#8220;row&#8220; use_row_as_full_screen_section=&#8220;no&#8220; type=&#8220;grid&#8220; angled_section=&#8220;no&#8220; text_align=&#8220;left&#8220; background_image_as_pattern=&#8220;without_pattern&#8220; padding_bottom=&#8220;53&#8243;&#8230;<\/p>\n","protected":false},"author":1,"featured_media":0,"parent":0,"menu_order":0,"comment_status":"closed","ping_status":"closed","template":"full_width.php","meta":{"footnotes":""},"class_list":["post-107","page","type-page","status-publish","hentry"],"yoast_head":"<!-- This site is optimized with the Yoast SEO plugin v27.3 - https:\/\/yoast.com\/product\/yoast-seo-wordpress\/ -->\n<title>Brauphilosophie | Handwerklich gebraut bei Erl-Br\u00e4u<\/title>\n<meta name=\"description\" content=\"Hallertauer Hopfen, eigener Tiefbrunnen, keine Pasteurisierung \u2013 so entstehen die Erlk\u00f6nig-Biere nach \u00fcber 150 Jahren Brautradition.\" \/>\n<meta name=\"robots\" content=\"index, follow, max-snippet:-1, max-image-preview:large, max-video-preview:-1\" \/>\n<link rel=\"canonical\" href=\"https:\/\/www.erl-braeu.de\/brauerei\/brauphilosophie\/\" \/>\n<meta property=\"og:locale\" content=\"de_DE\" \/>\n<meta property=\"og:type\" content=\"article\" \/>\n<meta property=\"og:title\" content=\"Brauphilosophie | Handwerklich gebraut bei Erl-Br\u00e4u\" \/>\n<meta property=\"og:description\" content=\"Hallertauer Hopfen, eigener Tiefbrunnen, keine Pasteurisierung \u2013 so entstehen die Erlk\u00f6nig-Biere nach \u00fcber 150 Jahren Brautradition.\" \/>\n<meta property=\"og:url\" content=\"https:\/\/www.erl-braeu.de\/brauerei\/brauphilosophie\/\" \/>\n<meta property=\"og:site_name\" content=\"ERL-Br\u00e4u\" \/>\n<meta property=\"article:publisher\" content=\"https:\/\/www.facebook.com\/erl.braeu\/\" \/>\n<meta property=\"article:modified_time\" content=\"2026-04-09T11:18:36+00:00\" \/>\n<meta property=\"og:image\" content=\"https:\/\/i0.wp.com\/www.erl-braeu.de\/brauerei\/wp-content\/uploads\/2020\/05\/200513_Bierdahoam.jpg?fit=500%2C500&ssl=1\" \/>\n\t<meta property=\"og:image:width\" content=\"500\" \/>\n\t<meta property=\"og:image:height\" content=\"500\" \/>\n\t<meta property=\"og:image:type\" content=\"image\/jpeg\" \/>\n<meta name=\"twitter:card\" content=\"summary_large_image\" \/>\n<meta name=\"twitter:label1\" content=\"Gesch\u00e4tzte Lesezeit\" \/>\n\t<meta name=\"twitter:data1\" content=\"4\u00a0Minuten\" \/>\n<script type=\"application\/ld+json\" class=\"yoast-schema-graph\">{\"@context\":\"https:\\\/\\\/schema.org\",\"@graph\":[{\"@type\":\"WebPage\",\"@id\":\"https:\\\/\\\/www.erl-braeu.de\\\/brauerei\\\/brauphilosophie\\\/\",\"url\":\"https:\\\/\\\/www.erl-braeu.de\\\/brauerei\\\/brauphilosophie\\\/\",\"name\":\"Brauphilosophie | Handwerklich gebraut bei Erl-Br\u00e4u\",\"isPartOf\":{\"@id\":\"https:\\\/\\\/www.erl-braeu.de\\\/brauerei\\\/#website\"},\"datePublished\":\"2018-03-16T10:51:18+00:00\",\"dateModified\":\"2026-04-09T11:18:36+00:00\",\"description\":\"Hallertauer Hopfen, eigener Tiefbrunnen, keine Pasteurisierung \u2013 so entstehen die Erlk\u00f6nig-Biere nach \u00fcber 150 Jahren Brautradition.\",\"inLanguage\":\"de\",\"potentialAction\":[{\"@type\":\"ReadAction\",\"target\":[\"https:\\\/\\\/www.erl-braeu.de\\\/brauerei\\\/brauphilosophie\\\/\"]}]},{\"@type\":\"WebSite\",\"@id\":\"https:\\\/\\\/www.erl-braeu.de\\\/brauerei\\\/#website\",\"url\":\"https:\\\/\\\/www.erl-braeu.de\\\/brauerei\\\/\",\"name\":\"ERL-Br\u00e4u\",\"description\":\"Der landfrische Biergenuss - Erlk\u00f6nig seit 1871\",\"publisher\":{\"@id\":\"https:\\\/\\\/www.erl-braeu.de\\\/brauerei\\\/#organization\"},\"potentialAction\":[{\"@type\":\"SearchAction\",\"target\":{\"@type\":\"EntryPoint\",\"urlTemplate\":\"https:\\\/\\\/www.erl-braeu.de\\\/brauerei\\\/?s={search_term_string}\"},\"query-input\":{\"@type\":\"PropertyValueSpecification\",\"valueRequired\":true,\"valueName\":\"search_term_string\"}}],\"inLanguage\":\"de\"},{\"@type\":\"Organization\",\"@id\":\"https:\\\/\\\/www.erl-braeu.de\\\/brauerei\\\/#organization\",\"name\":\"Erl-Br\u00e4u GmbH & Co. KG\",\"url\":\"https:\\\/\\\/www.erl-braeu.de\",\"logo\":{\"@type\":\"ImageObject\",\"url\":\"https:\\\/\\\/www.erl-braeu.de\\\/brauerei\\\/wp-content\\\/uploads\\\/erl-braeu-logo.png\"},\"image\":\"https:\\\/\\\/www.erl-braeu.de\\\/brauerei\\\/wp-content\\\/uploads\\\/erl-braeu-logo.png\",\"sameAs\":[\"https:\\\/\\\/www.facebook.com\\\/erl.braeu\\\/\",\"https:\\\/\\\/www.instagram.com\\\/erl.braeu\\\/\",\"https:\\\/\\\/maps.google.com\\\/?cid=8752043724154341985\",\"https:\\\/\\\/de.wikipedia.org\\\/wiki\\\/Erl-Br%C3%A4u\"],\"legalName\":\"Erl-Br\u00e4u GmbH & Co. KG\",\"description\":\"Bayerische Privatbrauerei in Geiselh\u00f6ring. Handwerklich gebraute Erlk\u00f6nig-Biere seit 1871 \u2013 Hell, Weisse, Festbier, Imperator und mehr.\",\"foundingDate\":\"1871\",\"telephone\":\"+49942394170\",\"address\":{\"@type\":\"PostalAddress\",\"streetAddress\":\"Straubinger Stra\u00dfe 10\",\"addressLocality\":\"Geiselh\u00f6ring\",\"postalCode\":\"94333\",\"addressRegion\":\"BY\",\"addressCountry\":\"DE\"},\"contactPoint\":{\"@type\":\"ContactPoint\",\"telephone\":\"+49942394170\",\"contactType\":\"customer service\",\"availableLanguage\":\"de\",\"areaServed\":\"DE\"},\"knowsAbout\":[\"Bierbrauen\",\"Bayerisches Bier\",\"Hefeweizen\",\"Helles\",\"Doppelbock\",\"Festbier\",\"Privatbrauerei\",\"Bayerisches Reinheitsgebot\"],\"areaServed\":{\"@type\":\"AdministrativeArea\",\"name\":\"Niederbayern\"}}]}<\/script>\n<!-- \/ Yoast SEO plugin. -->","yoast_head_json":{"title":"Brauphilosophie | Handwerklich gebraut bei Erl-Br\u00e4u","description":"Hallertauer Hopfen, eigener Tiefbrunnen, keine Pasteurisierung \u2013 so entstehen die Erlk\u00f6nig-Biere nach \u00fcber 150 Jahren Brautradition.","robots":{"index":"index","follow":"follow","max-snippet":"max-snippet:-1","max-image-preview":"max-image-preview:large","max-video-preview":"max-video-preview:-1"},"canonical":"https:\/\/www.erl-braeu.de\/brauerei\/brauphilosophie\/","og_locale":"de_DE","og_type":"article","og_title":"Brauphilosophie | Handwerklich gebraut bei Erl-Br\u00e4u","og_description":"Hallertauer Hopfen, eigener Tiefbrunnen, keine Pasteurisierung \u2013 so entstehen die Erlk\u00f6nig-Biere nach \u00fcber 150 Jahren Brautradition.","og_url":"https:\/\/www.erl-braeu.de\/brauerei\/brauphilosophie\/","og_site_name":"ERL-Br\u00e4u","article_publisher":"https:\/\/www.facebook.com\/erl.braeu\/","article_modified_time":"2026-04-09T11:18:36+00:00","og_image":[{"width":500,"height":500,"url":"https:\/\/i0.wp.com\/www.erl-braeu.de\/brauerei\/wp-content\/uploads\/2020\/05\/200513_Bierdahoam.jpg?fit=500%2C500&ssl=1","type":"image\/jpeg"}],"twitter_card":"summary_large_image","twitter_misc":{"Gesch\u00e4tzte Lesezeit":"4\u00a0Minuten"},"schema":{"@context":"https:\/\/schema.org","@graph":[{"@type":"WebPage","@id":"https:\/\/www.erl-braeu.de\/brauerei\/brauphilosophie\/","url":"https:\/\/www.erl-braeu.de\/brauerei\/brauphilosophie\/","name":"Brauphilosophie | Handwerklich gebraut bei Erl-Br\u00e4u","isPartOf":{"@id":"https:\/\/www.erl-braeu.de\/brauerei\/#website"},"datePublished":"2018-03-16T10:51:18+00:00","dateModified":"2026-04-09T11:18:36+00:00","description":"Hallertauer Hopfen, eigener Tiefbrunnen, keine Pasteurisierung \u2013 so entstehen die Erlk\u00f6nig-Biere nach \u00fcber 150 Jahren Brautradition.","inLanguage":"de","potentialAction":[{"@type":"ReadAction","target":["https:\/\/www.erl-braeu.de\/brauerei\/brauphilosophie\/"]}]},{"@type":"WebSite","@id":"https:\/\/www.erl-braeu.de\/brauerei\/#website","url":"https:\/\/www.erl-braeu.de\/brauerei\/","name":"ERL-Br\u00e4u","description":"Der landfrische Biergenuss - Erlk\u00f6nig seit 1871","publisher":{"@id":"https:\/\/www.erl-braeu.de\/brauerei\/#organization"},"potentialAction":[{"@type":"SearchAction","target":{"@type":"EntryPoint","urlTemplate":"https:\/\/www.erl-braeu.de\/brauerei\/?s={search_term_string}"},"query-input":{"@type":"PropertyValueSpecification","valueRequired":true,"valueName":"search_term_string"}}],"inLanguage":"de"},{"@type":"Organization","@id":"https:\/\/www.erl-braeu.de\/brauerei\/#organization","name":"Erl-Br\u00e4u GmbH & Co. KG","url":"https:\/\/www.erl-braeu.de","logo":{"@type":"ImageObject","url":"https:\/\/www.erl-braeu.de\/brauerei\/wp-content\/uploads\/erl-braeu-logo.png"},"image":"https:\/\/www.erl-braeu.de\/brauerei\/wp-content\/uploads\/erl-braeu-logo.png","sameAs":["https:\/\/www.facebook.com\/erl.braeu\/","https:\/\/www.instagram.com\/erl.braeu\/","https:\/\/maps.google.com\/?cid=8752043724154341985","https:\/\/de.wikipedia.org\/wiki\/Erl-Br%C3%A4u"],"legalName":"Erl-Br\u00e4u GmbH & Co. KG","description":"Bayerische Privatbrauerei in Geiselh\u00f6ring. Handwerklich gebraute Erlk\u00f6nig-Biere seit 1871 \u2013 Hell, Weisse, Festbier, Imperator und mehr.","foundingDate":"1871","telephone":"+49942394170","address":{"@type":"PostalAddress","streetAddress":"Straubinger Stra\u00dfe 10","addressLocality":"Geiselh\u00f6ring","postalCode":"94333","addressRegion":"BY","addressCountry":"DE"},"contactPoint":{"@type":"ContactPoint","telephone":"+49942394170","contactType":"customer service","availableLanguage":"de","areaServed":"DE"},"knowsAbout":["Bierbrauen","Bayerisches Bier","Hefeweizen","Helles","Doppelbock","Festbier","Privatbrauerei","Bayerisches Reinheitsgebot"],"areaServed":{"@type":"AdministrativeArea","name":"Niederbayern"}}]}},"jetpack-related-posts":[],"jetpack_sharing_enabled":true,"_links":{"self":[{"href":"https:\/\/www.erl-braeu.de\/brauerei\/wp-json\/wp\/v2\/pages\/107","targetHints":{"allow":["GET"]}}],"collection":[{"href":"https:\/\/www.erl-braeu.de\/brauerei\/wp-json\/wp\/v2\/pages"}],"about":[{"href":"https:\/\/www.erl-braeu.de\/brauerei\/wp-json\/wp\/v2\/types\/page"}],"author":[{"embeddable":true,"href":"https:\/\/www.erl-braeu.de\/brauerei\/wp-json\/wp\/v2\/users\/1"}],"replies":[{"embeddable":true,"href":"https:\/\/www.erl-braeu.de\/brauerei\/wp-json\/wp\/v2\/comments?post=107"}],"version-history":[{"count":4,"href":"https:\/\/www.erl-braeu.de\/brauerei\/wp-json\/wp\/v2\/pages\/107\/revisions"}],"predecessor-version":[{"id":19276,"href":"https:\/\/www.erl-braeu.de\/brauerei\/wp-json\/wp\/v2\/pages\/107\/revisions\/19276"}],"wp:attachment":[{"href":"https:\/\/www.erl-braeu.de\/brauerei\/wp-json\/wp\/v2\/media?parent=107"}],"curies":[{"name":"wp","href":"https:\/\/api.w.org\/{rel}","templated":true}]}}